{"id":1945,"date":"2022-06-30T17:18:56","date_gmt":"2022-06-30T15:18:56","guid":{"rendered":"https:\/\/lesaffrepoland.projetusineasites.fr\/?page_id=1945"},"modified":"2024-04-16T11:53:30","modified_gmt":"2024-04-16T09:53:30","slug":"about-us","status":"publish","type":"page","link":"https:\/\/www.lesaffre.pl\/en\/about-us\/","title":{"rendered":"O nas"},"content":{"rendered":"<p>BAKING WITH LESAFFRE<\/p>\n<h1>O NAS<\/h1>\n<p>\t\t\t\t\t\t\t\t\t\t\t\t\t<img decoding=\"async\" width=\"5\" height=\"101\" src=\"http:\/\/lesaffre.pl\/wp-content\/uploads\/sites\/29\/2022\/05\/ligne.png\" alt=\"\" \/>\t\t\t\t\t\t\t\t\t\t\t\t\t<\/p>\n<h2>BAKing with lesaffre<br \/> NASZA MIsja<\/h2>\n<p>PONAD 170 lat<br \/>do\u015bwiadczenia<\/p>\n<p>For more than a century, we have been pioneers in our industry, motivated by a strong sense of curiosity and committed to constant innovation. As innovators, we are on a constant quest for excellence: to guarantee efficient, cutting-edge fermentation solutions that respond to our clients\u2019 biggest challenges.<\/p>\n<p>dowiedz si\u0119 wi\u0119cej<br \/>o naszej historii<\/p>\n<p>50 Baking center\u00a0<br \/>na ca\u0142ym \u015bwiecie<\/p>\n<p>For more than a century, we have been pioneers in our industry, motivated by a strong sense of curiosity and committed to constant innovation. As innovators, we are on a constant quest for excellence: to guarantee efficient, cutting-edge fermentation solutions that respond to our clients\u2019 biggest challenges.<\/p>\n<p>DOWIEDZ SI\u0118 WI\u0118CEJ<br style=\"letter-spacing: 0.65px;background-color: #ffffff\" \/>O NASZEJ HISTORIi<\/p>\n<p>70 zak\u0142ad\u00f3w produkcyjnych<br \/>dla dro\u017cd\u017cy &amp; dodatk\u00f3w piekarskich<\/p>\n<p>For more than a century, we have been pioneers in our industry, motivated by a strong sense of curiosity and committed to constant innovation. As innovators, we are on a constant quest for excellence: to guarantee efficient, cutting-edge fermentation solutions that respond to our clients\u2019 biggest challenges.<\/p>\n<p>DOWIEDZ SI\u0118 WI\u0118CEJ<br style=\"letter-spacing: 0.65px;background-color: #ffffff\" \/>O NASZEJ HISTORiI<\/p>\n<h2>jeden na trzy bochenki chleba na \u015bwiecie jest wytworzony na dro\u017cd\u017cach od Lesaffre<\/h2>\n<p>Nasze gotowe lub szyte na miar\u0119 rozwi\u0105zania umo\u017cliwiaj\u0105 piekarzom rzemie\u015blniczym i przemys\u0142owym z ca\u0142ego \u015bwiata produkowanie lepszego chleba z wi\u0119ksz\u0105 \u0142atwo\u015bci\u0105. Dodatkowo, te rozwi\u0105zania zawieraj\u0105 wiele cennych moleku\u0142, kt\u00f3re tworz\u0105 unikatowe profile smakowe w r\u00f3\u017cnorodnych rodzajach pieczywa.<\/p>\n<p>\t\t\t<a href=\"#\"><br \/>\n\t\t\t\t.st0{fill:none;stroke:#A17234;stroke-width:3;stroke-linecap:round;stroke-dasharray:0.1,8;}\t.st1{fill-rule:evenodd;clip-rule:evenodd;fill:#A17234;stroke:#A17234;}\t\t\t<\/a><\/p>\n<p>wi\u0119cej o naszych sk\u0142adnikach<\/p>\n<h2><b>TWOJA MISJA<\/b> KREUJE TRENDY PRZYSZ\u0141O\u015a\u0106I<\/h2>\n<p>Czerpiemy z wyj\u0105tkowych umiej\u0119tno\u015bci naszych utalentowanych ludzi i naszego wieloletniego do\u015bwiadczenia.<\/p>\n<p>\t\t\t<a href=\"#\"><br \/>\n\t\t\t\t\t\t<\/a><\/p>\n<p>dowiedz si\u0119 wi\u0119cej&nbsp;<\/p>\n<p>o pracy w lesaffre<\/p>\n<p>\t\t\t<a href=\"#\"><br \/>\n\t\t\t\t\t\t<\/a><\/p>\n<p>sprawd\u017a oferty pracy\u00a0<\/p>\n<p>w twoim regionie<\/p>\n<h2>join the<br \/>mission that<br \/>\n<br \/>fuels our<br \/>our passion <\/h2>\n<p>\t\t\t\t\t\t\t\t\t\t\t\t\t<img decoding=\"async\" width=\"5\" height=\"101\" src=\"http:\/\/lesaffre.pl\/wp-content\/uploads\/sites\/29\/2022\/05\/ligne.png\" alt=\"\" \/>\t\t\t\t\t\t\t\t\t\t\t\t\t<\/p>\n<h2>our commitments to<br \/>\ngive you the keys of<br \/>\nbaking success<\/h2>\n<p>\t\t\t<a href=\"#\"><br \/>\n\t\t\t\t.st0{fill:none;stroke:#A17234;stroke-width:3;stroke-linecap:round;stroke-dasharray:0.1,8;}\t.st1{fill-rule:evenodd;clip-rule:evenodd;fill:#A17234;stroke:#A17234;}\t\t\t<\/a><\/p>\n<p>discover our<br \/>commitments<\/p>\n<figure><img decoding=\"async\" src=\"http:\/\/lesaffre.pl\/wp-content\/uploads\/sites\/29\/2022\/09\/bake-it-smart.jpg\" alt=\"A price that suits everyone\" \/><\/figure>\n<figure><img decoding=\"async\" src=\"http:\/\/lesaffre.pl\/wp-content\/uploads\/sites\/29\/2022\/09\/bake-it-safe.jpg\" alt=\"Keep people safe\" \/><\/figure>\n<figure><img decoding=\"async\" src=\"http:\/\/lesaffre.pl\/wp-content\/uploads\/sites\/29\/2022\/09\/bake-it-easy.jpg\" alt=\"Making things simple\" \/><\/figure>\n<figure><img decoding=\"async\" src=\"http:\/\/lesaffre.pl\/wp-content\/uploads\/sites\/29\/2022\/09\/bake-for-smile.jpg\" alt=\"Make taste a priority\" \/><\/figure>\n<figure><img decoding=\"async\" src=\"http:\/\/lesaffre.pl\/wp-content\/uploads\/sites\/29\/2022\/09\/bake-for-good.jpg\" alt=\"For a more sustainable world\" \/><\/figure>\n<figure><img decoding=\"async\" src=\"http:\/\/lesaffre.pl\/wp-content\/uploads\/sites\/29\/2022\/09\/bake-for-care.jpg\" alt=\"Let&#039;s look after ourselves\" \/><\/figure>\n","protected":false},"excerpt":{"rendered":"<p>BAKING WITH LESAFFRE O NAS BAKing with lesaffre NASZA MIsja PONAD 170 latdo\u015bwiadczenia For more than a century, we have been pioneers in our industry, motivated by a strong sense of curiosity and committed to constant innovation. As innovators, we are on a constant quest for excellence: to guarantee efficient, cutting-edge fermentation solutions that respond [&hellip;]<\/p>\n","protected":false},"author":1,"featured_media":0,"parent":0,"menu_order":0,"comment_status":"closed","ping_status":"closed","template":"elementor_header_footer","meta":{"_acf_changed":false,"inline_featured_image":false,"footnotes":""},"class_list":["post-1945","page","type-page","status-publish","hentry"],"acf":[],"yoast_head":"<!-- This site is optimized with the Yoast SEO plugin v27.5 - https:\/\/yoast.com\/product\/yoast-seo-wordpress\/ -->\n<title>O nas - Lesaffre Poland<\/title>\n<meta name=\"robots\" content=\"index, follow, max-snippet:-1, max-image-preview:large, max-video-preview:-1\" \/>\n<link rel=\"canonical\" href=\"https:\/\/www.lesaffre.pl\/en\/about-us\/\" \/>\n<meta property=\"og:locale\" content=\"en_US\" \/>\n<meta property=\"og:type\" content=\"article\" \/>\n<meta property=\"og:title\" content=\"O nas - Lesaffre Poland\" \/>\n<meta property=\"og:description\" content=\"BAKING WITH LESAFFRE O NAS BAKing with lesaffre NASZA MIsja PONAD 170 latdo\u015bwiadczenia For more than a century, we have been pioneers in our industry, motivated by a strong sense of curiosity and committed to constant innovation. As innovators, we are on a constant quest for excellence: to guarantee efficient, cutting-edge fermentation solutions that respond [&hellip;]\" \/>\n<meta property=\"og:url\" content=\"https:\/\/www.lesaffre.pl\/en\/about-us\/\" \/>\n<meta property=\"og:site_name\" content=\"Lesaffre Poland\" \/>\n<meta property=\"article:modified_time\" content=\"2024-04-16T09:53:30+00:00\" \/>\n<meta property=\"og:image\" content=\"http:\/\/lesaffre.pl\/wp-content\/uploads\/sites\/29\/2022\/05\/ligne.png\" \/>\n<meta name=\"twitter:card\" content=\"summary_large_image\" \/>\n<meta name=\"twitter:label1\" content=\"Est. reading time\" \/>\n\t<meta name=\"twitter:data1\" content=\"3 minutes\" \/>\n<script type=\"application\/ld+json\" class=\"yoast-schema-graph\">{\"@context\":\"https:\\\/\\\/schema.org\",\"@graph\":[{\"@type\":\"WebPage\",\"@id\":\"https:\\\/\\\/www.lesaffre.pl\\\/en\\\/about-us\\\/\",\"url\":\"https:\\\/\\\/www.lesaffre.pl\\\/en\\\/about-us\\\/\",\"name\":\"O nas - Lesaffre Poland\",\"isPartOf\":{\"@id\":\"https:\\\/\\\/www.lesaffre.pl\\\/#website\"},\"primaryImageOfPage\":{\"@id\":\"https:\\\/\\\/www.lesaffre.pl\\\/en\\\/about-us\\\/#primaryimage\"},\"image\":{\"@id\":\"https:\\\/\\\/www.lesaffre.pl\\\/en\\\/about-us\\\/#primaryimage\"},\"thumbnailUrl\":\"http:\\\/\\\/lesaffre.pl\\\/wp-content\\\/uploads\\\/sites\\\/29\\\/2022\\\/05\\\/ligne.png\",\"datePublished\":\"2022-06-30T15:18:56+00:00\",\"dateModified\":\"2024-04-16T09:53:30+00:00\",\"breadcrumb\":{\"@id\":\"https:\\\/\\\/www.lesaffre.pl\\\/en\\\/about-us\\\/#breadcrumb\"},\"inLanguage\":\"en-US\",\"potentialAction\":[{\"@type\":\"ReadAction\",\"target\":[\"https:\\\/\\\/www.lesaffre.pl\\\/en\\\/about-us\\\/\"]}]},{\"@type\":\"ImageObject\",\"inLanguage\":\"en-US\",\"@id\":\"https:\\\/\\\/www.lesaffre.pl\\\/en\\\/about-us\\\/#primaryimage\",\"url\":\"http:\\\/\\\/lesaffre.pl\\\/wp-content\\\/uploads\\\/sites\\\/29\\\/2022\\\/05\\\/ligne.png\",\"contentUrl\":\"http:\\\/\\\/lesaffre.pl\\\/wp-content\\\/uploads\\\/sites\\\/29\\\/2022\\\/05\\\/ligne.png\"},{\"@type\":\"BreadcrumbList\",\"@id\":\"https:\\\/\\\/www.lesaffre.pl\\\/en\\\/about-us\\\/#breadcrumb\",\"itemListElement\":[{\"@type\":\"ListItem\",\"position\":1,\"name\":\"Home\",\"item\":\"https:\\\/\\\/www.lesaffre.pl\\\/\"},{\"@type\":\"ListItem\",\"position\":2,\"name\":\"O nas\"}]},{\"@type\":\"WebSite\",\"@id\":\"https:\\\/\\\/www.lesaffre.pl\\\/#website\",\"url\":\"https:\\\/\\\/www.lesaffre.pl\\\/\",\"name\":\"Lesaffre Poland\",\"description\":\"\",\"publisher\":{\"@id\":\"https:\\\/\\\/www.lesaffre.pl\\\/#organization\"},\"potentialAction\":[{\"@type\":\"SearchAction\",\"target\":{\"@type\":\"EntryPoint\",\"urlTemplate\":\"https:\\\/\\\/www.lesaffre.pl\\\/?s={search_term_string}\"},\"query-input\":{\"@type\":\"PropertyValueSpecification\",\"valueRequired\":true,\"valueName\":\"search_term_string\"}}],\"inLanguage\":\"en-US\"},{\"@type\":\"Organization\",\"@id\":\"https:\\\/\\\/www.lesaffre.pl\\\/#organization\",\"name\":\"Lesaffre Poland\",\"url\":\"https:\\\/\\\/www.lesaffre.pl\\\/\",\"logo\":{\"@type\":\"ImageObject\",\"inLanguage\":\"en-US\",\"@id\":\"https:\\\/\\\/www.lesaffre.pl\\\/#\\\/schema\\\/logo\\\/image\\\/\",\"url\":\"https:\\\/\\\/www.lesaffre.pl\\\/wp-content\\\/uploads\\\/sites\\\/29\\\/2022\\\/03\\\/logo.svg\",\"contentUrl\":\"https:\\\/\\\/www.lesaffre.pl\\\/wp-content\\\/uploads\\\/sites\\\/29\\\/2022\\\/03\\\/logo.svg\",\"width\":97,\"height\":98,\"caption\":\"Lesaffre Poland\"},\"image\":{\"@id\":\"https:\\\/\\\/www.lesaffre.pl\\\/#\\\/schema\\\/logo\\\/image\\\/\"}}]}<\/script>\n<!-- \/ Yoast SEO plugin. -->","yoast_head_json":{"title":"O nas - Lesaffre Poland","robots":{"index":"index","follow":"follow","max-snippet":"max-snippet:-1","max-image-preview":"max-image-preview:large","max-video-preview":"max-video-preview:-1"},"canonical":"https:\/\/www.lesaffre.pl\/en\/about-us\/","og_locale":"en_US","og_type":"article","og_title":"O nas - Lesaffre Poland","og_description":"BAKING WITH LESAFFRE O NAS BAKing with lesaffre NASZA MIsja PONAD 170 latdo\u015bwiadczenia For more than a century, we have been pioneers in our industry, motivated by a strong sense of curiosity and committed to constant innovation. As innovators, we are on a constant quest for excellence: to guarantee efficient, cutting-edge fermentation solutions that respond [&hellip;]","og_url":"https:\/\/www.lesaffre.pl\/en\/about-us\/","og_site_name":"Lesaffre Poland","article_modified_time":"2024-04-16T09:53:30+00:00","og_image":[{"url":"http:\/\/lesaffre.pl\/wp-content\/uploads\/sites\/29\/2022\/05\/ligne.png","type":"","width":"","height":""}],"twitter_card":"summary_large_image","twitter_misc":{"Est. reading time":"3 minutes"},"schema":{"@context":"https:\/\/schema.org","@graph":[{"@type":"WebPage","@id":"https:\/\/www.lesaffre.pl\/en\/about-us\/","url":"https:\/\/www.lesaffre.pl\/en\/about-us\/","name":"O nas - Lesaffre Poland","isPartOf":{"@id":"https:\/\/www.lesaffre.pl\/#website"},"primaryImageOfPage":{"@id":"https:\/\/www.lesaffre.pl\/en\/about-us\/#primaryimage"},"image":{"@id":"https:\/\/www.lesaffre.pl\/en\/about-us\/#primaryimage"},"thumbnailUrl":"http:\/\/lesaffre.pl\/wp-content\/uploads\/sites\/29\/2022\/05\/ligne.png","datePublished":"2022-06-30T15:18:56+00:00","dateModified":"2024-04-16T09:53:30+00:00","breadcrumb":{"@id":"https:\/\/www.lesaffre.pl\/en\/about-us\/#breadcrumb"},"inLanguage":"en-US","potentialAction":[{"@type":"ReadAction","target":["https:\/\/www.lesaffre.pl\/en\/about-us\/"]}]},{"@type":"ImageObject","inLanguage":"en-US","@id":"https:\/\/www.lesaffre.pl\/en\/about-us\/#primaryimage","url":"http:\/\/lesaffre.pl\/wp-content\/uploads\/sites\/29\/2022\/05\/ligne.png","contentUrl":"http:\/\/lesaffre.pl\/wp-content\/uploads\/sites\/29\/2022\/05\/ligne.png"},{"@type":"BreadcrumbList","@id":"https:\/\/www.lesaffre.pl\/en\/about-us\/#breadcrumb","itemListElement":[{"@type":"ListItem","position":1,"name":"Home","item":"https:\/\/www.lesaffre.pl\/"},{"@type":"ListItem","position":2,"name":"O nas"}]},{"@type":"WebSite","@id":"https:\/\/www.lesaffre.pl\/#website","url":"https:\/\/www.lesaffre.pl\/","name":"Lesaffre Poland","description":"","publisher":{"@id":"https:\/\/www.lesaffre.pl\/#organization"},"potentialAction":[{"@type":"SearchAction","target":{"@type":"EntryPoint","urlTemplate":"https:\/\/www.lesaffre.pl\/?s={search_term_string}"},"query-input":{"@type":"PropertyValueSpecification","valueRequired":true,"valueName":"search_term_string"}}],"inLanguage":"en-US"},{"@type":"Organization","@id":"https:\/\/www.lesaffre.pl\/#organization","name":"Lesaffre Poland","url":"https:\/\/www.lesaffre.pl\/","logo":{"@type":"ImageObject","inLanguage":"en-US","@id":"https:\/\/www.lesaffre.pl\/#\/schema\/logo\/image\/","url":"https:\/\/www.lesaffre.pl\/wp-content\/uploads\/sites\/29\/2022\/03\/logo.svg","contentUrl":"https:\/\/www.lesaffre.pl\/wp-content\/uploads\/sites\/29\/2022\/03\/logo.svg","width":97,"height":98,"caption":"Lesaffre Poland"},"image":{"@id":"https:\/\/www.lesaffre.pl\/#\/schema\/logo\/image\/"}}]}},"_links":{"self":[{"href":"https:\/\/www.lesaffre.pl\/en\/wp-json\/wp\/v2\/pages\/1945","targetHints":{"allow":["GET"]}}],"collection":[{"href":"https:\/\/www.lesaffre.pl\/en\/wp-json\/wp\/v2\/pages"}],"about":[{"href":"https:\/\/www.lesaffre.pl\/en\/wp-json\/wp\/v2\/types\/page"}],"author":[{"embeddable":true,"href":"https:\/\/www.lesaffre.pl\/en\/wp-json\/wp\/v2\/users\/1"}],"replies":[{"embeddable":true,"href":"https:\/\/www.lesaffre.pl\/en\/wp-json\/wp\/v2\/comments?post=1945"}],"version-history":[{"count":33,"href":"https:\/\/www.lesaffre.pl\/en\/wp-json\/wp\/v2\/pages\/1945\/revisions"}],"predecessor-version":[{"id":2802,"href":"https:\/\/www.lesaffre.pl\/en\/wp-json\/wp\/v2\/pages\/1945\/revisions\/2802"}],"wp:attachment":[{"href":"https:\/\/www.lesaffre.pl\/en\/wp-json\/wp\/v2\/media?parent=1945"}],"curies":[{"name":"wp","href":"https:\/\/api.w.org\/{rel}","templated":true}]}}