{"id":8114,"date":"2025-12-01T10:48:14","date_gmt":"2025-12-01T08:48:14","guid":{"rendered":"https:\/\/lesaffrepoland.projetusineasites.fr\/polityka-prywatnosci-aplikacja-mobilna\/"},"modified":"2025-12-01T16:44:36","modified_gmt":"2025-12-01T14:44:36","slug":"polityka-prywatnosci-aplikacja-mobilna","status":"publish","type":"page","link":"https:\/\/www.lesaffre.pl\/en\/polityka-prywatnosci-aplikacja-mobilna\/","title":{"rendered":"Polityka prywatno\u015bci &#8211; Aplikacja Mobilna"},"content":{"rendered":"\t\t<div data-elementor-type=\"wp-page\" data-elementor-id=\"8114\" class=\"elementor elementor-8114 elementor-8071\" data-elementor-post-type=\"page\">\n\t\t\t\t\t\t<section class=\"has_eae_slider elementor-section elementor-top-section elementor-element elementor-element-5729cfd5 elementor-section-full_width elementor-section-height-min-height elementor-section-height-default elementor-section-items-middle\" data-eae-slider=\"95898\" data-id=\"5729cfd5\" data-element_type=\"section\" data-e-type=\"section\" data-settings=\"{&quot;background_background&quot;:&quot;classic&quot;}\">\n\t\t\t\t\t\t\t<div class=\"elementor-background-overlay\"><\/div>\n\t\t\t\t\t\t\t<div class=\"elementor-container elementor-column-gap-no\">\n\t\t\t\t\t<div class=\"has_eae_slider elementor-column elementor-col-100 elementor-top-column elementor-element elementor-element-126a8ee2\" data-eae-slider=\"30294\" data-id=\"126a8ee2\" data-element_type=\"column\" data-e-type=\"column\" data-settings=\"{&quot;background_background&quot;:&quot;classic&quot;}\">\n\t\t\t<div class=\"elementor-widget-wrap elementor-element-populated\">\n\t\t\t\t<div class=\"has_eae_slider elementor-element elementor-element-22c054f5 e-con-full e-flex e-con e-parent\" data-eae-slider=\"3072\" data-id=\"22c054f5\" data-element_type=\"container\" data-e-type=\"container\">\n\t\t\t\t<div class=\"elementor-element elementor-element-67bc99a0 elementor-widget elementor-widget-heading\" data-id=\"67bc99a0\" data-element_type=\"widget\" data-e-type=\"widget\" data-widget_type=\"heading.default\">\n\t\t\t\t<div class=\"elementor-widget-container\">\n\t\t\t\t\t<h1 class=\"elementor-heading-title elementor-size-default\">Polityka prywatno\u015bci &#8211; Aplikacja Mobilna<\/h1>\t\t\t\t<\/div>\n\t\t\t\t<\/div>\n\t\t\t\t<\/div>\n\t\t\t\t\t<\/div>\n\t\t<\/div>\n\t\t\t\t\t<\/div>\n\t\t<\/section>\n\t\t<div class=\"has_eae_slider elementor-element elementor-element-4401d79 e-flex e-con-boxed e-con e-parent\" data-eae-slider=\"59157\" data-id=\"4401d79\" data-element_type=\"container\" data-e-type=\"container\">\n\t\t\t\t\t<div class=\"e-con-inner\">\n\t\t\t\t<div class=\"elementor-element elementor-element-b50f820 elementor-widget elementor-widget-text-editor\" data-id=\"b50f820\" data-element_type=\"widget\" data-e-type=\"widget\" data-widget_type=\"text-editor.default\">\n\t\t\t\t<div class=\"elementor-widget-container\">\n\t\t\t\t\t\t\t\t\t<h4><strong>POLITYKA PRYWATNO\u015aCI<\/strong><\/h4><h5><strong>I. Kto zbiera moje dane osobowe.<\/strong><\/h5><ol><li>Administratorem podanych przez Ciebie danych osobowych jest Lesaffre Polska S.A. z siedzib\u0105 w Wo\u0142czynie, adres ul. Dworcowa 36. wpisana do rejestru przedsi\u0119biorc\u00f3w KRS pod numerem 0000224921.  <br><br><\/li><li><span style=\"font-size: 1rem\">Je\u017celi masz pytania dotycz\u0105ce Polityki Prywatno\u015bci lub og\u00f3lnie dotycz\u0105ce ochrony danych osobowych, napisz do nas na adres: <\/span><a class=\"mail-hash\" style=\"background-color: #ffffff;font-size: 1rem\" href=\"mailto:marketing.lesaffre.pl@lesaffre.com\" data-name=\"marketing.lesaffre.pl\" data-domain=\"lesaffre.com\">marketing.lesaffre.pl@lesaffre.com<\/a><span style=\"font-size: 1rem\"><span style=\"font-size: 1rem\"> lub na nasz adres pocztowy podany w punkcie 1 powy\u017cej.<br><br><\/span><\/span><\/li><\/ol><h5><strong>II. Do kogo skierowana jest Polityka prywatno\u015bci? <\/strong><\/h5><ol><li>Lesaffre Polska S.A. (okre\u015blana dalej jako \u201eLesaffre\u201d albo \u201eSp\u00f3\u0142ka\u201d) przywi\u0105zuje szczeg\u00f3ln\u0105 uwag\u0119 do prywatno\u015bci u\u017cytkownik\u00f3w korzystaj\u0105cych z aplikacji mobilnej \u201eDro\u017cd\u017ce Babuni\u201d (dalej \u201eAplikacja\u201d). Je\u017celi korzystasz z Aplikacja, Polityka Prywatno\u015bci skierowana jest w\u0142a\u015bnie do Ciebie. <br><br><\/li><li><span style=\"font-size: 1rem\"><span style=\"font-size: 1rem\">W Polityce Prywatno\u015bci znajdziesz informacje w jaki spos\u00f3b korzystamy z udost\u0119pnionych nam przez Ciebie danych osobowych, w jaki spos\u00f3b je zabezpieczamy oraz jakie przys\u0142uguj\u0105 Ci prawa i obowi\u0105zki. Polityka Prywatno\u015bci ma zastosowanie do wszystkich przypadk\u00f3w, w kt\u00f3rych Sp\u00f3\u0142ka jest administratorem danych osobowych i przetwarza dane osobowe w zwi\u0105zku z korzystaniem z Aplikacji. <\/span><\/span> <br><br><\/li><\/ol><h5><strong>III. W jaki spos\u00f3b zbierane s\u0105 dane osobowe? <\/strong><\/h5><ol><li>Dane osobowe oznaczaj\u0105 informacje o zidentyfikowanej lub mo\u017cliwej do zidentyfikowania osobie fizycznej. Sama instalacja Aplikacji lub zwyk\u0142e korzystanie z Aplikacji, tj. bez za\u0142o\u017cenia konta u\u017cytkownika umo\u017cliwiaj\u0105cego logowanie w Aplikacji oraz dost\u0119p do wszystkich funkcjonalno\u015bci Aplikacji, nie wymaga podania od Ciebie \u017cadnych innych informacji, ani danych osobowych. Dopiero przy okazji za\u0142o\u017cenia konta u\u017cytkownika, logowania do Aplikacji oraz korzystania z niej, zbierane s\u0105 dane umo\u017cliwiaj\u0105ce zapami\u0119tanie w Aplikacji Twoich danych osobowych celem dogodniejszego korzystania z Aplikacji, w tym umo\u017cliwiaj\u0105 korzystanie z funkcjonalno\u015bci niedost\u0119pnych dla u\u017cytkownik\u00f3w nie posiadaj\u0105cych konta u\u017cytkownika.   <br><br><\/li><li>Je\u015bli korzystasz z Aplikacji to dane o Tobie, jako u\u017cytkowniku, zbierane s\u0105 na dwa sposoby:<ul><li>bezpo\u015brednio &#8211; s\u0105 to wszystkie dane, kt\u00f3re przekazujesz dobrowolnie w zwi\u0105zku z rejestracj\u0105 konta u\u017cytkownika poprzez adres e-mail lub poprzez Twoje konto Google albo Facebook, a tak\u017ce w zwi\u0105zku z aktywno\u015bci\u0105 w Aplikacji np. wpisanie w sekcji komentarze imienia i pseudonimu, aby doda\u0107 komentarze i zdj\u0119cia swoich wypiek\u00f3w lub poprzez ocen\u0119 przepisu poprzez tzw. klikni\u0119cie w panelu rankingu, czyli aktywno\u015bci w Aplikacji na zasadzie polubie\u0144, dane przekazane w zwi\u0105zku ze zg\u0142oszeniem ambasadorskim (zosta\u0144 ambasadorem Dro\u017cd\u017cy Babuni), lub w celu napisania wiadomo\u015bci bezpo\u015brednio do marki Dro\u017cd\u017ce Babuni, przekazania swoich danych osobowych np. imienia i nazwiska, w mailu wys\u0142anym na adres: <a class=\"mail-hash\" href=\"mailto:drozdzebabuni.lesaffre.pl@lesaffre.com\" data-name=\"drozdzebabuni.lesaffre.pl\" data-domain=\"lesaffre.com\">drozdzebabuni.lesaffre.pl@lesaffre.com<\/a>, itd. <\/li><li>po\u015brednio &#8211; s\u0105 to wszystkie Twoje dane zbierane automatycznie przez program do analizy zachowa\u0144 u\u017cytkownik\u00f3w Aplikacji (Google Analytics 4) oraz przez program Firebase Crashlytics s\u0142u\u017c\u0105cy do raportowania awarii w Aplikacji.<br><br><\/li><\/ul><\/li><\/ol><ol start=\"3\"><li>Sp\u00f3\u0142ka, w zwi\u0105zku z korzystaniem przez Ciebie z Aplikacji mo\u017ce gromadzi\u0107 dane identyfikuj\u0105ce (jak np. adres e-mail, imi\u0119, zdj\u0119cie profilowe) i nieidentyfikuj\u0105ce. Zwracamy jednocze\u015bnie uwag\u0119, \u017ce zar\u00f3wno komentarze, zdj\u0119cia, jak i podane przez Ciebie imiona\/pseudonimy, podlegaj\u0105 weryfikacji oraz moderacji przez Administratora, w celu korekt stylistycznych i zapobieganiu dzia\u0142aniom sprzecznym z szeroko poj\u0119t\u0105 netykiet\u0105 oraz z zasadami wsp\u00f3\u0142\u017cycia spo\u0142ecznego.  <\/li><\/ol><h5><strong>IV. W jakim celu zbierane s\u0105 dane osobowe i jak d\u0142ugo s\u0105 przechowywane? <br><br><\/strong><\/h5><ol><li>Twoje dane osobowe s\u0105 zbierane w zwi\u0105zku z prawnie uzasadnionymi interesami Lesaffre, w zakresie niezb\u0119dnym do osi\u0105gni\u0119cia cel\u00f3w, w kt\u00f3rych s\u0105 przetwarzane. Zasadniczym celem Sp\u00f3\u0142ki w gromadzeniu i przetwarzaniu informacji nieumo\u017cliwiaj\u0105cych identyfikacji, jest ch\u0119\u0107 lepszego zrozumienia oczekiwa\u0144 u\u017cytkownik\u00f3w korzystaj\u0105cych z Aplikacji, optymalizacji jej funkcji i zawarto\u015bci. <br><br><\/li><li>Twoje dane osobowe mo\u017cemy zbiera\u0107 i p\u00f3\u017aniej dalej przetwarza\u0107 w celach:<ul><li>\u015bwiadczenia us\u0142ugi drog\u0105 elektroniczn\u0105, tj. zapewnienia u\u017cytkownikom Aplikacji i dost\u0119pno\u015bci us\u0142ug jakie ona umo\u017cliwia \u2013 podstaw\u0105 prawn\u0105 przetwarzania danych osobowych jest art. 6 ust. 1 lit b) Rozporz\u0105dzenia Parlamentu Europejskiego i Rady (UE) 2016\/679 z dnia 27 kwietnia 2016 r. w sprawie ochrony os\u00f3b fizycznych w zwi\u0105zku z przetwarzaniem danych osobowych i w sprawie swobodnego przep\u0142ywu takich danych oraz uchylenia dyrektywy 95\/46\/WE (\u201eRODO\u201d);    <\/li><li>zarz\u0105dzanie relacjami z u\u017cytkownikami Aplikacji, w tym zbieranie informacji zwrotnych np. poprzez ankiety zadowolenia lub wiadomo\u015bci wysy\u0142ane bezpo\u015brednio do marki, co umo\u017cliwia rozw\u00f3j produkt\u00f3w i us\u0142ug, w zwi\u0105zku z uzasadnionym interesem Sp\u00f3\u0142ki &#8211; podstaw\u0105 prawn\u0105 przetwarzania danych osobowych jest art. 6 ust. 1 lit. f) RODO;  <\/li><li>marketing bezpo\u015bredni (w\u0142asny) Dro\u017cd\u017cy Babuni i us\u0142ug Sp\u00f3\u0142ki, jak r\u00f3wnie\u017c zarz\u0105dzania wewn\u0119trznego w celu ulepszenia Aplikacji i zapewnienia jej bezpiecze\u0144stwa oraz poprawnego dzia\u0142ania, w tym analizowania, segmentacji i tworzenia statystyk dla cel\u00f3w wskazanych powy\u017cej \u2013 co jest uzasadnionym interesem Sp\u00f3\u0142ki; podstaw\u0105 prawn\u0105 przetwarzania jest art. 6 ust. 1 lit. f) RODO.  <br><br><\/li><\/ul><\/li><li>Dane nie s\u0105 wykorzystywane do zautomatyzowanego podejmowania decyzji.<br><br><\/li><li>Twoje dane s\u0105 przetwarzane przez r\u00f3\u017cny okres. Dane osobowe b\u0119d\u0105 przechowywane lub przetwarzane przez okres obowi\u0105zywania umowy, tj. przez okres istnienia Aplikacji na smartfonie, a po tym okresie mog\u0105 by\u0107 przechowywane przez okres okre\u015blony w przepisach prawa np. do czasu przedawnienia ewentualnych roszcze\u0144 Lesaffre wobec u\u017cytkownika lub u\u017cytkownika aplikacji wobec Lesaffre, okre\u015blony w przepisach powszechnie obowi\u0105zuj\u0105cego prawa. W zakresie, w jakim dane osobowe by\u0142yby zbierane na podstawie zgody, dane osobowe b\u0119d\u0105 przechowywane lub przetwarzane do momentu wycofania zgody przez u\u017cytkowania, bez wp\u0142ywu na zgodno\u015b\u0107 z prawem przetwarzania dokonanego przed jej wycofaniem.   <br><br><\/li><\/ol><h5><b>V. Jakie technologie stosujemy?<\/b><\/h5><ol><li>Aplikacja umo\u017cliwia, poprzez tzw. klikni\u0119cie w link, przekierowanie u\u017cytkownika na stron\u0119 www. profil Facebook lub Instagram marki Dro\u017cd\u017ce Babuni, gdzie mo\u017cliwe jest uzyskanie informacji o marce, umieszczenie np. post\u00f3w na Facebooku marki. Jako u\u017cytkownik aplikacji Masz r\u00f3wnie\u017c mo\u017cliwo\u015b\u0107 wys\u0142ania e-maila ze zg\u0142oszeniem ambasadorskim lub napisania wiadomo\u015bci e-mail bezpo\u015brednio do marki.   <br><br><\/li><li>Je\u015bli posiadasz konto w serwisie Facebook lub Instagram, zwracamy uwag\u0119 na informacje o ochronie danych i prywatno\u015bci na stronach internetowych: www.facebook.com oraz <a href=\"https:\/\/help.instagram.com\/\">https:\/\/help.instagram.com\/<\/a>.<br><br><\/li><li>Sp\u00f3\u0142ka, za pomoc\u0105 instrumentu w postaci Google Analytics 4, mo\u017ce gromadzi\u0107 anonimowe dane na temat u\u017cytkownik\u00f3w, np. liczb\u0119 u\u017cytkownik\u00f3w korzystaj\u0105cych z Aplikacji, czas trwania sesji, jakie s\u0105 wy\u015bwietlane przepisy, porady, jak cz\u0119sto u\u017cytkownicy korzystaj\u0105 z narz\u0119dzi (minutnik, przeliczniki m\u0105ki i dro\u017cd\u017cy), jacy ambasadorzy s\u0105 najcz\u0119\u015bciej wy\u015bwietlani, jakie aktualno\u015bci s\u0105 najcz\u0119\u015bciej wy\u015bwietlane, jaka jest przybli\u017cona lokalizacja u\u017cytkownik\u00f3w, , system operacyjny, rodzaj urz\u0105dzenia na kt\u00f3rym jest zainstalowana Aplikacja \u2013 co pozwoli okre\u015bli\u0107 Twoje oczekiwania oraz dostosowa\u0107 Aplikacje i jej zawarto\u015b\u0107, jak te\u017c funkcjonalno\u015b\u0107 Aplikacji, do oczekiwa\u0144 u\u017cytkownik\u00f3w Aplikacji. Analityka aktywno\u015bci wszystkich u\u017cytkownik\u00f3w w aplikacji jest realizowana globalnie, dane nie s\u0105 wi\u0105zane z konkretnymi u\u017cytkownikami i ich kontami. <br><br><\/li><li>Lesaffre wykorzystuje r\u00f3wnie\u017c Firebase Crashlytics, kt\u00f3re to narz\u0119dzie s\u0142u\u017cy raportowaniu awarii w Aplikacji w czasie rzeczywistym, kt\u00f3re pochodz\u0105 z urz\u0105dze\u0144 u\u017cytkownik\u00f3w na kt\u00f3rych zainstalowana jest Aplikacja. Dane te stanowi\u0105 jedynie materia\u0142 do analizy statystycznej i mechanizm\u00f3w korygowania b\u0142\u0119d\u00f3w systemowych, co pozwoli usun\u0105\u0107 awarie i zapewni\u0107 funkcjonalno\u015b\u0107 Aplikacji. <br><br><\/li><\/ol><h5><strong>VI. Przekazywanie danych osobowych. <\/strong><\/h5><ol><li>Dane osobowe s\u0105 przeznaczone g\u0142\u00f3wnie dla Lesaffre i jej pracownik\u00f3w. Je\u017celi jest to niezb\u0119dne dla realizacji cel\u00f3w pozyskania, Twoje dane osobowe mog\u0105 by\u0107, zgodnie z przepisami prawa, przekazane innym podmiotom: <ul><li>Dane mog\u0105 zosta\u0107 ujawnione podmiotom trzecim wyznaczonym do \u015bwiadczenia us\u0142ug oferowanych w Aplikacji, podmiotom \u015bwiadcz\u0105cym us\u0142ugi serwisu, rozwoju i utrzymania Aplikacji.<\/li><li>Podmiotom oferuj\u0105cym narz\u0119dzia analityczne i rozwojowe oparte na danych zbieranych automatycznie przez Aplikacj\u0119<\/li><li>W przypadku przeniesienia w\u0142asno\u015bci Aplikacji czy sp\u00f3\u0142ki Lesaffre, dane osobowe u\u017cytkownik\u00f3w Aplikacji mog\u0105 zosta\u0107 przekazane nast\u0119pcy prawnemu Lesaffre lub nowemu w\u0142a\u015bcicielowi Aplikacji.<br><br><\/li><\/ul><\/li><li>Przekazanie danych mo\u017ce odby\u0107 si\u0119 tylko za nasz\u0105 zgod\u0105, na podstawie zawartej umowy i tylko tym, kt\u00f3rzy zapewniaj\u0105, \u017ce Twoje dane b\u0119d\u0105 odpowiednio chronione i przetwarzane zgodnie z prawem. Twoje dane nie b\u0119d\u0105 ujawniane osobom trzecim w celach marketingowych lub reklamowych. <br><br><\/li><\/ol><h5><strong>VII. Czy moje dane osobowe s\u0105 zabezpieczane? <\/strong><\/h5><ol><li>Twoje dane s\u0105 przez nas zabezpieczane, poprzez stosowanie \u015brodk\u00f3w organizacyjnych i technicznych, koniecznych i odpowiednich dla zapobiegni\u0119cia ryzyku naruszenia Twoich praw lub wolno\u015bci. Zabezpieczamy Twoje dane osobowe przed udost\u0119pnieniem ich osobom nieupowa\u017cnionym, a tak\u017ce przed uszkodzeniem lub utrat\u0105. <br><br><\/li><li>Interfejs Programowania Aplikacji, z kt\u00f3rym \u0142\u0105czy si\u0119 Aplikacja, posiada certyfikat SSL. Jednocze\u015bnie Lesaffre informuje, \u017ce \u017caden, nawet najnowszy system zabezpiecze\u0144, nie daje ca\u0142kowitej gwarancji bezpiecze\u0144stwa. Nie zapewnia te\u017c zawsze pe\u0142nego bezpiecze\u0144stwa informacji.  <\/li><\/ol><p> <\/p><h5><strong>VIII. Czy mam dost\u0119p do moich danych? <\/strong><\/h5><ol><li>Pami\u0119taj, \u017ce w ka\u017cdej chwili osobie fizycznej przys\u0142uguje dost\u0119p do jej danych osobowych. Jako osoba fizyczna mo\u017cesz tak\u017ce bezp\u0142atnie otrzyma\u0107 kopi\u0119 posiadanych przez nas Twoich danych osobowych. <br><br><\/li><li>Mo\u017cesz od nas tak\u017ce zawsze uzyska\u0107 informacje na temat: celu przetwarzania Twoich danych, rodzaju przetwarzanych danych, komu przekazujemy Twoje dane, jak d\u0142ugo planujemy przechowywa\u0107 Twoje dane.<br><br><\/li><li>Przys\u0142uguje Ci prawo do sprostowania Twoich danych, usuni\u0119cia lub ograniczenia Twoich danych osobowych, je\u017celi nie s\u0105 ju\u017c nam potrzebne do cel\u00f3w, na kt\u00f3re nam je poda\u0142e\u015b, albo je\u017celi cofn\u0105\u0142e\u015b nam zgod\u0119 na ich przetwarzanie lub wnosisz sprzeciw wobec przetwarzania Twoich danych na cele marketingowe.<br><br><\/li><li>.W przypadku przetwarzania danych osobowych na podstawie zgody, jako osoba fizyczna mo\u017cesz w ka\u017cdej chwili odwo\u0142a\u0107 swoj\u0105 zgod\u0119. Mo\u017cesz odwo\u0142a\u0107 zgod\u0119 poprzez wiadomo\u015b\u0107 mailow\u0105 na adres: <a class=\"mail-hash\" style=\"background-color: #ffffff;font-size: 1rem\" href=\"mailto:marketing.lesaffre.pl@lesaffre.com\" data-name=\"marketing.lesaffre.pl\" data-domain=\"lesaffre.com\">marketing.lesaffre.pl@lesaffre.com<\/a><span style=\"font-size: 1rem\">.<br><br><\/span> <\/li><li>Osoba fizyczna mo\u017ce wnie\u015b\u0107 sprzeciw wobec przetwarzania jej danych osobowych, gdy przetwarzanie danych osobowych odbywa si\u0119 na podstawie prawnie uzasadnionego interesu lub dla cel\u00f3w statystycznych, a sprzeciw jest uzasadniony przez szczeg\u00f3ln\u0105 sytuacj\u0119, w kt\u00f3rej si\u0119 znalaz\u0142a lub gdy dane osobowe przetwarzane s\u0105 na potrzeby marketingu bezpo\u015bredniego, w tym s\u0105 profilowane dla tego celu.<br><br><\/li><\/ol><h5><strong>XII. Postanowienia ko\u0144cowe. <\/strong><\/h5><ol><li>Zasady okre\u015blone w Polityce Prywatno\u015bci podlegaj\u0105 prawu polskiemu.<br><br><\/li><li>Mo\u017cesz zawsze wnie\u015b\u0107 skarg\u0119 na nasze post\u0119powanie z Twoimi danymi osobowymi. Skarg\u0119 sk\u0142ada si\u0119 do Prezesa Urz\u0119du Ochrony Danych Osobowych, ul. Stawki 2, 00-193 Warszawa.  <\/li><\/ol>\t\t\t\t\t\t\t\t<\/div>\n\t\t\t\t<\/div>\n\t\t\t\t\t<\/div>\n\t\t\t\t<\/div>\n\t\t\t\t<\/div>\n\t\t","protected":false},"excerpt":{"rendered":"<p>POLITYKA PRYWATNO\u015aCI I. Kto zbiera moje dane osobowe. Administratorem podanych przez Ciebie danych osobowych jest Lesaffre Polska S.A. z siedzib\u0105 w Wo\u0142czynie, adres ul. Dworcowa 36. wpisana do rejestru przedsi\u0119biorc\u00f3w KRS pod numerem 0000224921. Je\u017celi masz pytania dotycz\u0105ce Polityki Prywatno\u015bci lub og\u00f3lnie dotycz\u0105ce ochrony danych osobowych, napisz do nas na adres: marketing.lesaffre.pl@lesaffre.com lub na nasz [&hellip;]<\/p>\n","protected":false},"author":100,"featured_media":0,"parent":0,"menu_order":0,"comment_status":"closed","ping_status":"closed","template":"","meta":{"_acf_changed":false,"inline_featured_image":false,"footnotes":""},"class_list":["post-8114","page","type-page","status-publish","hentry"],"acf":[],"yoast_head":"<!-- This site is optimized with the Yoast SEO plugin v27.4 - https:\/\/yoast.com\/product\/yoast-seo-wordpress\/ -->\n<title>Polityka prywatno\u015bci - Aplikacja Mobilna - Lesaffre Poland<\/title>\n<meta name=\"robots\" content=\"index, follow, max-snippet:-1, max-image-preview:large, max-video-preview:-1\" \/>\n<link rel=\"canonical\" href=\"https:\/\/www.lesaffre.pl\/polityka-prywatnosci-aplikacja-mobilna\/\" \/>\n<meta property=\"og:locale\" content=\"en_US\" \/>\n<meta property=\"og:type\" content=\"article\" \/>\n<meta property=\"og:title\" content=\"Polityka prywatno\u015bci - Aplikacja Mobilna - Lesaffre Poland\" \/>\n<meta property=\"og:description\" content=\"POLITYKA PRYWATNO\u015aCI I. Kto zbiera moje dane osobowe. Administratorem podanych przez Ciebie danych osobowych jest Lesaffre Polska S.A. z siedzib\u0105 w Wo\u0142czynie, adres ul. Dworcowa 36. wpisana do rejestru przedsi\u0119biorc\u00f3w KRS pod numerem 0000224921. Je\u017celi masz pytania dotycz\u0105ce Polityki Prywatno\u015bci lub og\u00f3lnie dotycz\u0105ce ochrony danych osobowych, napisz do nas na adres: marketing.lesaffre.pl@lesaffre.com lub na nasz [&hellip;]\" \/>\n<meta property=\"og:url\" content=\"https:\/\/www.lesaffre.pl\/polityka-prywatnosci-aplikacja-mobilna\/\" \/>\n<meta property=\"og:site_name\" content=\"Lesaffre Poland\" \/>\n<meta property=\"article:modified_time\" content=\"2025-12-01T14:44:36+00:00\" \/>\n<meta name=\"twitter:card\" content=\"summary_large_image\" \/>\n<meta name=\"twitter:label1\" content=\"Est. reading time\" \/>\n\t<meta name=\"twitter:data1\" content=\"9 minutes\" \/>\n<script type=\"application\/ld+json\" class=\"yoast-schema-graph\">{\"@context\":\"https:\\\/\\\/schema.org\",\"@graph\":[{\"@type\":\"WebPage\",\"@id\":\"https:\\\/\\\/www.lesaffre.pl\\\/polityka-prywatnosci-aplikacja-mobilna\\\/\",\"url\":\"https:\\\/\\\/www.lesaffre.pl\\\/polityka-prywatnosci-aplikacja-mobilna\\\/\",\"name\":\"Polityka prywatno\u015bci - Aplikacja Mobilna - Lesaffre Poland\",\"isPartOf\":{\"@id\":\"https:\\\/\\\/www.lesaffre.pl\\\/#website\"},\"datePublished\":\"2025-12-01T08:48:14+00:00\",\"dateModified\":\"2025-12-01T14:44:36+00:00\",\"breadcrumb\":{\"@id\":\"https:\\\/\\\/www.lesaffre.pl\\\/polityka-prywatnosci-aplikacja-mobilna\\\/#breadcrumb\"},\"inLanguage\":\"en-US\",\"potentialAction\":[{\"@type\":\"ReadAction\",\"target\":[\"https:\\\/\\\/www.lesaffre.pl\\\/polityka-prywatnosci-aplikacja-mobilna\\\/\"]}]},{\"@type\":\"BreadcrumbList\",\"@id\":\"https:\\\/\\\/www.lesaffre.pl\\\/polityka-prywatnosci-aplikacja-mobilna\\\/#breadcrumb\",\"itemListElement\":[{\"@type\":\"ListItem\",\"position\":1,\"name\":\"Home\",\"item\":\"https:\\\/\\\/www.lesaffre.pl\\\/\"},{\"@type\":\"ListItem\",\"position\":2,\"name\":\"Polityka prywatno\u015bci &#8211; Aplikacja Mobilna\"}]},{\"@type\":\"WebSite\",\"@id\":\"https:\\\/\\\/www.lesaffre.pl\\\/#website\",\"url\":\"https:\\\/\\\/www.lesaffre.pl\\\/\",\"name\":\"Lesaffre Poland\",\"description\":\"\",\"publisher\":{\"@id\":\"https:\\\/\\\/www.lesaffre.pl\\\/#organization\"},\"potentialAction\":[{\"@type\":\"SearchAction\",\"target\":{\"@type\":\"EntryPoint\",\"urlTemplate\":\"https:\\\/\\\/www.lesaffre.pl\\\/?s={search_term_string}\"},\"query-input\":{\"@type\":\"PropertyValueSpecification\",\"valueRequired\":true,\"valueName\":\"search_term_string\"}}],\"inLanguage\":\"en-US\"},{\"@type\":\"Organization\",\"@id\":\"https:\\\/\\\/www.lesaffre.pl\\\/#organization\",\"name\":\"Lesaffre Poland\",\"url\":\"https:\\\/\\\/www.lesaffre.pl\\\/\",\"logo\":{\"@type\":\"ImageObject\",\"inLanguage\":\"en-US\",\"@id\":\"https:\\\/\\\/www.lesaffre.pl\\\/#\\\/schema\\\/logo\\\/image\\\/\",\"url\":\"https:\\\/\\\/www.lesaffre.pl\\\/wp-content\\\/uploads\\\/sites\\\/29\\\/2022\\\/03\\\/logo.svg\",\"contentUrl\":\"https:\\\/\\\/www.lesaffre.pl\\\/wp-content\\\/uploads\\\/sites\\\/29\\\/2022\\\/03\\\/logo.svg\",\"width\":97,\"height\":98,\"caption\":\"Lesaffre Poland\"},\"image\":{\"@id\":\"https:\\\/\\\/www.lesaffre.pl\\\/#\\\/schema\\\/logo\\\/image\\\/\"}}]}<\/script>\n<!-- \/ Yoast SEO plugin. -->","yoast_head_json":{"title":"Polityka prywatno\u015bci - Aplikacja Mobilna - Lesaffre Poland","robots":{"index":"index","follow":"follow","max-snippet":"max-snippet:-1","max-image-preview":"max-image-preview:large","max-video-preview":"max-video-preview:-1"},"canonical":"https:\/\/www.lesaffre.pl\/polityka-prywatnosci-aplikacja-mobilna\/","og_locale":"en_US","og_type":"article","og_title":"Polityka prywatno\u015bci - Aplikacja Mobilna - Lesaffre Poland","og_description":"POLITYKA PRYWATNO\u015aCI I. Kto zbiera moje dane osobowe. Administratorem podanych przez Ciebie danych osobowych jest Lesaffre Polska S.A. z siedzib\u0105 w Wo\u0142czynie, adres ul. Dworcowa 36. wpisana do rejestru przedsi\u0119biorc\u00f3w KRS pod numerem 0000224921. Je\u017celi masz pytania dotycz\u0105ce Polityki Prywatno\u015bci lub og\u00f3lnie dotycz\u0105ce ochrony danych osobowych, napisz do nas na adres: marketing.lesaffre.pl@lesaffre.com lub na nasz [&hellip;]","og_url":"https:\/\/www.lesaffre.pl\/polityka-prywatnosci-aplikacja-mobilna\/","og_site_name":"Lesaffre Poland","article_modified_time":"2025-12-01T14:44:36+00:00","twitter_card":"summary_large_image","twitter_misc":{"Est. reading time":"9 minutes"},"schema":{"@context":"https:\/\/schema.org","@graph":[{"@type":"WebPage","@id":"https:\/\/www.lesaffre.pl\/polityka-prywatnosci-aplikacja-mobilna\/","url":"https:\/\/www.lesaffre.pl\/polityka-prywatnosci-aplikacja-mobilna\/","name":"Polityka prywatno\u015bci - Aplikacja Mobilna - Lesaffre Poland","isPartOf":{"@id":"https:\/\/www.lesaffre.pl\/#website"},"datePublished":"2025-12-01T08:48:14+00:00","dateModified":"2025-12-01T14:44:36+00:00","breadcrumb":{"@id":"https:\/\/www.lesaffre.pl\/polityka-prywatnosci-aplikacja-mobilna\/#breadcrumb"},"inLanguage":"en-US","potentialAction":[{"@type":"ReadAction","target":["https:\/\/www.lesaffre.pl\/polityka-prywatnosci-aplikacja-mobilna\/"]}]},{"@type":"BreadcrumbList","@id":"https:\/\/www.lesaffre.pl\/polityka-prywatnosci-aplikacja-mobilna\/#breadcrumb","itemListElement":[{"@type":"ListItem","position":1,"name":"Home","item":"https:\/\/www.lesaffre.pl\/"},{"@type":"ListItem","position":2,"name":"Polityka prywatno\u015bci &#8211; Aplikacja Mobilna"}]},{"@type":"WebSite","@id":"https:\/\/www.lesaffre.pl\/#website","url":"https:\/\/www.lesaffre.pl\/","name":"Lesaffre Poland","description":"","publisher":{"@id":"https:\/\/www.lesaffre.pl\/#organization"},"potentialAction":[{"@type":"SearchAction","target":{"@type":"EntryPoint","urlTemplate":"https:\/\/www.lesaffre.pl\/?s={search_term_string}"},"query-input":{"@type":"PropertyValueSpecification","valueRequired":true,"valueName":"search_term_string"}}],"inLanguage":"en-US"},{"@type":"Organization","@id":"https:\/\/www.lesaffre.pl\/#organization","name":"Lesaffre Poland","url":"https:\/\/www.lesaffre.pl\/","logo":{"@type":"ImageObject","inLanguage":"en-US","@id":"https:\/\/www.lesaffre.pl\/#\/schema\/logo\/image\/","url":"https:\/\/www.lesaffre.pl\/wp-content\/uploads\/sites\/29\/2022\/03\/logo.svg","contentUrl":"https:\/\/www.lesaffre.pl\/wp-content\/uploads\/sites\/29\/2022\/03\/logo.svg","width":97,"height":98,"caption":"Lesaffre Poland"},"image":{"@id":"https:\/\/www.lesaffre.pl\/#\/schema\/logo\/image\/"}}]}},"_links":{"self":[{"href":"https:\/\/www.lesaffre.pl\/en\/wp-json\/wp\/v2\/pages\/8114","targetHints":{"allow":["GET"]}}],"collection":[{"href":"https:\/\/www.lesaffre.pl\/en\/wp-json\/wp\/v2\/pages"}],"about":[{"href":"https:\/\/www.lesaffre.pl\/en\/wp-json\/wp\/v2\/types\/page"}],"author":[{"embeddable":true,"href":"https:\/\/www.lesaffre.pl\/en\/wp-json\/wp\/v2\/users\/100"}],"replies":[{"embeddable":true,"href":"https:\/\/www.lesaffre.pl\/en\/wp-json\/wp\/v2\/comments?post=8114"}],"version-history":[{"count":1,"href":"https:\/\/www.lesaffre.pl\/en\/wp-json\/wp\/v2\/pages\/8114\/revisions"}],"predecessor-version":[{"id":8115,"href":"https:\/\/www.lesaffre.pl\/en\/wp-json\/wp\/v2\/pages\/8114\/revisions\/8115"}],"wp:attachment":[{"href":"https:\/\/www.lesaffre.pl\/en\/wp-json\/wp\/v2\/media?parent=8114"}],"curies":[{"name":"wp","href":"https:\/\/api.w.org\/{rel}","templated":true}]}}