{"id":8379,"date":"2025-09-09T10:28:42","date_gmt":"2025-09-09T08:28:42","guid":{"rendered":"https:\/\/www.lesaffre.pl\/new-product\/"},"modified":"2026-01-16T07:53:10","modified_gmt":"2026-01-16T06:53:10","slug":"new-product","status":"publish","type":"page","link":"https:\/\/www.lesaffre.pl\/en\/new-product\/","title":{"rendered":"New product"},"content":{"rendered":"\t\t<div data-elementor-type=\"wp-page\" data-elementor-id=\"8379\" class=\"elementor elementor-8379 elementor-4051\" data-elementor-post-type=\"page\">\n\t\t\t\t\t\t<section class=\"has_eae_slider elementor-section elementor-top-section elementor-element elementor-element-52ced39a elementor-section-full_width elementor-section-height-min-height elementor-section-height-default elementor-section-items-middle\" data-eae-slider=\"23999\" data-id=\"52ced39a\" data-element_type=\"section\" data-e-type=\"section\" data-settings=\"{&quot;background_background&quot;:&quot;classic&quot;}\">\n\t\t\t\t\t\t\t<div class=\"elementor-background-overlay\"><\/div>\n\t\t\t\t\t\t\t<div class=\"elementor-container elementor-column-gap-no\">\n\t\t\t\t\t<div class=\"has_eae_slider elementor-column elementor-col-100 elementor-top-column elementor-element elementor-element-162b7ee\" data-eae-slider=\"69810\" data-id=\"162b7ee\" data-element_type=\"column\" data-e-type=\"column\" data-settings=\"{&quot;background_background&quot;:&quot;classic&quot;}\">\n\t\t\t<div class=\"elementor-widget-wrap elementor-element-populated\">\n\t\t\t\t<div class=\"has_eae_slider elementor-element elementor-element-7ad16650 e-con-full e-flex e-con e-parent\" data-eae-slider=\"60522\" data-id=\"7ad16650\" data-element_type=\"container\" data-e-type=\"container\">\n\t\t\t\t<div class=\"elementor-element elementor-element-7e7355d1 elementor-widget elementor-widget-heading\" data-id=\"7e7355d1\" data-element_type=\"widget\" data-e-type=\"widget\" data-widget_type=\"heading.default\">\n\t\t\t\t<div class=\"elementor-widget-container\">\n\t\t\t\t\t<h1 class=\"elementor-heading-title elementor-size-default\">New product<\/h1>\t\t\t\t<\/div>\n\t\t\t\t<\/div>\n\t\t\t\t<\/div>\n\t\t\t\t\t<\/div>\n\t\t<\/div>\n\t\t\t\t\t<\/div>\n\t\t<\/section>\n\t\t<div class=\"has_eae_slider elementor-element elementor-element-f8dc05f premium-equal-height-yes product-list-ls e-flex e-con-boxed e-con e-parent\" data-eae-slider=\"68410\" data-pa-eq-height=\"{&quot;targetType&quot;:&quot;widget&quot;,&quot;target&quot;:[&quot;.elementor-widget-premium-woo-products .elementor-widget-container&quot;],&quot;trigger&quot;:&quot;load&quot;,&quot;enableOn&quot;:[&quot;desktop&quot;,&quot;tablet&quot;,&quot;mobile&quot;]}\" data-id=\"f8dc05f\" data-element_type=\"container\" data-e-type=\"container\" data-settings=\"{&quot;premium_eq_height_switcher&quot;:&quot;yes&quot;,&quot;premium_eq_height_target&quot;:[&quot;.elementor-widget-premium-woo-products .elementor-widget-container&quot;]}\">\n\t\t\t\t\t<div class=\"e-con-inner\">\n\t\t\t\t<div class=\"elementor-element elementor-element-3fe4df6 premium-woo-product-align-left premium-qv-hidden-yes elementor-widget elementor-widget-premium-woo-products\" data-id=\"3fe4df6\" data-element_type=\"widget\" data-e-type=\"widget\" data-widget_type=\"premium-woo-products.grid-1\">\n\t\t\t\t<div class=\"elementor-widget-container\">\n\t\t\t\t\t<div class=\"premium-woocommerce premium-woo-products-grid premium-woo-skin-grid-1 premium-woo-query-custom\" data-page-id=\"8379\" data-skin=\"grid_1\" data-quick-view=\"\"><div class=\"premium-woo-products-inner\"><ul class=\"products columns-4\">\n\n<li class=\" post-9401 product first instock shipping-taxable product-type-simple\">\n\t<div class=\"premium-woo-product-wrapper premium-con-lq__none\">\n\t\t<div class=\"premium-woo-product-thumbnail\"><a href=\"https:\/\/www.lesaffre.pl\/en\/produkty\/zakwasy\/preparaty-oparte-na-zakwasie\/zavarka-germinated-rye\/\" class=\"woocommerce-LoopProduct-link woocommerce-loop-product__link\"><img decoding=\"async\" src=\"https:\/\/www.lesaffre.pl\/wp-content\/uploads\/sites\/29\/2025\/09\/1-8.png\" alt=\"\"><\/a><\/div><div class=\"premium-woo-products-details-wrap\"><a href=\"https:\/\/www.lesaffre.pl\/en\/produkty\/zakwasy\/preparaty-oparte-na-zakwasie\/zavarka-germinated-rye\/\" class=\"premium-woo-product__link\"><h2 class=\"woocommerce-loop-product__title\">Zavarka: Germinated Rye<\/h2><\/a><div class=\"premium-woo-atc-button\" ><a href=\"https:\/\/www.lesaffre.pl\/en\/produkty\/zakwasy\/preparaty-oparte-na-zakwasie\/zavarka-germinated-rye\/\" class=\"button view-product\">Zobacz wi\u0119cej<\/a>\t<span id=\"woocommerce_loop_add_to_cart_link_describedby_9401\" class=\"screen-reader-text\">\n\t\t\t<\/span>\n<\/div><\/div>\t<\/div>\n<\/li>\n\n<li class=\" post-9361 product  instock shipping-taxable product-type-simple\">\n\t<div class=\"premium-woo-product-wrapper premium-con-lq__none\">\n\t\t<div class=\"premium-woo-product-thumbnail\"><a href=\"https:\/\/www.lesaffre.pl\/en\/produkty\/mieszanki-piekarskie-2\/mieszanki-piekarskie\/spelt-100\/\" class=\"woocommerce-LoopProduct-link woocommerce-loop-product__link\"><img decoding=\"async\" src=\"https:\/\/www.lesaffre.pl\/wp-content\/uploads\/sites\/29\/2026\/02\/orkiszowy100_v3_product_940x788.jpg\" alt=\"\"><\/a><\/div><div class=\"premium-woo-products-details-wrap\"><a href=\"https:\/\/www.lesaffre.pl\/en\/produkty\/mieszanki-piekarskie-2\/mieszanki-piekarskie\/spelt-100\/\" class=\"premium-woo-product__link\"><h2 class=\"woocommerce-loop-product__title\">Spelt 100%<\/h2><\/a><div class=\"premium-woo-atc-button\" ><a href=\"https:\/\/www.lesaffre.pl\/en\/produkty\/mieszanki-piekarskie-2\/mieszanki-piekarskie\/spelt-100\/\" class=\"button view-product\">Zobacz wi\u0119cej<\/a>\t<span id=\"woocommerce_loop_add_to_cart_link_describedby_9361\" class=\"screen-reader-text\">\n\t\t\t<\/span>\n<\/div><\/div>\t<\/div>\n<\/li>\n\n<li class=\" post-9260 product  instock shipping-taxable product-type-simple\">\n\t<div class=\"premium-woo-product-wrapper premium-con-lq__none\">\n\t\t<div class=\"premium-woo-product-thumbnail\"><a href=\"https:\/\/www.lesaffre.pl\/en\/produkty\/mieszanki-piekarskie-2\/mieszanki-piekarskie\/wiejski-z-orkiszem\/\" class=\"woocommerce-LoopProduct-link woocommerce-loop-product__link\"><img decoding=\"async\" src=\"https:\/\/www.lesaffre.pl\/wp-content\/uploads\/sites\/29\/2026\/02\/projekt-bez-nazwy-63.png\" alt=\"\"><\/a><\/div><div class=\"premium-woo-products-details-wrap\"><a href=\"https:\/\/www.lesaffre.pl\/en\/produkty\/mieszanki-piekarskie-2\/mieszanki-piekarskie\/wiejski-z-orkiszem\/\" class=\"premium-woo-product__link\"><h2 class=\"woocommerce-loop-product__title\">Wiejski z Orkiszem<\/h2><\/a><div class=\"premium-woo-atc-button\" ><a href=\"https:\/\/www.lesaffre.pl\/en\/produkty\/mieszanki-piekarskie-2\/mieszanki-piekarskie\/wiejski-z-orkiszem\/\" class=\"button view-product\">Zobacz wi\u0119cej<\/a>\t<span id=\"woocommerce_loop_add_to_cart_link_describedby_9260\" class=\"screen-reader-text\">\n\t\t\t<\/span>\n<\/div><\/div>\t<\/div>\n<\/li>\n\n<li class=\" post-8492 product last instock shipping-taxable product-type-simple\">\n\t<div class=\"premium-woo-product-wrapper premium-con-lq__none\">\n\t\t<div class=\"premium-woo-product-thumbnail\"><a href=\"https:\/\/www.lesaffre.pl\/en\/produkty\/mieszanki-i-dodatki-cukiernicze\/mieszanki-cukiernicze\/drozdzowe-babuni\/\" class=\"woocommerce-LoopProduct-link woocommerce-loop-product__link\"><img decoding=\"async\" src=\"https:\/\/www.lesaffre.pl\/wp-content\/uploads\/sites\/29\/2025\/10\/2-2.png\" alt=\"\"><\/a><\/div><div class=\"premium-woo-products-details-wrap\"><a href=\"https:\/\/www.lesaffre.pl\/en\/produkty\/mieszanki-i-dodatki-cukiernicze\/mieszanki-cukiernicze\/drozdzowe-babuni\/\" class=\"premium-woo-product__link\"><h2 class=\"woocommerce-loop-product__title\">Granny&#8217;s Yeast Cake<\/h2><\/a><div class=\"premium-woo-atc-button\" ><a href=\"https:\/\/www.lesaffre.pl\/en\/produkty\/mieszanki-i-dodatki-cukiernicze\/mieszanki-cukiernicze\/drozdzowe-babuni\/\" class=\"button view-product\">Zobacz wi\u0119cej<\/a>\t<span id=\"woocommerce_loop_add_to_cart_link_describedby_8492\" class=\"screen-reader-text\">\n\t\t\t<\/span>\n<\/div><\/div>\t<\/div>\n<\/li>\n\n<li class=\" post-8504 product first instock shipping-taxable product-type-simple\">\n\t<div class=\"premium-woo-product-wrapper premium-con-lq__none\">\n\t\t<div class=\"premium-woo-product-thumbnail\"><a href=\"https:\/\/www.lesaffre.pl\/en\/produkty\/polepszacze\/pol\/pol-164\/\" class=\"woocommerce-LoopProduct-link woocommerce-loop-product__link\"><img decoding=\"async\" src=\"https:\/\/www.lesaffre.pl\/wp-content\/uploads\/sites\/29\/2025\/09\/pol-164-www.jpg\" alt=\"\"><\/a><\/div><div class=\"premium-woo-products-details-wrap\"><a href=\"https:\/\/www.lesaffre.pl\/en\/produkty\/polepszacze\/pol\/pol-164\/\" class=\"premium-woo-product__link\"><h2 class=\"woocommerce-loop-product__title\">POL 164<\/h2><\/a><div class=\"premium-woo-atc-button\" ><a href=\"https:\/\/www.lesaffre.pl\/en\/produkty\/polepszacze\/pol\/pol-164\/\" class=\"button view-product\">Zobacz wi\u0119cej<\/a>\t<span id=\"woocommerce_loop_add_to_cart_link_describedby_8504\" class=\"screen-reader-text\">\n\t\t\t<\/span>\n<\/div><\/div>\t<\/div>\n<\/li>\n\n<li class=\" post-8460 product  instock shipping-taxable product-type-simple\">\n\t<div class=\"premium-woo-product-wrapper premium-con-lq__none\">\n\t\t<div class=\"premium-woo-product-thumbnail\"><a href=\"https:\/\/www.lesaffre.pl\/en\/produkty\/mieszanki-piekarskie-2\/mieszanki-piekarskie\/keto\/\" class=\"woocommerce-LoopProduct-link woocommerce-loop-product__link\"><img decoding=\"async\" src=\"https:\/\/www.lesaffre.pl\/wp-content\/uploads\/sites\/29\/2025\/09\/keto111.png\" alt=\"\"><\/a><\/div><div class=\"premium-woo-products-details-wrap\"><a href=\"https:\/\/www.lesaffre.pl\/en\/produkty\/mieszanki-piekarskie-2\/mieszanki-piekarskie\/keto\/\" class=\"premium-woo-product__link\"><h2 class=\"woocommerce-loop-product__title\">KETO<\/h2><\/a><div class=\"premium-woo-atc-button\" ><a href=\"https:\/\/www.lesaffre.pl\/en\/produkty\/mieszanki-piekarskie-2\/mieszanki-piekarskie\/keto\/\" class=\"button view-product\">Zobacz wi\u0119cej<\/a>\t<span id=\"woocommerce_loop_add_to_cart_link_describedby_8460\" class=\"screen-reader-text\">\n\t\t\t<\/span>\n<\/div><\/div>\t<\/div>\n<\/li>\n\n<li class=\" post-8574 product  instock shipping-taxable product-type-simple\">\n\t<div class=\"premium-woo-product-wrapper premium-con-lq__none\">\n\t\t<div class=\"premium-woo-product-thumbnail\"><a href=\"https:\/\/www.lesaffre.pl\/en\/produkty\/zakwasy\/preparaty-oparte-na-zakwasie\/mediterrano\/\" class=\"woocommerce-LoopProduct-link woocommerce-loop-product__link\"><img decoding=\"async\" src=\"https:\/\/www.lesaffre.pl\/wp-content\/uploads\/sites\/29\/2025\/09\/navrh-bez-nazvu-2.png\" alt=\"\"><\/a><\/div><div class=\"premium-woo-products-details-wrap\"><a href=\"https:\/\/www.lesaffre.pl\/en\/produkty\/zakwasy\/preparaty-oparte-na-zakwasie\/mediterrano\/\" class=\"premium-woo-product__link\"><h2 class=\"woocommerce-loop-product__title\">Mediterrano<\/h2><\/a><div class=\"premium-woo-atc-button\" ><a href=\"https:\/\/www.lesaffre.pl\/en\/produkty\/zakwasy\/preparaty-oparte-na-zakwasie\/mediterrano\/\" class=\"button view-product\">Zobacz wi\u0119cej<\/a>\t<span id=\"woocommerce_loop_add_to_cart_link_describedby_8574\" class=\"screen-reader-text\">\n\t\t\t<\/span>\n<\/div><\/div>\t<\/div>\n<\/li>\n\n<li class=\" post-8575 product last instock shipping-taxable product-type-simple\">\n\t<div class=\"premium-woo-product-wrapper premium-con-lq__none\">\n\t\t<div class=\"premium-woo-product-thumbnail\"><a href=\"https:\/\/www.lesaffre.pl\/en\/produkty\/zakwasy\/preparaty-oparte-na-zakwasie\/flockenmalz\/\" class=\"woocommerce-LoopProduct-link woocommerce-loop-product__link\"><img decoding=\"async\" src=\"https:\/\/www.lesaffre.pl\/wp-content\/uploads\/sites\/29\/2025\/09\/flockenmalz_product.jpg\" alt=\"\"><\/a><\/div><div class=\"premium-woo-products-details-wrap\"><a href=\"https:\/\/www.lesaffre.pl\/en\/produkty\/zakwasy\/preparaty-oparte-na-zakwasie\/flockenmalz\/\" class=\"premium-woo-product__link\"><h2 class=\"woocommerce-loop-product__title\">Flockenmalz<\/h2><\/a><div class=\"premium-woo-atc-button\" ><a href=\"https:\/\/www.lesaffre.pl\/en\/produkty\/zakwasy\/preparaty-oparte-na-zakwasie\/flockenmalz\/\" class=\"button view-product\">Zobacz wi\u0119cej<\/a>\t<span id=\"woocommerce_loop_add_to_cart_link_describedby_8575\" class=\"screen-reader-text\">\n\t\t\t<\/span>\n<\/div><\/div>\t<\/div>\n<\/li>\n<\/ul>\n<\/div><\/div>\t\t\t\t<\/div>\n\t\t\t\t<\/div>\n\t\t\t\t\t<\/div>\n\t\t\t\t<\/div>\n\t\t\t\t<\/div>\n\t\t","protected":false},"excerpt":{"rendered":"<p>Dro\u017cd\u017cowe Babuni Zobacz wi\u0119cej POL 164 Zobacz wi\u0119cej KETO Zobacz wi\u0119cej Mediterrano Zobacz wi\u0119cej Flockenmalz Zobacz wi\u0119cej<\/p>\n","protected":false},"author":100,"featured_media":0,"parent":0,"menu_order":0,"comment_status":"closed","ping_status":"closed","template":"","meta":{"_acf_changed":false,"inline_featured_image":false,"footnotes":""},"class_list":["post-8379","page","type-page","status-publish","hentry"],"acf":[],"yoast_head":"<!-- This site is optimized with the Yoast SEO plugin v27.3 - https:\/\/yoast.com\/product\/yoast-seo-wordpress\/ -->\n<title>New product - Lesaffre Poland<\/title>\n<meta name=\"robots\" content=\"index, follow, max-snippet:-1, max-image-preview:large, max-video-preview:-1\" \/>\n<link rel=\"canonical\" href=\"https:\/\/www.lesaffre.pl\/en\/new-product\/\" \/>\n<meta property=\"og:locale\" content=\"en_US\" \/>\n<meta property=\"og:type\" content=\"article\" \/>\n<meta property=\"og:title\" content=\"New product - Lesaffre Poland\" \/>\n<meta property=\"og:description\" content=\"Dro\u017cd\u017cowe Babuni Zobacz wi\u0119cej POL 164 Zobacz wi\u0119cej KETO Zobacz wi\u0119cej Mediterrano Zobacz wi\u0119cej Flockenmalz Zobacz wi\u0119cej\" \/>\n<meta property=\"og:url\" content=\"https:\/\/www.lesaffre.pl\/en\/new-product\/\" \/>\n<meta property=\"og:site_name\" content=\"Lesaffre Poland\" \/>\n<meta property=\"article:modified_time\" content=\"2026-01-16T06:53:10+00:00\" \/>\n<meta property=\"og:image\" content=\"https:\/\/www.lesaffre.pl\/wp-content\/uploads\/sites\/29\/2025\/10\/2-2.png\" \/>\n<meta name=\"twitter:card\" content=\"summary_large_image\" \/>\n<script type=\"application\/ld+json\" class=\"yoast-schema-graph\">{\"@context\":\"https:\\\/\\\/schema.org\",\"@graph\":[{\"@type\":\"WebPage\",\"@id\":\"https:\\\/\\\/www.lesaffre.pl\\\/en\\\/new-product\\\/\",\"url\":\"https:\\\/\\\/www.lesaffre.pl\\\/en\\\/new-product\\\/\",\"name\":\"New product - Lesaffre Poland\",\"isPartOf\":{\"@id\":\"https:\\\/\\\/www.lesaffre.pl\\\/#website\"},\"primaryImageOfPage\":{\"@id\":\"https:\\\/\\\/www.lesaffre.pl\\\/en\\\/new-product\\\/#primaryimage\"},\"image\":{\"@id\":\"https:\\\/\\\/www.lesaffre.pl\\\/en\\\/new-product\\\/#primaryimage\"},\"thumbnailUrl\":\"https:\\\/\\\/www.lesaffre.pl\\\/wp-content\\\/uploads\\\/sites\\\/29\\\/2025\\\/10\\\/2-2.png\",\"datePublished\":\"2025-09-09T08:28:42+00:00\",\"dateModified\":\"2026-01-16T06:53:10+00:00\",\"breadcrumb\":{\"@id\":\"https:\\\/\\\/www.lesaffre.pl\\\/en\\\/new-product\\\/#breadcrumb\"},\"inLanguage\":\"en-US\",\"potentialAction\":[{\"@type\":\"ReadAction\",\"target\":[\"https:\\\/\\\/www.lesaffre.pl\\\/en\\\/new-product\\\/\"]}]},{\"@type\":\"ImageObject\",\"inLanguage\":\"en-US\",\"@id\":\"https:\\\/\\\/www.lesaffre.pl\\\/en\\\/new-product\\\/#primaryimage\",\"url\":\"https:\\\/\\\/www.lesaffre.pl\\\/wp-content\\\/uploads\\\/sites\\\/29\\\/2025\\\/10\\\/2-2.png\",\"contentUrl\":\"https:\\\/\\\/www.lesaffre.pl\\\/wp-content\\\/uploads\\\/sites\\\/29\\\/2025\\\/10\\\/2-2.png\"},{\"@type\":\"BreadcrumbList\",\"@id\":\"https:\\\/\\\/www.lesaffre.pl\\\/en\\\/new-product\\\/#breadcrumb\",\"itemListElement\":[{\"@type\":\"ListItem\",\"position\":1,\"name\":\"Home\",\"item\":\"https:\\\/\\\/www.lesaffre.pl\\\/\"},{\"@type\":\"ListItem\",\"position\":2,\"name\":\"New product\"}]},{\"@type\":\"WebSite\",\"@id\":\"https:\\\/\\\/www.lesaffre.pl\\\/#website\",\"url\":\"https:\\\/\\\/www.lesaffre.pl\\\/\",\"name\":\"Lesaffre Poland\",\"description\":\"\",\"publisher\":{\"@id\":\"https:\\\/\\\/www.lesaffre.pl\\\/#organization\"},\"potentialAction\":[{\"@type\":\"SearchAction\",\"target\":{\"@type\":\"EntryPoint\",\"urlTemplate\":\"https:\\\/\\\/www.lesaffre.pl\\\/?s={search_term_string}\"},\"query-input\":{\"@type\":\"PropertyValueSpecification\",\"valueRequired\":true,\"valueName\":\"search_term_string\"}}],\"inLanguage\":\"en-US\"},{\"@type\":\"Organization\",\"@id\":\"https:\\\/\\\/www.lesaffre.pl\\\/#organization\",\"name\":\"Lesaffre Poland\",\"url\":\"https:\\\/\\\/www.lesaffre.pl\\\/\",\"logo\":{\"@type\":\"ImageObject\",\"inLanguage\":\"en-US\",\"@id\":\"https:\\\/\\\/www.lesaffre.pl\\\/#\\\/schema\\\/logo\\\/image\\\/\",\"url\":\"https:\\\/\\\/www.lesaffre.pl\\\/wp-content\\\/uploads\\\/sites\\\/29\\\/2022\\\/03\\\/logo.svg\",\"contentUrl\":\"https:\\\/\\\/www.lesaffre.pl\\\/wp-content\\\/uploads\\\/sites\\\/29\\\/2022\\\/03\\\/logo.svg\",\"width\":97,\"height\":98,\"caption\":\"Lesaffre Poland\"},\"image\":{\"@id\":\"https:\\\/\\\/www.lesaffre.pl\\\/#\\\/schema\\\/logo\\\/image\\\/\"}}]}<\/script>\n<!-- \/ Yoast SEO plugin. -->","yoast_head_json":{"title":"New product - Lesaffre Poland","robots":{"index":"index","follow":"follow","max-snippet":"max-snippet:-1","max-image-preview":"max-image-preview:large","max-video-preview":"max-video-preview:-1"},"canonical":"https:\/\/www.lesaffre.pl\/en\/new-product\/","og_locale":"en_US","og_type":"article","og_title":"New product - Lesaffre Poland","og_description":"Dro\u017cd\u017cowe Babuni Zobacz wi\u0119cej POL 164 Zobacz wi\u0119cej KETO Zobacz wi\u0119cej Mediterrano Zobacz wi\u0119cej Flockenmalz Zobacz wi\u0119cej","og_url":"https:\/\/www.lesaffre.pl\/en\/new-product\/","og_site_name":"Lesaffre Poland","article_modified_time":"2026-01-16T06:53:10+00:00","og_image":[{"url":"https:\/\/www.lesaffre.pl\/wp-content\/uploads\/sites\/29\/2025\/10\/2-2.png","type":"","width":"","height":""}],"twitter_card":"summary_large_image","schema":{"@context":"https:\/\/schema.org","@graph":[{"@type":"WebPage","@id":"https:\/\/www.lesaffre.pl\/en\/new-product\/","url":"https:\/\/www.lesaffre.pl\/en\/new-product\/","name":"New product - Lesaffre Poland","isPartOf":{"@id":"https:\/\/www.lesaffre.pl\/#website"},"primaryImageOfPage":{"@id":"https:\/\/www.lesaffre.pl\/en\/new-product\/#primaryimage"},"image":{"@id":"https:\/\/www.lesaffre.pl\/en\/new-product\/#primaryimage"},"thumbnailUrl":"https:\/\/www.lesaffre.pl\/wp-content\/uploads\/sites\/29\/2025\/10\/2-2.png","datePublished":"2025-09-09T08:28:42+00:00","dateModified":"2026-01-16T06:53:10+00:00","breadcrumb":{"@id":"https:\/\/www.lesaffre.pl\/en\/new-product\/#breadcrumb"},"inLanguage":"en-US","potentialAction":[{"@type":"ReadAction","target":["https:\/\/www.lesaffre.pl\/en\/new-product\/"]}]},{"@type":"ImageObject","inLanguage":"en-US","@id":"https:\/\/www.lesaffre.pl\/en\/new-product\/#primaryimage","url":"https:\/\/www.lesaffre.pl\/wp-content\/uploads\/sites\/29\/2025\/10\/2-2.png","contentUrl":"https:\/\/www.lesaffre.pl\/wp-content\/uploads\/sites\/29\/2025\/10\/2-2.png"},{"@type":"BreadcrumbList","@id":"https:\/\/www.lesaffre.pl\/en\/new-product\/#breadcrumb","itemListElement":[{"@type":"ListItem","position":1,"name":"Home","item":"https:\/\/www.lesaffre.pl\/"},{"@type":"ListItem","position":2,"name":"New product"}]},{"@type":"WebSite","@id":"https:\/\/www.lesaffre.pl\/#website","url":"https:\/\/www.lesaffre.pl\/","name":"Lesaffre Poland","description":"","publisher":{"@id":"https:\/\/www.lesaffre.pl\/#organization"},"potentialAction":[{"@type":"SearchAction","target":{"@type":"EntryPoint","urlTemplate":"https:\/\/www.lesaffre.pl\/?s={search_term_string}"},"query-input":{"@type":"PropertyValueSpecification","valueRequired":true,"valueName":"search_term_string"}}],"inLanguage":"en-US"},{"@type":"Organization","@id":"https:\/\/www.lesaffre.pl\/#organization","name":"Lesaffre Poland","url":"https:\/\/www.lesaffre.pl\/","logo":{"@type":"ImageObject","inLanguage":"en-US","@id":"https:\/\/www.lesaffre.pl\/#\/schema\/logo\/image\/","url":"https:\/\/www.lesaffre.pl\/wp-content\/uploads\/sites\/29\/2022\/03\/logo.svg","contentUrl":"https:\/\/www.lesaffre.pl\/wp-content\/uploads\/sites\/29\/2022\/03\/logo.svg","width":97,"height":98,"caption":"Lesaffre Poland"},"image":{"@id":"https:\/\/www.lesaffre.pl\/#\/schema\/logo\/image\/"}}]}},"_links":{"self":[{"href":"https:\/\/www.lesaffre.pl\/en\/wp-json\/wp\/v2\/pages\/8379","targetHints":{"allow":["GET"]}}],"collection":[{"href":"https:\/\/www.lesaffre.pl\/en\/wp-json\/wp\/v2\/pages"}],"about":[{"href":"https:\/\/www.lesaffre.pl\/en\/wp-json\/wp\/v2\/types\/page"}],"author":[{"embeddable":true,"href":"https:\/\/www.lesaffre.pl\/en\/wp-json\/wp\/v2\/users\/100"}],"replies":[{"embeddable":true,"href":"https:\/\/www.lesaffre.pl\/en\/wp-json\/wp\/v2\/comments?post=8379"}],"version-history":[{"count":1,"href":"https:\/\/www.lesaffre.pl\/en\/wp-json\/wp\/v2\/pages\/8379\/revisions"}],"predecessor-version":[{"id":8380,"href":"https:\/\/www.lesaffre.pl\/en\/wp-json\/wp\/v2\/pages\/8379\/revisions\/8380"}],"wp:attachment":[{"href":"https:\/\/www.lesaffre.pl\/en\/wp-json\/wp\/v2\/media?parent=8379"}],"curies":[{"name":"wp","href":"https:\/\/api.w.org\/{rel}","templated":true}]}}