{"id":8387,"date":"2025-08-25T09:11:14","date_gmt":"2025-08-25T07:11:14","guid":{"rendered":"https:\/\/www.lesaffre.pl\/improvers\/"},"modified":"2026-02-02T10:24:43","modified_gmt":"2026-02-02T09:24:43","slug":"improvers","status":"publish","type":"page","link":"https:\/\/www.lesaffre.pl\/en\/improvers\/","title":{"rendered":"Improvers"},"content":{"rendered":"\t\t<div data-elementor-type=\"wp-page\" data-elementor-id=\"8387\" class=\"elementor elementor-8387 elementor-2894\" data-elementor-post-type=\"page\">\n\t\t\t\t\t\t<section class=\"has_eae_slider elementor-section elementor-top-section elementor-element elementor-element-25f987f9 elementor-section-full_width elementor-section-height-min-height elementor-section-height-default elementor-section-items-middle\" data-eae-slider=\"93494\" data-id=\"25f987f9\" data-element_type=\"section\" data-e-type=\"section\" data-settings=\"{&quot;background_background&quot;:&quot;classic&quot;}\">\n\t\t\t\t\t\t\t<div class=\"elementor-background-overlay\"><\/div>\n\t\t\t\t\t\t\t<div class=\"elementor-container elementor-column-gap-no\">\n\t\t\t\t\t<div class=\"has_eae_slider elementor-column elementor-col-100 elementor-top-column elementor-element elementor-element-4053c498\" data-eae-slider=\"29060\" data-id=\"4053c498\" data-element_type=\"column\" data-e-type=\"column\" data-settings=\"{&quot;background_background&quot;:&quot;classic&quot;}\">\n\t\t\t<div class=\"elementor-widget-wrap elementor-element-populated\">\n\t\t\t\t\t\t<div class=\"elementor-element elementor-element-67e54a4a elementor-widget elementor-widget-heading\" data-id=\"67e54a4a\" data-element_type=\"widget\" data-e-type=\"widget\" data-widget_type=\"heading.default\">\n\t\t\t\t<div class=\"elementor-widget-container\">\n\t\t\t\t\t<h1 class=\"elementor-heading-title elementor-size-default\">Improvers<\/h1>\t\t\t\t<\/div>\n\t\t\t\t<\/div>\n\t\t\t\t\t<\/div>\n\t\t<\/div>\n\t\t\t\t\t<\/div>\n\t\t<\/section>\n\t\t\t\t<section class=\"has_eae_slider elementor-section elementor-top-section elementor-element elementor-element-16da8824 elementor-section-boxed elementor-section-height-default elementor-section-height-default\" data-eae-slider=\"20498\" data-id=\"16da8824\" data-element_type=\"section\" data-e-type=\"section\">\n\t\t\t\t\t\t<div class=\"elementor-container elementor-column-gap-default\">\n\t\t\t\t\t<div class=\"has_eae_slider elementor-column elementor-col-100 elementor-top-column elementor-element elementor-element-3e194457\" data-eae-slider=\"84433\" data-id=\"3e194457\" data-element_type=\"column\" data-e-type=\"column\">\n\t\t\t<div class=\"elementor-widget-wrap\">\n\t\t\t\t\t\t\t<\/div>\n\t\t<\/div>\n\t\t\t\t\t<\/div>\n\t\t<\/section>\n\t\t<div class=\"has_eae_slider elementor-element elementor-element-329e71d6 premium-equal-height-yes product-list-ls e-flex e-con-boxed e-con e-parent\" data-eae-slider=\"75935\" data-pa-eq-height=\"{&quot;targetType&quot;:&quot;widget&quot;,&quot;target&quot;:[&quot;.elementor-widget-premium-woo-products .elementor-widget-container&quot;],&quot;trigger&quot;:&quot;load&quot;,&quot;enableOn&quot;:[&quot;desktop&quot;,&quot;tablet&quot;,&quot;mobile&quot;]}\" data-id=\"329e71d6\" data-element_type=\"container\" data-e-type=\"container\" data-settings=\"{&quot;premium_eq_height_switcher&quot;:&quot;yes&quot;,&quot;premium_eq_height_target&quot;:[&quot;.elementor-widget-premium-woo-products .elementor-widget-container&quot;]}\">\n\t\t\t\t\t<div class=\"e-con-inner\">\n\t\t\t\t<div class=\"elementor-element elementor-element-7eb71cba premium-woo-product-align-left premium-qv-hidden-yes elementor-widget elementor-widget-premium-woo-products\" data-id=\"7eb71cba\" data-element_type=\"widget\" data-e-type=\"widget\" data-widget_type=\"premium-woo-products.grid-1\">\n\t\t\t\t<div class=\"elementor-widget-container\">\n\t\t\t\t\t<div class=\"premium-woocommerce premium-woo-products-grid premium-woo-skin-grid-1 premium-woo-query-custom\" data-page-id=\"8387\" data-skin=\"grid_1\" data-quick-view=\"\"><div class=\"premium-woo-products-inner\"><ul class=\"products columns-4\">\n\n<li class=\" post-8497 product first instock shipping-taxable product-type-simple\">\n\t<div class=\"premium-woo-product-wrapper premium-con-lq__none\">\n\t\t<div class=\"premium-woo-product-thumbnail\"><a href=\"https:\/\/www.lesaffre.pl\/en\/produkty\/polepszacze\/pol\/pol-159\/\" class=\"woocommerce-LoopProduct-link woocommerce-loop-product__link\"><img decoding=\"async\" src=\"https:\/\/www.lesaffre.pl\/wp-content\/uploads\/sites\/29\/2025\/11\/pol-17.png\" alt=\"\"><\/a><\/div><div class=\"premium-woo-products-details-wrap\"><a href=\"https:\/\/www.lesaffre.pl\/en\/produkty\/polepszacze\/pol\/pol-159\/\" class=\"premium-woo-product__link\"><h2 class=\"woocommerce-loop-product__title\">POL 159<\/h2><\/a><div class=\"premium-woo-atc-button\" ><a href=\"https:\/\/www.lesaffre.pl\/en\/produkty\/polepszacze\/pol\/pol-159\/\" class=\"button view-product\">Zobacz wi\u0119cej<\/a>\t<span id=\"woocommerce_loop_add_to_cart_link_describedby_8497\" class=\"screen-reader-text\">\n\t\t\t<\/span>\n<\/div><\/div>\t<\/div>\n<\/li>\n\n<li class=\" post-8521 product  instock shipping-taxable product-type-simple\">\n\t<div class=\"premium-woo-product-wrapper premium-con-lq__none\">\n\t\t<div class=\"premium-woo-product-thumbnail\"><a href=\"https:\/\/www.lesaffre.pl\/en\/produkty\/polepszacze\/optimix\/optimix-v\/\" class=\"woocommerce-LoopProduct-link woocommerce-loop-product__link\"><img decoding=\"async\" src=\"https:\/\/www.lesaffre.pl\/wp-content\/uploads\/sites\/29\/2025\/09\/optimix-v.png\" alt=\"\"><\/a><\/div><div class=\"premium-woo-products-details-wrap\"><a href=\"https:\/\/www.lesaffre.pl\/en\/produkty\/polepszacze\/optimix\/optimix-v\/\" class=\"premium-woo-product__link\"><h2 class=\"woocommerce-loop-product__title\">Optimix V<\/h2><\/a><div class=\"premium-woo-atc-button\" ><a href=\"https:\/\/www.lesaffre.pl\/en\/produkty\/polepszacze\/optimix\/optimix-v\/\" class=\"button view-product\">Zobacz wi\u0119cej<\/a>\t<span id=\"woocommerce_loop_add_to_cart_link_describedby_8521\" class=\"screen-reader-text\">\n\t\t\t<\/span>\n<\/div><\/div>\t<\/div>\n<\/li>\n\n<li class=\" post-8490 product  instock shipping-taxable product-type-simple\">\n\t<div class=\"premium-woo-product-wrapper premium-con-lq__none\">\n\t\t<div class=\"premium-woo-product-thumbnail\"><a href=\"https:\/\/www.lesaffre.pl\/en\/produkty\/polepszacze\/top-fresh\/top-fresh\/\" class=\"woocommerce-LoopProduct-link woocommerce-loop-product__link\"><img decoding=\"async\" src=\"https:\/\/www.lesaffre.pl\/wp-content\/uploads\/sites\/29\/2025\/09\/top-fresh.png\" alt=\"\"><\/a><\/div><div class=\"premium-woo-products-details-wrap\"><a href=\"https:\/\/www.lesaffre.pl\/en\/produkty\/polepszacze\/top-fresh\/top-fresh\/\" class=\"premium-woo-product__link\"><h2 class=\"woocommerce-loop-product__title\">Top Fresh<\/h2><\/a><div class=\"premium-woo-atc-button\" ><a href=\"https:\/\/www.lesaffre.pl\/en\/produkty\/polepszacze\/top-fresh\/top-fresh\/\" class=\"button view-product\">Zobacz wi\u0119cej<\/a>\t<span id=\"woocommerce_loop_add_to_cart_link_describedby_8490\" class=\"screen-reader-text\">\n\t\t\t<\/span>\n<\/div><\/div>\t<\/div>\n<\/li>\n\n<li class=\" post-8489 product last instock shipping-taxable product-type-simple\">\n\t<div class=\"premium-woo-product-wrapper premium-con-lq__none\">\n\t\t<div class=\"premium-woo-product-thumbnail\"><a href=\"https:\/\/www.lesaffre.pl\/en\/produkty\/polepszacze\/soft-n-fresh\/softn-fresh\/\" class=\"woocommerce-LoopProduct-link woocommerce-loop-product__link\"><img decoding=\"async\" src=\"https:\/\/www.lesaffre.pl\/wp-content\/uploads\/sites\/29\/2025\/09\/softn-fresh.png\" alt=\"\"><\/a><\/div><div class=\"premium-woo-products-details-wrap\"><a href=\"https:\/\/www.lesaffre.pl\/en\/produkty\/polepszacze\/soft-n-fresh\/softn-fresh\/\" class=\"premium-woo-product__link\"><h2 class=\"woocommerce-loop-product__title\">Soft\u2019N Fresh<\/h2><\/a><div class=\"premium-woo-atc-button\" ><a href=\"https:\/\/www.lesaffre.pl\/en\/produkty\/polepszacze\/soft-n-fresh\/softn-fresh\/\" class=\"button view-product\">Zobacz wi\u0119cej<\/a>\t<span id=\"woocommerce_loop_add_to_cart_link_describedby_8489\" class=\"screen-reader-text\">\n\t\t\t<\/span>\n<\/div><\/div>\t<\/div>\n<\/li>\n\n<li class=\" post-8486 product first instock shipping-taxable product-type-simple\">\n\t<div class=\"premium-woo-product-wrapper premium-con-lq__none\">\n\t\t<div class=\"premium-woo-product-thumbnail\"><a href=\"https:\/\/www.lesaffre.pl\/en\/produkty\/polepszacze\/pol\/pol-104\/\" class=\"woocommerce-LoopProduct-link woocommerce-loop-product__link\"><img decoding=\"async\" src=\"https:\/\/www.lesaffre.pl\/wp-content\/uploads\/sites\/29\/2025\/09\/pol.png\" alt=\"\"><\/a><\/div><div class=\"premium-woo-products-details-wrap\"><a href=\"https:\/\/www.lesaffre.pl\/en\/produkty\/polepszacze\/pol\/pol-104\/\" class=\"premium-woo-product__link\"><h2 class=\"woocommerce-loop-product__title\">POL 104<\/h2><\/a><div class=\"premium-woo-atc-button\" ><a href=\"https:\/\/www.lesaffre.pl\/en\/produkty\/polepszacze\/pol\/pol-104\/\" class=\"button view-product\">Zobacz wi\u0119cej<\/a>\t<span id=\"woocommerce_loop_add_to_cart_link_describedby_8486\" class=\"screen-reader-text\">\n\t\t\t<\/span>\n<\/div><\/div>\t<\/div>\n<\/li>\n\n<li class=\" post-8499 product  instock shipping-taxable product-type-simple\">\n\t<div class=\"premium-woo-product-wrapper premium-con-lq__none\">\n\t\t<div class=\"premium-woo-product-thumbnail\"><a href=\"https:\/\/www.lesaffre.pl\/en\/produkty\/polepszacze\/pol\/pol-115\/\" class=\"woocommerce-LoopProduct-link woocommerce-loop-product__link\"><img decoding=\"async\" src=\"https:\/\/www.lesaffre.pl\/wp-content\/uploads\/sites\/29\/2025\/09\/pol-2.png\" alt=\"\"><\/a><\/div><div class=\"premium-woo-products-details-wrap\"><a href=\"https:\/\/www.lesaffre.pl\/en\/produkty\/polepszacze\/pol\/pol-115\/\" class=\"premium-woo-product__link\"><h2 class=\"woocommerce-loop-product__title\">POL 115<\/h2><\/a><div class=\"premium-woo-atc-button\" ><a href=\"https:\/\/www.lesaffre.pl\/en\/produkty\/polepszacze\/pol\/pol-115\/\" class=\"button view-product\">Zobacz wi\u0119cej<\/a>\t<span id=\"woocommerce_loop_add_to_cart_link_describedby_8499\" class=\"screen-reader-text\">\n\t\t\t<\/span>\n<\/div><\/div>\t<\/div>\n<\/li>\n\n<li class=\" post-8487 product  instock shipping-taxable product-type-simple\">\n\t<div class=\"premium-woo-product-wrapper premium-con-lq__none\">\n\t\t<div class=\"premium-woo-product-thumbnail\"><a href=\"https:\/\/www.lesaffre.pl\/en\/produkty\/polepszacze\/pol\/pol-116\/\" class=\"woocommerce-LoopProduct-link woocommerce-loop-product__link\"><img decoding=\"async\" src=\"https:\/\/www.lesaffre.pl\/wp-content\/uploads\/sites\/29\/2025\/09\/pol-8.png\" alt=\"\"><\/a><\/div><div class=\"premium-woo-products-details-wrap\"><a href=\"https:\/\/www.lesaffre.pl\/en\/produkty\/polepszacze\/pol\/pol-116\/\" class=\"premium-woo-product__link\"><h2 class=\"woocommerce-loop-product__title\">POL 116<\/h2><\/a><div class=\"premium-woo-atc-button\" ><a href=\"https:\/\/www.lesaffre.pl\/en\/produkty\/polepszacze\/pol\/pol-116\/\" class=\"button view-product\">Zobacz wi\u0119cej<\/a>\t<span id=\"woocommerce_loop_add_to_cart_link_describedby_8487\" class=\"screen-reader-text\">\n\t\t\t<\/span>\n<\/div><\/div>\t<\/div>\n<\/li>\n\n<li class=\" post-8488 product last instock shipping-taxable product-type-simple\">\n\t<div class=\"premium-woo-product-wrapper premium-con-lq__none\">\n\t\t<div class=\"premium-woo-product-thumbnail\"><a href=\"https:\/\/www.lesaffre.pl\/en\/produkty\/polepszacze\/pol\/pol-117\/\" class=\"woocommerce-LoopProduct-link woocommerce-loop-product__link\"><img decoding=\"async\" src=\"https:\/\/www.lesaffre.pl\/wp-content\/uploads\/sites\/29\/2025\/09\/pol-5.png\" alt=\"\"><\/a><\/div><div class=\"premium-woo-products-details-wrap\"><a href=\"https:\/\/www.lesaffre.pl\/en\/produkty\/polepszacze\/pol\/pol-117\/\" class=\"premium-woo-product__link\"><h2 class=\"woocommerce-loop-product__title\">POL 117<\/h2><\/a><div class=\"premium-woo-atc-button\" ><a href=\"https:\/\/www.lesaffre.pl\/en\/produkty\/polepszacze\/pol\/pol-117\/\" class=\"button view-product\">Zobacz wi\u0119cej<\/a>\t<span id=\"woocommerce_loop_add_to_cart_link_describedby_8488\" class=\"screen-reader-text\">\n\t\t\t<\/span>\n<\/div><\/div>\t<\/div>\n<\/li>\n<\/ul>\n\t\t\t<div class=\"premium-woo-load-more\">\n\t\t\t\t<button class=\"premium-woo-load-more-btn\" data-products=\"20\" data-order=\"date ID\" data-tax=\"\">\n\t\t\t\t\t<span>See more<\/span>\n\t\t\t\t\t<span class=\"premium-woo-products-num\">(20)<\/span>\n\t\t\t\t<\/button>\n\t\t\t<\/div>\n\t\t<\/div><\/div>\t\t\t\t<\/div>\n\t\t\t\t<\/div>\n\t\t\t\t\t<\/div>\n\t\t\t\t<\/div>\n\t\t\t\t<\/div>\n\t\t","protected":false},"excerpt":{"rendered":"<p>POL 159 Zobacz wi\u0119cej Optimix V Zobacz wi\u0119cej Top Fresh Zobacz wi\u0119cej Soft\u2019N Fresh Zobacz wi\u0119cej POL 104 Zobacz wi\u0119cej POL 115 Zobacz wi\u0119cej POL 116 Zobacz wi\u0119cej POL 117 Zobacz wi\u0119cej See more (20)<\/p>\n","protected":false},"author":100,"featured_media":0,"parent":0,"menu_order":0,"comment_status":"closed","ping_status":"closed","template":"","meta":{"_acf_changed":false,"inline_featured_image":false,"footnotes":""},"class_list":["post-8387","page","type-page","status-publish","hentry"],"acf":[],"yoast_head":"<!-- This site is optimized with the Yoast SEO plugin v27.3 - https:\/\/yoast.com\/product\/yoast-seo-wordpress\/ -->\n<title>Improvers - Lesaffre Poland<\/title>\n<meta name=\"robots\" content=\"index, follow, max-snippet:-1, max-image-preview:large, max-video-preview:-1\" \/>\n<link rel=\"canonical\" href=\"https:\/\/www.lesaffre.pl\/polepszacze\/\" \/>\n<meta property=\"og:locale\" content=\"en_US\" \/>\n<meta property=\"og:type\" content=\"article\" \/>\n<meta property=\"og:title\" content=\"Improvers - Lesaffre Poland\" \/>\n<meta property=\"og:description\" content=\"POL 159 Zobacz wi\u0119cej Optimix V Zobacz wi\u0119cej Top Fresh Zobacz wi\u0119cej Soft\u2019N Fresh Zobacz wi\u0119cej POL 104 Zobacz wi\u0119cej POL 115 Zobacz wi\u0119cej POL 116 Zobacz wi\u0119cej POL 117 Zobacz wi\u0119cej See more (20)\" \/>\n<meta property=\"og:url\" content=\"https:\/\/www.lesaffre.pl\/polepszacze\/\" \/>\n<meta property=\"og:site_name\" content=\"Lesaffre Poland\" \/>\n<meta property=\"article:modified_time\" content=\"2026-02-02T09:24:43+00:00\" \/>\n<meta property=\"og:image\" content=\"https:\/\/www.lesaffre.pl\/wp-content\/uploads\/sites\/29\/2025\/11\/pol-17.png\" \/>\n<meta name=\"twitter:card\" content=\"summary_large_image\" \/>\n<meta name=\"twitter:label1\" content=\"Est. reading time\" \/>\n\t<meta name=\"twitter:data1\" content=\"2 minutes\" \/>\n<script type=\"application\/ld+json\" class=\"yoast-schema-graph\">{\"@context\":\"https:\\\/\\\/schema.org\",\"@graph\":[{\"@type\":\"WebPage\",\"@id\":\"https:\\\/\\\/www.lesaffre.pl\\\/polepszacze\\\/\",\"url\":\"https:\\\/\\\/www.lesaffre.pl\\\/polepszacze\\\/\",\"name\":\"Improvers - Lesaffre Poland\",\"isPartOf\":{\"@id\":\"https:\\\/\\\/www.lesaffre.pl\\\/#website\"},\"primaryImageOfPage\":{\"@id\":\"https:\\\/\\\/www.lesaffre.pl\\\/polepszacze\\\/#primaryimage\"},\"image\":{\"@id\":\"https:\\\/\\\/www.lesaffre.pl\\\/polepszacze\\\/#primaryimage\"},\"thumbnailUrl\":\"https:\\\/\\\/www.lesaffre.pl\\\/wp-content\\\/uploads\\\/sites\\\/29\\\/2025\\\/11\\\/pol-17.png\",\"datePublished\":\"2025-08-25T07:11:14+00:00\",\"dateModified\":\"2026-02-02T09:24:43+00:00\",\"breadcrumb\":{\"@id\":\"https:\\\/\\\/www.lesaffre.pl\\\/polepszacze\\\/#breadcrumb\"},\"inLanguage\":\"en-US\",\"potentialAction\":[{\"@type\":\"ReadAction\",\"target\":[\"https:\\\/\\\/www.lesaffre.pl\\\/polepszacze\\\/\"]}]},{\"@type\":\"ImageObject\",\"inLanguage\":\"en-US\",\"@id\":\"https:\\\/\\\/www.lesaffre.pl\\\/polepszacze\\\/#primaryimage\",\"url\":\"https:\\\/\\\/www.lesaffre.pl\\\/wp-content\\\/uploads\\\/sites\\\/29\\\/2025\\\/11\\\/pol-17.png\",\"contentUrl\":\"https:\\\/\\\/www.lesaffre.pl\\\/wp-content\\\/uploads\\\/sites\\\/29\\\/2025\\\/11\\\/pol-17.png\"},{\"@type\":\"BreadcrumbList\",\"@id\":\"https:\\\/\\\/www.lesaffre.pl\\\/polepszacze\\\/#breadcrumb\",\"itemListElement\":[{\"@type\":\"ListItem\",\"position\":1,\"name\":\"Home\",\"item\":\"https:\\\/\\\/www.lesaffre.pl\\\/\"},{\"@type\":\"ListItem\",\"position\":2,\"name\":\"Improvers\"}]},{\"@type\":\"WebSite\",\"@id\":\"https:\\\/\\\/www.lesaffre.pl\\\/#website\",\"url\":\"https:\\\/\\\/www.lesaffre.pl\\\/\",\"name\":\"Lesaffre Poland\",\"description\":\"\",\"publisher\":{\"@id\":\"https:\\\/\\\/www.lesaffre.pl\\\/#organization\"},\"potentialAction\":[{\"@type\":\"SearchAction\",\"target\":{\"@type\":\"EntryPoint\",\"urlTemplate\":\"https:\\\/\\\/www.lesaffre.pl\\\/?s={search_term_string}\"},\"query-input\":{\"@type\":\"PropertyValueSpecification\",\"valueRequired\":true,\"valueName\":\"search_term_string\"}}],\"inLanguage\":\"en-US\"},{\"@type\":\"Organization\",\"@id\":\"https:\\\/\\\/www.lesaffre.pl\\\/#organization\",\"name\":\"Lesaffre Poland\",\"url\":\"https:\\\/\\\/www.lesaffre.pl\\\/\",\"logo\":{\"@type\":\"ImageObject\",\"inLanguage\":\"en-US\",\"@id\":\"https:\\\/\\\/www.lesaffre.pl\\\/#\\\/schema\\\/logo\\\/image\\\/\",\"url\":\"https:\\\/\\\/www.lesaffre.pl\\\/wp-content\\\/uploads\\\/sites\\\/29\\\/2022\\\/03\\\/logo.svg\",\"contentUrl\":\"https:\\\/\\\/www.lesaffre.pl\\\/wp-content\\\/uploads\\\/sites\\\/29\\\/2022\\\/03\\\/logo.svg\",\"width\":97,\"height\":98,\"caption\":\"Lesaffre Poland\"},\"image\":{\"@id\":\"https:\\\/\\\/www.lesaffre.pl\\\/#\\\/schema\\\/logo\\\/image\\\/\"}}]}<\/script>\n<!-- \/ Yoast SEO plugin. -->","yoast_head_json":{"title":"Improvers - Lesaffre Poland","robots":{"index":"index","follow":"follow","max-snippet":"max-snippet:-1","max-image-preview":"max-image-preview:large","max-video-preview":"max-video-preview:-1"},"canonical":"https:\/\/www.lesaffre.pl\/polepszacze\/","og_locale":"en_US","og_type":"article","og_title":"Improvers - Lesaffre Poland","og_description":"POL 159 Zobacz wi\u0119cej Optimix V Zobacz wi\u0119cej Top Fresh Zobacz wi\u0119cej Soft\u2019N Fresh Zobacz wi\u0119cej POL 104 Zobacz wi\u0119cej POL 115 Zobacz wi\u0119cej POL 116 Zobacz wi\u0119cej POL 117 Zobacz wi\u0119cej See more (20)","og_url":"https:\/\/www.lesaffre.pl\/polepszacze\/","og_site_name":"Lesaffre Poland","article_modified_time":"2026-02-02T09:24:43+00:00","og_image":[{"url":"https:\/\/www.lesaffre.pl\/wp-content\/uploads\/sites\/29\/2025\/11\/pol-17.png","type":"","width":"","height":""}],"twitter_card":"summary_large_image","twitter_misc":{"Est. reading time":"2 minutes"},"schema":{"@context":"https:\/\/schema.org","@graph":[{"@type":"WebPage","@id":"https:\/\/www.lesaffre.pl\/polepszacze\/","url":"https:\/\/www.lesaffre.pl\/polepszacze\/","name":"Improvers - Lesaffre Poland","isPartOf":{"@id":"https:\/\/www.lesaffre.pl\/#website"},"primaryImageOfPage":{"@id":"https:\/\/www.lesaffre.pl\/polepszacze\/#primaryimage"},"image":{"@id":"https:\/\/www.lesaffre.pl\/polepszacze\/#primaryimage"},"thumbnailUrl":"https:\/\/www.lesaffre.pl\/wp-content\/uploads\/sites\/29\/2025\/11\/pol-17.png","datePublished":"2025-08-25T07:11:14+00:00","dateModified":"2026-02-02T09:24:43+00:00","breadcrumb":{"@id":"https:\/\/www.lesaffre.pl\/polepszacze\/#breadcrumb"},"inLanguage":"en-US","potentialAction":[{"@type":"ReadAction","target":["https:\/\/www.lesaffre.pl\/polepszacze\/"]}]},{"@type":"ImageObject","inLanguage":"en-US","@id":"https:\/\/www.lesaffre.pl\/polepszacze\/#primaryimage","url":"https:\/\/www.lesaffre.pl\/wp-content\/uploads\/sites\/29\/2025\/11\/pol-17.png","contentUrl":"https:\/\/www.lesaffre.pl\/wp-content\/uploads\/sites\/29\/2025\/11\/pol-17.png"},{"@type":"BreadcrumbList","@id":"https:\/\/www.lesaffre.pl\/polepszacze\/#breadcrumb","itemListElement":[{"@type":"ListItem","position":1,"name":"Home","item":"https:\/\/www.lesaffre.pl\/"},{"@type":"ListItem","position":2,"name":"Improvers"}]},{"@type":"WebSite","@id":"https:\/\/www.lesaffre.pl\/#website","url":"https:\/\/www.lesaffre.pl\/","name":"Lesaffre Poland","description":"","publisher":{"@id":"https:\/\/www.lesaffre.pl\/#organization"},"potentialAction":[{"@type":"SearchAction","target":{"@type":"EntryPoint","urlTemplate":"https:\/\/www.lesaffre.pl\/?s={search_term_string}"},"query-input":{"@type":"PropertyValueSpecification","valueRequired":true,"valueName":"search_term_string"}}],"inLanguage":"en-US"},{"@type":"Organization","@id":"https:\/\/www.lesaffre.pl\/#organization","name":"Lesaffre Poland","url":"https:\/\/www.lesaffre.pl\/","logo":{"@type":"ImageObject","inLanguage":"en-US","@id":"https:\/\/www.lesaffre.pl\/#\/schema\/logo\/image\/","url":"https:\/\/www.lesaffre.pl\/wp-content\/uploads\/sites\/29\/2022\/03\/logo.svg","contentUrl":"https:\/\/www.lesaffre.pl\/wp-content\/uploads\/sites\/29\/2022\/03\/logo.svg","width":97,"height":98,"caption":"Lesaffre Poland"},"image":{"@id":"https:\/\/www.lesaffre.pl\/#\/schema\/logo\/image\/"}}]}},"_links":{"self":[{"href":"https:\/\/www.lesaffre.pl\/en\/wp-json\/wp\/v2\/pages\/8387","targetHints":{"allow":["GET"]}}],"collection":[{"href":"https:\/\/www.lesaffre.pl\/en\/wp-json\/wp\/v2\/pages"}],"about":[{"href":"https:\/\/www.lesaffre.pl\/en\/wp-json\/wp\/v2\/types\/page"}],"author":[{"embeddable":true,"href":"https:\/\/www.lesaffre.pl\/en\/wp-json\/wp\/v2\/users\/100"}],"replies":[{"embeddable":true,"href":"https:\/\/www.lesaffre.pl\/en\/wp-json\/wp\/v2\/comments?post=8387"}],"version-history":[{"count":4,"href":"https:\/\/www.lesaffre.pl\/en\/wp-json\/wp\/v2\/pages\/8387\/revisions"}],"predecessor-version":[{"id":8940,"href":"https:\/\/www.lesaffre.pl\/en\/wp-json\/wp\/v2\/pages\/8387\/revisions\/8940"}],"wp:attachment":[{"href":"https:\/\/www.lesaffre.pl\/en\/wp-json\/wp\/v2\/media?parent=8387"}],"curies":[{"name":"wp","href":"https:\/\/api.w.org\/{rel}","templated":true}]}}