{"id":8399,"date":"2025-08-28T10:14:42","date_gmt":"2025-08-28T08:14:42","guid":{"rendered":"https:\/\/www.lesaffre.pl\/qa\/"},"modified":"2026-01-29T09:31:06","modified_gmt":"2026-01-29T08:31:06","slug":"qa","status":"publish","type":"page","link":"https:\/\/www.lesaffre.pl\/en\/qa\/","title":{"rendered":"Q&amp;A"},"content":{"rendered":"\t\t<div data-elementor-type=\"wp-page\" data-elementor-id=\"8399\" class=\"elementor elementor-8399 elementor-3752\" data-elementor-post-type=\"page\">\n\t\t\t\t\t\t<section class=\"has_eae_slider elementor-section elementor-top-section elementor-element elementor-element-f9cf51d elementor-section-full_width elementor-section-height-min-height elementor-section-height-default elementor-section-items-middle\" data-eae-slider=\"22002\" data-id=\"f9cf51d\" data-element_type=\"section\" data-e-type=\"section\" data-settings=\"{&quot;background_background&quot;:&quot;classic&quot;}\">\n\t\t\t\t\t\t\t<div class=\"elementor-background-overlay\"><\/div>\n\t\t\t\t\t\t\t<div class=\"elementor-container elementor-column-gap-no\">\n\t\t\t\t\t<div class=\"has_eae_slider elementor-column elementor-col-100 elementor-top-column elementor-element elementor-element-480c16b8\" data-eae-slider=\"8944\" data-id=\"480c16b8\" data-element_type=\"column\" data-e-type=\"column\" data-settings=\"{&quot;background_background&quot;:&quot;classic&quot;}\">\n\t\t\t<div class=\"elementor-widget-wrap elementor-element-populated\">\n\t\t\t\t\t\t<div class=\"elementor-element elementor-element-7500e720 elementor-widget elementor-widget-heading\" data-id=\"7500e720\" data-element_type=\"widget\" data-e-type=\"widget\" data-widget_type=\"heading.default\">\n\t\t\t\t<div class=\"elementor-widget-container\">\n\t\t\t\t\t<h1 class=\"elementor-heading-title elementor-size-default\">Q&amp;A<\/h1>\t\t\t\t<\/div>\n\t\t\t\t<\/div>\n\t\t\t\t\t<\/div>\n\t\t<\/div>\n\t\t\t\t\t<\/div>\n\t\t<\/section>\n\t\t<div class=\"has_eae_slider elementor-element elementor-element-cef7d18 e-flex e-con-boxed e-con e-parent\" data-eae-slider=\"35731\" data-id=\"cef7d18\" data-element_type=\"container\" data-e-type=\"container\">\n\t\t\t\t\t<div class=\"e-con-inner\">\n\t\t\t\t<div class=\"elementor-element elementor-element-9cbadce elementor-widget elementor-widget-heading\" data-id=\"9cbadce\" data-element_type=\"widget\" data-e-type=\"widget\" data-widget_type=\"heading.default\">\n\t\t\t\t<div class=\"elementor-widget-container\">\n\t\t\t\t\t<h2 class=\"elementor-heading-title elementor-size-default\"><span style=\"font-weight: 800\">How can I apply<\/span> for a job at Lesaffre Polska?<\/h2>\t\t\t\t<\/div>\n\t\t\t\t<\/div>\n\t\t\t\t<div class=\"elementor-element elementor-element-4ab950b bottom-dot elementor-widget elementor-widget-text-editor\" data-id=\"4ab950b\" data-element_type=\"widget\" data-e-type=\"widget\" data-widget_type=\"text-editor.default\">\n\t\t\t\t<div class=\"elementor-widget-container\">\n\t\t\t\t\t\t\t\t\t<p>Apply through our website or recruitment portals where we post job offers. Just select the position that interests you, fill out a short form and\/or attach your CV. <\/p>\t\t\t\t\t\t\t\t<\/div>\n\t\t\t\t<\/div>\n\t\t\t\t\t<\/div>\n\t\t\t\t<\/div>\n\t\t<div class=\"has_eae_slider elementor-element elementor-element-2d3a70b e-flex e-con-boxed e-con e-parent\" data-eae-slider=\"11979\" data-id=\"2d3a70b\" data-element_type=\"container\" data-e-type=\"container\">\n\t\t\t\t\t<div class=\"e-con-inner\">\n\t\t\t\t<div class=\"elementor-element elementor-element-5cf8850 elementor-widget elementor-widget-heading\" data-id=\"5cf8850\" data-element_type=\"widget\" data-e-type=\"widget\" data-widget_type=\"heading.default\">\n\t\t\t\t<div class=\"elementor-widget-container\">\n\t\t\t\t\t<h2 class=\"elementor-heading-title elementor-size-default\">What does the recruitment <span style=\"font-weight: 800\">process look like?<\/span><\/h2>\t\t\t\t<\/div>\n\t\t\t\t<\/div>\n\t\t\t\t<div class=\"elementor-element elementor-element-596b825 bottom-dot elementor-widget elementor-widget-text-editor\" data-id=\"596b825\" data-element_type=\"widget\" data-e-type=\"widget\" data-widget_type=\"text-editor.default\">\n\t\t\t\t<div class=\"elementor-widget-container\">\n\t\t\t\t\t\t\t\t\t<p>The recruitment process may vary depending on the position, but it always proceeds in an orderly and transparent manner.<\/p><p><strong><span style=\"color: #906929\">COMMON STAGES FOR ALL RECRUITMENTS:<\/span><\/strong><\/p><ul><li>At the beginning, we analyze all the CVs received<\/li><li>Next, we contact the selected candidates by phone and invite them for a job interview.<\/li><li>After the process is completed, every person who applied receives an email with feedback, regardless of the decision.<\/li><\/ul><p><strong><span style=\"color: #906929\">FOR PHYSICAL POSITIONS (E.G. PRODUCTION, WAREHOUSE):<\/span><\/strong><\/p><ul><li>The recruitment process usually involves one stage &#8211; an interview with the direct supervisor and an HR representative.<\/li><li>We communicate the decision as quickly as possible &#8211; we always inform the candidates of the result.<\/li><\/ul><p><strong><span style=\"color: #906929\">FOR SPECIALIST AND MANAGERIAL POSITIONS:<\/span><\/strong><\/p><p>The process may involve 2 or 3 stages, including:<\/p><ol><li>An online or telephone interview with the HR department<\/li><li>A meeting with the future supervisor, with the participation of HR<\/li><li>For higher-level positions &#8211; an additional meeting with the director of the given area.<\/li><\/ol><p>We make sure that each stage is clear, and the candidates feel cared for &#8211; regardless of the outcome of the process.<\/p>\t\t\t\t\t\t\t\t<\/div>\n\t\t\t\t<\/div>\n\t\t\t\t\t<\/div>\n\t\t\t\t<\/div>\n\t\t<div class=\"has_eae_slider elementor-element elementor-element-66f6f5d e-flex e-con-boxed e-con e-parent\" data-eae-slider=\"52109\" data-id=\"66f6f5d\" data-element_type=\"container\" data-e-type=\"container\">\n\t\t\t\t\t<div class=\"e-con-inner\">\n\t\t\t\t<div class=\"elementor-element elementor-element-0e2c2c9 elementor-widget elementor-widget-heading\" data-id=\"0e2c2c9\" data-element_type=\"widget\" data-e-type=\"widget\" data-widget_type=\"heading.default\">\n\t\t\t\t<div class=\"elementor-widget-container\">\n\t\t\t\t\t<h2 class=\"elementor-heading-title elementor-size-default\"><span style=\"font-weight: 800\">How long does the recruitment<\/span> process take?<\/h2>\t\t\t\t<\/div>\n\t\t\t\t<\/div>\n\t\t\t\t<div class=\"elementor-element elementor-element-c6fcbd5 bottom-dot elementor-widget elementor-widget-text-editor\" data-id=\"c6fcbd5\" data-element_type=\"widget\" data-e-type=\"widget\" data-widget_type=\"text-editor.default\">\n\t\t\t\t<div class=\"elementor-widget-container\">\n\t\t\t\t\t\t\t\t\t<p>The duration of the recruitment process depends on the position and the number of stages. We always try to act as quickly and efficiently as possible, but in some cases &#8211; especially for specialist and managerial positions &#8211; the process may take a little longer. <\/p><p>At each stage, we provide clear communication and feedback, so that the candidate knows what stage of the process they are at.<\/p>\t\t\t\t\t\t\t\t<\/div>\n\t\t\t\t<\/div>\n\t\t\t\t\t<\/div>\n\t\t\t\t<\/div>\n\t\t<div class=\"has_eae_slider elementor-element elementor-element-5977fb8 e-flex e-con-boxed e-con e-parent\" data-eae-slider=\"92794\" data-id=\"5977fb8\" data-element_type=\"container\" data-e-type=\"container\">\n\t\t\t\t\t<div class=\"e-con-inner\">\n\t\t\t\t<div class=\"elementor-element elementor-element-0c52927 elementor-widget elementor-widget-heading\" data-id=\"0c52927\" data-element_type=\"widget\" data-e-type=\"widget\" data-widget_type=\"heading.default\">\n\t\t\t\t<div class=\"elementor-widget-container\">\n\t\t\t\t\t<h2 class=\"elementor-heading-title elementor-size-default\">Is <span style=\"font-weight: 800\">knowledge of the English language<\/span> required?<\/h2>\t\t\t\t<\/div>\n\t\t\t\t<\/div>\n\t\t\t\t<div class=\"elementor-element elementor-element-9453f98 bottom-dot elementor-widget elementor-widget-text-editor\" data-id=\"9453f98\" data-element_type=\"widget\" data-e-type=\"widget\" data-widget_type=\"text-editor.default\">\n\t\t\t\t<div class=\"elementor-widget-container\">\n\t\t\t\t\t\t\t\t\t<p>Depending on the position &#8211; in production areas it is not always necessary. For administrative, specialist and international relations positions, knowledge of English is a great asset. The job advertisement always contains information about the requirement of English language proficiency.  <\/p>\t\t\t\t\t\t\t\t<\/div>\n\t\t\t\t<\/div>\n\t\t\t\t\t<\/div>\n\t\t\t\t<\/div>\n\t\t<div class=\"has_eae_slider elementor-element elementor-element-4df1946 e-flex e-con-boxed e-con e-parent\" data-eae-slider=\"18207\" data-id=\"4df1946\" data-element_type=\"container\" data-e-type=\"container\">\n\t\t\t\t\t<div class=\"e-con-inner\">\n\t\t\t\t<div class=\"elementor-element elementor-element-19a96ce elementor-widget elementor-widget-heading\" data-id=\"19a96ce\" data-element_type=\"widget\" data-e-type=\"widget\" data-widget_type=\"heading.default\">\n\t\t\t\t<div class=\"elementor-widget-container\">\n\t\t\t\t\t<h2 class=\"elementor-heading-title elementor-size-default\">What <span style=\"font-weight: 800\">benefits <\/span>do you offer?  <\/h2>\t\t\t\t<\/div>\n\t\t\t\t<\/div>\n\t\t\t\t<div class=\"elementor-element elementor-element-20f5a2e bottom-dot elementor-widget elementor-widget-text-editor\" data-id=\"20f5a2e\" data-element_type=\"widget\" data-e-type=\"widget\" data-widget_type=\"text-editor.default\">\n\t\t\t\t<div class=\"elementor-widget-container\">\n\t\t\t\t\t\t\t\t\t<p>At Lesaffre Polska, we care about the comfort and development of our employees, which is why we offer a package of over 20 attractive benefits, which we are constantly expanding. When working with us, you can count on:  <\/p><ul><li>Private medical care with LUXMED,<\/li><li>Employee pension program (PPE),<\/li><li>PLUXEE holiday gift cards,<\/li><li>Subsidies for SMARTLUNCH meals,<\/li><li>Anniversary bonus,<\/li><li>Learning foreign languages with an online tutor,<\/li><li>MULTISPORT card,<\/li><li>\u201ewczasy pod grusz\u0105\u201d program<\/li><li>subsidies for nursery\/kindergarten and children&#8217;s vacations.<\/li><\/ul><p><br>At Lesaffre Polska, we invest in our people, because we believe that it is thanks to them that we can grow together.<\/p>\t\t\t\t\t\t\t\t<\/div>\n\t\t\t\t<\/div>\n\t\t\t\t\t<\/div>\n\t\t\t\t<\/div>\n\t\t<div class=\"has_eae_slider elementor-element elementor-element-ae8d0a0 e-flex e-con-boxed e-con e-parent\" data-eae-slider=\"25368\" data-id=\"ae8d0a0\" data-element_type=\"container\" data-e-type=\"container\">\n\t\t\t\t\t<div class=\"e-con-inner\">\n\t\t\t\t<div class=\"elementor-element elementor-element-5d5d642 elementor-widget elementor-widget-heading\" data-id=\"5d5d642\" data-element_type=\"widget\" data-e-type=\"widget\" data-widget_type=\"heading.default\">\n\t\t\t\t<div class=\"elementor-widget-container\">\n\t\t\t\t\t<h2 class=\"elementor-heading-title elementor-size-default\">Can I count on <span style=\"font-weight: 800\">training and skills development?<\/span> <\/h2>\t\t\t\t<\/div>\n\t\t\t\t<\/div>\n\t\t\t\t<div class=\"elementor-element elementor-element-28b713b bottom-dot elementor-widget elementor-widget-text-editor\" data-id=\"28b713b\" data-element_type=\"widget\" data-e-type=\"widget\" data-widget_type=\"text-editor.default\">\n\t\t\t\t<div class=\"elementor-widget-container\">\n\t\t\t\t\t\t\t\t\t<p>Definitely yes. We invest in the development of our employees through a wide range of training &#8211; technical, soft skills and language. In addition, we offer access to the LEA group training platform, which enables online learning and continuous improvement of qualifications. Within the Lesaffre group, we also implement development programs both in Poland and abroad, giving the opportunity to gain valuable international experience.   <\/p>\t\t\t\t\t\t\t\t<\/div>\n\t\t\t\t<\/div>\n\t\t\t\t\t<\/div>\n\t\t\t\t<\/div>\n\t\t<div class=\"has_eae_slider elementor-element elementor-element-6242c0a e-flex e-con-boxed e-con e-parent\" data-eae-slider=\"70774\" data-id=\"6242c0a\" data-element_type=\"container\" data-e-type=\"container\">\n\t\t\t\t\t<div class=\"e-con-inner\">\n\t\t\t\t<div class=\"elementor-element elementor-element-7fc228a elementor-widget elementor-widget-heading\" data-id=\"7fc228a\" data-element_type=\"widget\" data-e-type=\"widget\" data-widget_type=\"heading.default\">\n\t\t\t\t<div class=\"elementor-widget-container\">\n\t\t\t\t\t<h2 class=\"elementor-heading-title elementor-size-default\">Do you have an<span style=\"font-weight: 800\"> internship program for students?<\/span> <\/h2>\t\t\t\t<\/div>\n\t\t\t\t<\/div>\n\t\t\t\t<div class=\"elementor-element elementor-element-0b1e1e2 bottom-dot elementor-widget elementor-widget-text-editor\" data-id=\"0b1e1e2\" data-element_type=\"widget\" data-e-type=\"widget\" data-widget_type=\"text-editor.default\">\n\t\t\t\t<div class=\"elementor-widget-container\">\n\t\t\t\t\t\t\t\t\t<p>Yes &#8211; our &#8220;Swallows of the Future&#8221; program is the perfect opportunity for students and graduates to get to know our company from the inside and gain practical experience. Many people stay with us permanently after completing the internship. <\/p>\t\t\t\t\t\t\t\t<\/div>\n\t\t\t\t<\/div>\n\t\t\t\t\t<\/div>\n\t\t\t\t<\/div>\n\t\t<div class=\"has_eae_slider elementor-element elementor-element-9d4f110 e-flex e-con-boxed e-con e-parent\" data-eae-slider=\"93531\" data-id=\"9d4f110\" data-element_type=\"container\" data-e-type=\"container\">\n\t\t\t\t\t<div class=\"e-con-inner\">\n\t\t\t\t<div class=\"elementor-element elementor-element-a8e682d elementor-widget elementor-widget-heading\" data-id=\"a8e682d\" data-element_type=\"widget\" data-e-type=\"widget\" data-widget_type=\"heading.default\">\n\t\t\t\t<div class=\"elementor-widget-container\">\n\t\t\t\t\t<h2 class=\"elementor-heading-title elementor-size-default\">Do I have to <span style=\"font-weight: 800\">send my CV in different ways - on paper, by email, through portals?<\/span> <\/h2>\t\t\t\t<\/div>\n\t\t\t\t<\/div>\n\t\t\t\t<div class=\"elementor-element elementor-element-7bcda49 bottom-dot elementor-widget elementor-widget-text-editor\" data-id=\"7bcda49\" data-element_type=\"widget\" data-e-type=\"widget\" data-widget_type=\"text-editor.default\">\n\t\t\t\t<div class=\"elementor-widget-container\">\n\t\t\t\t\t\t\t\t\t<p>No, it is enough that you send us one CV in the form that is convenient for you &#8211; most conveniently online or by email. We make sure that the recruitment process is transparent and efficient, so all applications reach our system, regardless of the channel. This allows us to avoid duplicating documents and to contact you more quickly.  <\/p>\t\t\t\t\t\t\t\t<\/div>\n\t\t\t\t<\/div>\n\t\t\t\t\t<\/div>\n\t\t\t\t<\/div>\n\t\t<div class=\"has_eae_slider elementor-element elementor-element-8796ed6 e-flex e-con-boxed e-con e-parent\" data-eae-slider=\"10713\" data-id=\"8796ed6\" data-element_type=\"container\" data-e-type=\"container\">\n\t\t\t\t\t<div class=\"e-con-inner\">\n\t\t\t\t<div class=\"elementor-element elementor-element-74704e8 elementor-widget elementor-widget-heading\" data-id=\"74704e8\" data-element_type=\"widget\" data-e-type=\"widget\" data-widget_type=\"heading.default\">\n\t\t\t\t<div class=\"elementor-widget-container\">\n\t\t\t\t\t<h2 class=\"elementor-heading-title elementor-size-default\">How long do you keep my CV and can I <span style=\"font-weight: 800\">apply again?<\/span> <\/h2>\t\t\t\t<\/div>\n\t\t\t\t<\/div>\n\t\t\t\t<div class=\"elementor-element elementor-element-3e4adf9 bottom-dot elementor-widget elementor-widget-text-editor\" data-id=\"3e4adf9\" data-element_type=\"widget\" data-e-type=\"widget\" data-widget_type=\"text-editor.default\">\n\t\t\t\t<div class=\"elementor-widget-container\">\n\t\t\t\t\t\t\t\t\t<p>We keep your CV in our database for a period of one year from the date of your last application. After that time, you can confidently apply again for the positions of your choice. We encourage you to update your CV so that it always reflects your latest experience and skills.  <\/p>\t\t\t\t\t\t\t\t<\/div>\n\t\t\t\t<\/div>\n\t\t\t\t\t<\/div>\n\t\t\t\t<\/div>\n\t\t<div class=\"has_eae_slider elementor-element elementor-element-c4b5b59 e-flex e-con-boxed e-con e-parent\" data-eae-slider=\"95038\" data-id=\"c4b5b59\" data-element_type=\"container\" data-e-type=\"container\">\n\t\t\t\t\t<div class=\"e-con-inner\">\n\t\t\t\t<div class=\"elementor-element elementor-element-a7426b2 elementor-widget elementor-widget-heading\" data-id=\"a7426b2\" data-element_type=\"widget\" data-e-type=\"widget\" data-widget_type=\"heading.default\">\n\t\t\t\t<div class=\"elementor-widget-container\">\n\t\t\t\t\t<h2 class=\"elementor-heading-title elementor-size-default\">Does Lesaffre Polska have an <span style=\"font-weight: 800\">employee referral program?<\/span>  <\/h2>\t\t\t\t<\/div>\n\t\t\t\t<\/div>\n\t\t\t\t<div class=\"elementor-element elementor-element-f8e4b53 elementor-widget elementor-widget-text-editor\" data-id=\"f8e4b53\" data-element_type=\"widget\" data-e-type=\"widget\" data-widget_type=\"text-editor.default\">\n\t\t\t\t<div class=\"elementor-widget-container\">\n\t\t\t\t\t\t\t\t\t<p>Tak, w Lesaffre Polska funkcjonuje program polece\u0144 pracowniczych. Je\u015bli znasz kogo\u015b, kto pracuje u nas, mo\u017ce Ci\u0119 poleci\u0107. Pracownicy, kt\u00f3rzy polec\u0105 nowego kandydata i je\u015bli zostanie on zatrudniony, otrzymuj\u0105 nagrod\u0119. To \u015bwietna okazja, by zwi\u0119kszy\u0107 swoje szanse na zatrudnienie i do\u0142\u0105czy\u0107 do naszego zespo\u0142u.   <\/p>\t\t\t\t\t\t\t\t<\/div>\n\t\t\t\t<\/div>\n\t\t\t\t\t<\/div>\n\t\t\t\t<\/div>\n\t\t\t\t<\/div>\n\t\t","protected":false},"excerpt":{"rendered":"<p>How can I apply for a job at Lesaffre Polska? Apply through our website or recruitment portals where we post job offers. Just select the position that interests you, fill out a short form and\/or attach your CV. What does the recruitment process look like? The recruitment process may vary depending on the position, but [&hellip;]<\/p>\n","protected":false},"author":100,"featured_media":0,"parent":0,"menu_order":0,"comment_status":"closed","ping_status":"closed","template":"","meta":{"_acf_changed":false,"inline_featured_image":false,"footnotes":""},"class_list":["post-8399","page","type-page","status-publish","hentry"],"acf":[],"yoast_head":"<!-- This site is optimized with the Yoast SEO plugin v27.3 - https:\/\/yoast.com\/product\/yoast-seo-wordpress\/ -->\n<title>Q&amp;A - Lesaffre Poland<\/title>\n<meta name=\"robots\" content=\"index, follow, max-snippet:-1, max-image-preview:large, max-video-preview:-1\" \/>\n<link rel=\"canonical\" href=\"https:\/\/www.lesaffre.pl\/qa\/\" \/>\n<meta property=\"og:locale\" content=\"en_US\" \/>\n<meta property=\"og:type\" content=\"article\" \/>\n<meta property=\"og:title\" content=\"Q&amp;A - Lesaffre Poland\" \/>\n<meta property=\"og:description\" content=\"How can I apply for a job at Lesaffre Polska? Apply through our website or recruitment portals where we post job offers. Just select the position that interests you, fill out a short form and\/or attach your CV. What does the recruitment process look like? The recruitment process may vary depending on the position, but [&hellip;]\" \/>\n<meta property=\"og:url\" content=\"https:\/\/www.lesaffre.pl\/qa\/\" \/>\n<meta property=\"og:site_name\" content=\"Lesaffre Poland\" \/>\n<meta property=\"article:modified_time\" content=\"2026-01-29T08:31:06+00:00\" \/>\n<meta name=\"twitter:card\" content=\"summary_large_image\" \/>\n<meta name=\"twitter:label1\" content=\"Est. reading time\" \/>\n\t<meta name=\"twitter:data1\" content=\"4 minutes\" \/>\n<script type=\"application\/ld+json\" class=\"yoast-schema-graph\">{\"@context\":\"https:\\\/\\\/schema.org\",\"@graph\":[{\"@type\":\"WebPage\",\"@id\":\"https:\\\/\\\/www.lesaffre.pl\\\/qa\\\/\",\"url\":\"https:\\\/\\\/www.lesaffre.pl\\\/qa\\\/\",\"name\":\"Q&amp;A - Lesaffre Poland\",\"isPartOf\":{\"@id\":\"https:\\\/\\\/www.lesaffre.pl\\\/#website\"},\"datePublished\":\"2025-08-28T08:14:42+00:00\",\"dateModified\":\"2026-01-29T08:31:06+00:00\",\"breadcrumb\":{\"@id\":\"https:\\\/\\\/www.lesaffre.pl\\\/qa\\\/#breadcrumb\"},\"inLanguage\":\"en-US\",\"potentialAction\":[{\"@type\":\"ReadAction\",\"target\":[\"https:\\\/\\\/www.lesaffre.pl\\\/qa\\\/\"]}]},{\"@type\":\"BreadcrumbList\",\"@id\":\"https:\\\/\\\/www.lesaffre.pl\\\/qa\\\/#breadcrumb\",\"itemListElement\":[{\"@type\":\"ListItem\",\"position\":1,\"name\":\"Home\",\"item\":\"https:\\\/\\\/www.lesaffre.pl\\\/\"},{\"@type\":\"ListItem\",\"position\":2,\"name\":\"Q&amp;A\"}]},{\"@type\":\"WebSite\",\"@id\":\"https:\\\/\\\/www.lesaffre.pl\\\/#website\",\"url\":\"https:\\\/\\\/www.lesaffre.pl\\\/\",\"name\":\"Lesaffre Poland\",\"description\":\"\",\"publisher\":{\"@id\":\"https:\\\/\\\/www.lesaffre.pl\\\/#organization\"},\"potentialAction\":[{\"@type\":\"SearchAction\",\"target\":{\"@type\":\"EntryPoint\",\"urlTemplate\":\"https:\\\/\\\/www.lesaffre.pl\\\/?s={search_term_string}\"},\"query-input\":{\"@type\":\"PropertyValueSpecification\",\"valueRequired\":true,\"valueName\":\"search_term_string\"}}],\"inLanguage\":\"en-US\"},{\"@type\":\"Organization\",\"@id\":\"https:\\\/\\\/www.lesaffre.pl\\\/#organization\",\"name\":\"Lesaffre Poland\",\"url\":\"https:\\\/\\\/www.lesaffre.pl\\\/\",\"logo\":{\"@type\":\"ImageObject\",\"inLanguage\":\"en-US\",\"@id\":\"https:\\\/\\\/www.lesaffre.pl\\\/#\\\/schema\\\/logo\\\/image\\\/\",\"url\":\"https:\\\/\\\/www.lesaffre.pl\\\/wp-content\\\/uploads\\\/sites\\\/29\\\/2022\\\/03\\\/logo.svg\",\"contentUrl\":\"https:\\\/\\\/www.lesaffre.pl\\\/wp-content\\\/uploads\\\/sites\\\/29\\\/2022\\\/03\\\/logo.svg\",\"width\":97,\"height\":98,\"caption\":\"Lesaffre Poland\"},\"image\":{\"@id\":\"https:\\\/\\\/www.lesaffre.pl\\\/#\\\/schema\\\/logo\\\/image\\\/\"}}]}<\/script>\n<!-- \/ Yoast SEO plugin. -->","yoast_head_json":{"title":"Q&amp;A - Lesaffre Poland","robots":{"index":"index","follow":"follow","max-snippet":"max-snippet:-1","max-image-preview":"max-image-preview:large","max-video-preview":"max-video-preview:-1"},"canonical":"https:\/\/www.lesaffre.pl\/qa\/","og_locale":"en_US","og_type":"article","og_title":"Q&amp;A - Lesaffre Poland","og_description":"How can I apply for a job at Lesaffre Polska? Apply through our website or recruitment portals where we post job offers. Just select the position that interests you, fill out a short form and\/or attach your CV. What does the recruitment process look like? The recruitment process may vary depending on the position, but [&hellip;]","og_url":"https:\/\/www.lesaffre.pl\/qa\/","og_site_name":"Lesaffre Poland","article_modified_time":"2026-01-29T08:31:06+00:00","twitter_card":"summary_large_image","twitter_misc":{"Est. reading time":"4 minutes"},"schema":{"@context":"https:\/\/schema.org","@graph":[{"@type":"WebPage","@id":"https:\/\/www.lesaffre.pl\/qa\/","url":"https:\/\/www.lesaffre.pl\/qa\/","name":"Q&amp;A - Lesaffre Poland","isPartOf":{"@id":"https:\/\/www.lesaffre.pl\/#website"},"datePublished":"2025-08-28T08:14:42+00:00","dateModified":"2026-01-29T08:31:06+00:00","breadcrumb":{"@id":"https:\/\/www.lesaffre.pl\/qa\/#breadcrumb"},"inLanguage":"en-US","potentialAction":[{"@type":"ReadAction","target":["https:\/\/www.lesaffre.pl\/qa\/"]}]},{"@type":"BreadcrumbList","@id":"https:\/\/www.lesaffre.pl\/qa\/#breadcrumb","itemListElement":[{"@type":"ListItem","position":1,"name":"Home","item":"https:\/\/www.lesaffre.pl\/"},{"@type":"ListItem","position":2,"name":"Q&amp;A"}]},{"@type":"WebSite","@id":"https:\/\/www.lesaffre.pl\/#website","url":"https:\/\/www.lesaffre.pl\/","name":"Lesaffre Poland","description":"","publisher":{"@id":"https:\/\/www.lesaffre.pl\/#organization"},"potentialAction":[{"@type":"SearchAction","target":{"@type":"EntryPoint","urlTemplate":"https:\/\/www.lesaffre.pl\/?s={search_term_string}"},"query-input":{"@type":"PropertyValueSpecification","valueRequired":true,"valueName":"search_term_string"}}],"inLanguage":"en-US"},{"@type":"Organization","@id":"https:\/\/www.lesaffre.pl\/#organization","name":"Lesaffre Poland","url":"https:\/\/www.lesaffre.pl\/","logo":{"@type":"ImageObject","inLanguage":"en-US","@id":"https:\/\/www.lesaffre.pl\/#\/schema\/logo\/image\/","url":"https:\/\/www.lesaffre.pl\/wp-content\/uploads\/sites\/29\/2022\/03\/logo.svg","contentUrl":"https:\/\/www.lesaffre.pl\/wp-content\/uploads\/sites\/29\/2022\/03\/logo.svg","width":97,"height":98,"caption":"Lesaffre Poland"},"image":{"@id":"https:\/\/www.lesaffre.pl\/#\/schema\/logo\/image\/"}}]}},"_links":{"self":[{"href":"https:\/\/www.lesaffre.pl\/en\/wp-json\/wp\/v2\/pages\/8399","targetHints":{"allow":["GET"]}}],"collection":[{"href":"https:\/\/www.lesaffre.pl\/en\/wp-json\/wp\/v2\/pages"}],"about":[{"href":"https:\/\/www.lesaffre.pl\/en\/wp-json\/wp\/v2\/types\/page"}],"author":[{"embeddable":true,"href":"https:\/\/www.lesaffre.pl\/en\/wp-json\/wp\/v2\/users\/100"}],"replies":[{"embeddable":true,"href":"https:\/\/www.lesaffre.pl\/en\/wp-json\/wp\/v2\/comments?post=8399"}],"version-history":[{"count":5,"href":"https:\/\/www.lesaffre.pl\/en\/wp-json\/wp\/v2\/pages\/8399\/revisions"}],"predecessor-version":[{"id":8857,"href":"https:\/\/www.lesaffre.pl\/en\/wp-json\/wp\/v2\/pages\/8399\/revisions\/8857"}],"wp:attachment":[{"href":"https:\/\/www.lesaffre.pl\/en\/wp-json\/wp\/v2\/media?parent=8399"}],"curies":[{"name":"wp","href":"https:\/\/api.w.org\/{rel}","templated":true}]}}