{"id":8444,"date":"2025-09-15T15:17:53","date_gmt":"2025-09-15T13:17:53","guid":{"rendered":"https:\/\/www.lesaffre.pl\/produkty\/uncategorized\/bonvital\/"},"modified":"2026-02-05T15:48:22","modified_gmt":"2026-02-05T14:48:22","slug":"bonvital","status":"publish","type":"product","link":"https:\/\/www.lesaffre.pl\/en\/produkty\/mieszanki-piekarskie-2\/mieszanki-piekarskie\/bonvital\/","title":{"rendered":"BonVital"},"content":{"rendered":"<h2>Bakery mix for the production of rye and rye-wheat bread<\/h2>\n<p style=\"font-weight: 400\"><span style=\"color: #333333\">BonVital is distinguished by its natural ingredients and high content of fiber in finished products \u2013 8.3 g per 100 g. The bread contains flaxseed and sunflower seeds. Thanks to the content of barley and rye malt it has an interesting and original taste. after baking the bread stays fresh for a long time. This bread fits perfectly in the prevailing trend of healthy eating. BonVital is tasty, nutritious and full of grains. <\/span><\/p>\n","protected":false},"excerpt":{"rendered":"<h2><strong>Benefits:<\/strong><\/h2>\n<p><span style=\"color: #333333\"><strong>\u2794 wysoka zawarto\u015b\u0107 b\u0142onnika pokarmowego 8,3 g na 100 g<\/strong><\/span><\/p>\n<p><span style=\"color: #333333\"><strong>\u2794 Natural ingredients &#8211; clean label<\/strong><\/span><\/p>\n<p><span style=\"color: #333333\"><strong>\u2794 Interesting, original taste &#8211; thanks to the barley and rye malt<\/strong><\/span><\/p>\n<p><span style=\"color: #333333\"><strong>\u2794<\/strong> Moist and even crumb<\/span><\/p>\n<p><span style=\"color: #333333\"><strong>\u2794<\/strong> The bread maintains freshness for a long time<\/span><\/p>\n<p><span style=\"color: #333333\"><strong>\u2794<\/strong> Unique taste and aroma of natural baked goods<\/span><\/p>\n<p><span style=\"color: #333333\">\u2794 easy to use <\/span><\/p>\n<p><span style=\"color: #333333\"><strong>\u2794<\/strong> The addition of flaxseed and sunflower seeds, which are a valuable source of polyunsaturated fatty acids, fiber, vitamins B and E<\/span><br \/>\n<span style=\"color: #333333\">minerals<\/span><\/p>\n","protected":false},"featured_media":6755,"comment_status":"closed","ping_status":"closed","template":"","meta":{"_acf_changed":false,"inline_featured_image":false},"product_brand":[],"product_cat":[114,135],"product_tag":[],"class_list":{"0":"post-8444","1":"product","2":"type-product","3":"status-publish","4":"has-post-thumbnail","6":"product_cat-mieszanki-piekarskie","7":"product_cat-mieszanki-piekarskie-2","9":"first","10":"instock","11":"shipping-taxable","12":"product-type-simple"},"acf":[],"yoast_head":"<!-- This site is optimized with the Yoast SEO plugin v27.4 - https:\/\/yoast.com\/product\/yoast-seo-wordpress\/ -->\n<title>BonVital - Lesaffre Poland<\/title>\n<meta name=\"robots\" content=\"index, follow, max-snippet:-1, max-image-preview:large, max-video-preview:-1\" \/>\n<link rel=\"canonical\" href=\"https:\/\/www.lesaffre.pl\/en\/produkty\/mieszanki-piekarskie-2\/mieszanki-piekarskie\/bonvital\/\" \/>\n<meta property=\"og:locale\" content=\"en_US\" \/>\n<meta property=\"og:type\" content=\"article\" \/>\n<meta property=\"og:title\" content=\"BonVital - Lesaffre Poland\" \/>\n<meta property=\"og:description\" content=\"Benefits: \u2794 wysoka zawarto\u015b\u0107 b\u0142onnika pokarmowego 8,3 g na 100 g  \u2794 Natural ingredients - clean label  \u2794 Interesting, original taste - thanks to the barley and rye malt  \u2794 Moist and even crumb  \u2794 The bread maintains freshness for a long time  \u2794 Unique taste and aroma of natural baked goods  \u2794 easy to use   \u2794 The addition of flaxseed and sunflower seeds, which are a valuable source of polyunsaturated fatty acids, fiber, vitamins B and E minerals\" \/>\n<meta property=\"og:url\" content=\"https:\/\/www.lesaffre.pl\/en\/produkty\/mieszanki-piekarskie-2\/mieszanki-piekarskie\/bonvital\/\" \/>\n<meta property=\"og:site_name\" content=\"Lesaffre Poland\" \/>\n<meta property=\"article:modified_time\" content=\"2026-02-05T14:48:22+00:00\" \/>\n<meta property=\"og:image\" content=\"https:\/\/www.lesaffre.pl\/wp-content\/uploads\/sites\/29\/2025\/09\/bonvital.png\" \/>\n\t<meta property=\"og:image:width\" content=\"940\" \/>\n\t<meta property=\"og:image:height\" content=\"788\" \/>\n\t<meta property=\"og:image:type\" content=\"image\/png\" \/>\n<meta name=\"twitter:card\" content=\"summary_large_image\" \/>\n<script type=\"application\/ld+json\" class=\"yoast-schema-graph\">{\"@context\":\"https:\\\/\\\/schema.org\",\"@graph\":[{\"@type\":\"WebPage\",\"@id\":\"https:\\\/\\\/www.lesaffre.pl\\\/en\\\/produkty\\\/mieszanki-piekarskie-2\\\/mieszanki-piekarskie\\\/bonvital\\\/\",\"url\":\"https:\\\/\\\/www.lesaffre.pl\\\/en\\\/produkty\\\/mieszanki-piekarskie-2\\\/mieszanki-piekarskie\\\/bonvital\\\/\",\"name\":\"BonVital - Lesaffre Poland\",\"isPartOf\":{\"@id\":\"https:\\\/\\\/www.lesaffre.pl\\\/#website\"},\"primaryImageOfPage\":{\"@id\":\"https:\\\/\\\/www.lesaffre.pl\\\/en\\\/produkty\\\/mieszanki-piekarskie-2\\\/mieszanki-piekarskie\\\/bonvital\\\/#primaryimage\"},\"image\":{\"@id\":\"https:\\\/\\\/www.lesaffre.pl\\\/en\\\/produkty\\\/mieszanki-piekarskie-2\\\/mieszanki-piekarskie\\\/bonvital\\\/#primaryimage\"},\"thumbnailUrl\":\"https:\\\/\\\/www.lesaffre.pl\\\/wp-content\\\/uploads\\\/sites\\\/29\\\/2025\\\/09\\\/bonvital.png\",\"datePublished\":\"2025-09-15T13:17:53+00:00\",\"dateModified\":\"2026-02-05T14:48:22+00:00\",\"breadcrumb\":{\"@id\":\"https:\\\/\\\/www.lesaffre.pl\\\/en\\\/produkty\\\/mieszanki-piekarskie-2\\\/mieszanki-piekarskie\\\/bonvital\\\/#breadcrumb\"},\"inLanguage\":\"en-US\",\"potentialAction\":[{\"@type\":\"ReadAction\",\"target\":[\"https:\\\/\\\/www.lesaffre.pl\\\/en\\\/produkty\\\/mieszanki-piekarskie-2\\\/mieszanki-piekarskie\\\/bonvital\\\/\"]}]},{\"@type\":\"ImageObject\",\"inLanguage\":\"en-US\",\"@id\":\"https:\\\/\\\/www.lesaffre.pl\\\/en\\\/produkty\\\/mieszanki-piekarskie-2\\\/mieszanki-piekarskie\\\/bonvital\\\/#primaryimage\",\"url\":\"https:\\\/\\\/www.lesaffre.pl\\\/wp-content\\\/uploads\\\/sites\\\/29\\\/2025\\\/09\\\/bonvital.png\",\"contentUrl\":\"https:\\\/\\\/www.lesaffre.pl\\\/wp-content\\\/uploads\\\/sites\\\/29\\\/2025\\\/09\\\/bonvital.png\",\"width\":940,\"height\":788},{\"@type\":\"BreadcrumbList\",\"@id\":\"https:\\\/\\\/www.lesaffre.pl\\\/en\\\/produkty\\\/mieszanki-piekarskie-2\\\/mieszanki-piekarskie\\\/bonvital\\\/#breadcrumb\",\"itemListElement\":[{\"@type\":\"ListItem\",\"position\":1,\"name\":\"Home\",\"item\":\"https:\\\/\\\/www.lesaffre.pl\\\/\"},{\"@type\":\"ListItem\",\"position\":2,\"name\":\"Boutique\",\"item\":\"https:\\\/\\\/www.lesaffre.pl\\\/en\\\/boutique\\\/\"},{\"@type\":\"ListItem\",\"position\":3,\"name\":\"BonVital\"}]},{\"@type\":\"WebSite\",\"@id\":\"https:\\\/\\\/www.lesaffre.pl\\\/#website\",\"url\":\"https:\\\/\\\/www.lesaffre.pl\\\/\",\"name\":\"Lesaffre Poland\",\"description\":\"\",\"publisher\":{\"@id\":\"https:\\\/\\\/www.lesaffre.pl\\\/#organization\"},\"potentialAction\":[{\"@type\":\"SearchAction\",\"target\":{\"@type\":\"EntryPoint\",\"urlTemplate\":\"https:\\\/\\\/www.lesaffre.pl\\\/?s={search_term_string}\"},\"query-input\":{\"@type\":\"PropertyValueSpecification\",\"valueRequired\":true,\"valueName\":\"search_term_string\"}}],\"inLanguage\":\"en-US\"},{\"@type\":\"Organization\",\"@id\":\"https:\\\/\\\/www.lesaffre.pl\\\/#organization\",\"name\":\"Lesaffre Poland\",\"url\":\"https:\\\/\\\/www.lesaffre.pl\\\/\",\"logo\":{\"@type\":\"ImageObject\",\"inLanguage\":\"en-US\",\"@id\":\"https:\\\/\\\/www.lesaffre.pl\\\/#\\\/schema\\\/logo\\\/image\\\/\",\"url\":\"https:\\\/\\\/www.lesaffre.pl\\\/wp-content\\\/uploads\\\/sites\\\/29\\\/2022\\\/03\\\/logo.svg\",\"contentUrl\":\"https:\\\/\\\/www.lesaffre.pl\\\/wp-content\\\/uploads\\\/sites\\\/29\\\/2022\\\/03\\\/logo.svg\",\"width\":97,\"height\":98,\"caption\":\"Lesaffre Poland\"},\"image\":{\"@id\":\"https:\\\/\\\/www.lesaffre.pl\\\/#\\\/schema\\\/logo\\\/image\\\/\"}}]}<\/script>\n<!-- \/ Yoast SEO plugin. -->","yoast_head_json":{"title":"BonVital - Lesaffre Poland","robots":{"index":"index","follow":"follow","max-snippet":"max-snippet:-1","max-image-preview":"max-image-preview:large","max-video-preview":"max-video-preview:-1"},"canonical":"https:\/\/www.lesaffre.pl\/en\/produkty\/mieszanki-piekarskie-2\/mieszanki-piekarskie\/bonvital\/","og_locale":"en_US","og_type":"article","og_title":"BonVital - Lesaffre Poland","og_description":"Benefits: \u2794 wysoka zawarto\u015b\u0107 b\u0142onnika pokarmowego 8,3 g na 100 g  \u2794 Natural ingredients - clean label  \u2794 Interesting, original taste - thanks to the barley and rye malt  \u2794 Moist and even crumb  \u2794 The bread maintains freshness for a long time  \u2794 Unique taste and aroma of natural baked goods  \u2794 easy to use   \u2794 The addition of flaxseed and sunflower seeds, which are a valuable source of polyunsaturated fatty acids, fiber, vitamins B and E minerals","og_url":"https:\/\/www.lesaffre.pl\/en\/produkty\/mieszanki-piekarskie-2\/mieszanki-piekarskie\/bonvital\/","og_site_name":"Lesaffre Poland","article_modified_time":"2026-02-05T14:48:22+00:00","og_image":[{"width":940,"height":788,"url":"https:\/\/www.lesaffre.pl\/wp-content\/uploads\/sites\/29\/2025\/09\/bonvital.png","type":"image\/png"}],"twitter_card":"summary_large_image","schema":{"@context":"https:\/\/schema.org","@graph":[{"@type":"WebPage","@id":"https:\/\/www.lesaffre.pl\/en\/produkty\/mieszanki-piekarskie-2\/mieszanki-piekarskie\/bonvital\/","url":"https:\/\/www.lesaffre.pl\/en\/produkty\/mieszanki-piekarskie-2\/mieszanki-piekarskie\/bonvital\/","name":"BonVital - Lesaffre Poland","isPartOf":{"@id":"https:\/\/www.lesaffre.pl\/#website"},"primaryImageOfPage":{"@id":"https:\/\/www.lesaffre.pl\/en\/produkty\/mieszanki-piekarskie-2\/mieszanki-piekarskie\/bonvital\/#primaryimage"},"image":{"@id":"https:\/\/www.lesaffre.pl\/en\/produkty\/mieszanki-piekarskie-2\/mieszanki-piekarskie\/bonvital\/#primaryimage"},"thumbnailUrl":"https:\/\/www.lesaffre.pl\/wp-content\/uploads\/sites\/29\/2025\/09\/bonvital.png","datePublished":"2025-09-15T13:17:53+00:00","dateModified":"2026-02-05T14:48:22+00:00","breadcrumb":{"@id":"https:\/\/www.lesaffre.pl\/en\/produkty\/mieszanki-piekarskie-2\/mieszanki-piekarskie\/bonvital\/#breadcrumb"},"inLanguage":"en-US","potentialAction":[{"@type":"ReadAction","target":["https:\/\/www.lesaffre.pl\/en\/produkty\/mieszanki-piekarskie-2\/mieszanki-piekarskie\/bonvital\/"]}]},{"@type":"ImageObject","inLanguage":"en-US","@id":"https:\/\/www.lesaffre.pl\/en\/produkty\/mieszanki-piekarskie-2\/mieszanki-piekarskie\/bonvital\/#primaryimage","url":"https:\/\/www.lesaffre.pl\/wp-content\/uploads\/sites\/29\/2025\/09\/bonvital.png","contentUrl":"https:\/\/www.lesaffre.pl\/wp-content\/uploads\/sites\/29\/2025\/09\/bonvital.png","width":940,"height":788},{"@type":"BreadcrumbList","@id":"https:\/\/www.lesaffre.pl\/en\/produkty\/mieszanki-piekarskie-2\/mieszanki-piekarskie\/bonvital\/#breadcrumb","itemListElement":[{"@type":"ListItem","position":1,"name":"Home","item":"https:\/\/www.lesaffre.pl\/"},{"@type":"ListItem","position":2,"name":"Boutique","item":"https:\/\/www.lesaffre.pl\/en\/boutique\/"},{"@type":"ListItem","position":3,"name":"BonVital"}]},{"@type":"WebSite","@id":"https:\/\/www.lesaffre.pl\/#website","url":"https:\/\/www.lesaffre.pl\/","name":"Lesaffre Poland","description":"","publisher":{"@id":"https:\/\/www.lesaffre.pl\/#organization"},"potentialAction":[{"@type":"SearchAction","target":{"@type":"EntryPoint","urlTemplate":"https:\/\/www.lesaffre.pl\/?s={search_term_string}"},"query-input":{"@type":"PropertyValueSpecification","valueRequired":true,"valueName":"search_term_string"}}],"inLanguage":"en-US"},{"@type":"Organization","@id":"https:\/\/www.lesaffre.pl\/#organization","name":"Lesaffre Poland","url":"https:\/\/www.lesaffre.pl\/","logo":{"@type":"ImageObject","inLanguage":"en-US","@id":"https:\/\/www.lesaffre.pl\/#\/schema\/logo\/image\/","url":"https:\/\/www.lesaffre.pl\/wp-content\/uploads\/sites\/29\/2022\/03\/logo.svg","contentUrl":"https:\/\/www.lesaffre.pl\/wp-content\/uploads\/sites\/29\/2022\/03\/logo.svg","width":97,"height":98,"caption":"Lesaffre Poland"},"image":{"@id":"https:\/\/www.lesaffre.pl\/#\/schema\/logo\/image\/"}}]}},"_links":{"self":[{"href":"https:\/\/www.lesaffre.pl\/en\/wp-json\/wp\/v2\/product\/8444","targetHints":{"allow":["GET"]}}],"collection":[{"href":"https:\/\/www.lesaffre.pl\/en\/wp-json\/wp\/v2\/product"}],"about":[{"href":"https:\/\/www.lesaffre.pl\/en\/wp-json\/wp\/v2\/types\/product"}],"replies":[{"embeddable":true,"href":"https:\/\/www.lesaffre.pl\/en\/wp-json\/wp\/v2\/comments?post=8444"}],"version-history":[{"count":1,"href":"https:\/\/www.lesaffre.pl\/en\/wp-json\/wp\/v2\/product\/8444\/revisions"}],"predecessor-version":[{"id":9155,"href":"https:\/\/www.lesaffre.pl\/en\/wp-json\/wp\/v2\/product\/8444\/revisions\/9155"}],"wp:featuredmedia":[{"embeddable":true,"href":"https:\/\/www.lesaffre.pl\/en\/wp-json\/wp\/v2\/media\/6755"}],"wp:attachment":[{"href":"https:\/\/www.lesaffre.pl\/en\/wp-json\/wp\/v2\/media?parent=8444"}],"wp:term":[{"taxonomy":"product_brand","embeddable":true,"href":"https:\/\/www.lesaffre.pl\/en\/wp-json\/wp\/v2\/product_brand?post=8444"},{"taxonomy":"product_cat","embeddable":true,"href":"https:\/\/www.lesaffre.pl\/en\/wp-json\/wp\/v2\/product_cat?post=8444"},{"taxonomy":"product_tag","embeddable":true,"href":"https:\/\/www.lesaffre.pl\/en\/wp-json\/wp\/v2\/product_tag?post=8444"}],"curies":[{"name":"wp","href":"https:\/\/api.w.org\/{rel}","templated":true}]}}