{"id":8449,"date":"2025-09-15T15:12:33","date_gmt":"2025-09-15T13:12:33","guid":{"rendered":"https:\/\/www.lesaffre.pl\/produkty\/uncategorized\/znakomity-excellent\/"},"modified":"2026-02-06T08:20:49","modified_gmt":"2026-02-06T07:20:49","slug":"znakomity-excellent","status":"publish","type":"product","link":"https:\/\/www.lesaffre.pl\/en\/produkty\/mieszanki-piekarskie-2\/mieszanki-piekarskie\/znakomity-excellent\/","title":{"rendered":"Excellent"},"content":{"rendered":"<h2>Bakery mix for the production of multigrain bread enriched with folic acid<\/h2>\n<p>For centuries bread and cereal products have been the most important food. Cereal products should make an important part of a well-composed diet, including bread which is a source of valuable nutrients. excellent bread adds a great variety to the diet as it contains numerous nutrients, including, among others, folic acid, fiber and protein. in addition to this excellent bread has an extremely attractive appearance and taste due to the content of many grains, such as sunflower seeds, wheat grain, brown flaxseed, sesame, rye grain and thanks to rye and potato flakes.<\/p>\n","protected":false},"excerpt":{"rendered":"<h2><strong>Benefits:<\/strong><\/h2>\n<p>\u2794 high content of folic acid (331 \u03bcg in 100 g of finished product)*<br \/>\nFolate:<br \/>\n&#8211; help in the proper production of blood,<br \/>\n&#8211; help in the proper functioning of the immune system,<br \/>\n&#8211; they contribute to the reduction of tiredness and fatigue,<br \/>\n&#8211; they contribute to the growth of maternal tissues during pregnancy<\/p>\n<p><strong>\u2794 high content of fiber (6.9 g per 100 g of finished product)<\/strong><\/p>\n<p><strong>\u2794 source of protein (13 g per 100 g of finished product)<br \/>\nprotein helps in maintaining:<br \/>\n&#8211; muscle mass,<br \/>\n&#8211; healthy bones.<\/p>\n<p><\/strong><\/p>\n<p>*2 kromki chleba Znakomity pokrywaj\u0105 dzienne zapotrzebowanie na kwas foliowy osoby doros\u0142ej wg RWS **(200 \u00b5g).<br \/>\n**Dzienna Referencyjna Warto\u015b\u0107 Spo\u017cycia witamin i sk\u0142adnik\u00f3w mineralnych dla os\u00f3b doros\u0142ych.<\/p>\n","protected":false},"featured_media":6987,"comment_status":"closed","ping_status":"closed","template":"","meta":{"_acf_changed":false,"inline_featured_image":false},"product_brand":[],"product_cat":[114,135],"product_tag":[],"class_list":{"0":"post-8449","1":"product","2":"type-product","3":"status-publish","4":"has-post-thumbnail","6":"product_cat-mieszanki-piekarskie","7":"product_cat-mieszanki-piekarskie-2","9":"first","10":"instock","11":"shipping-taxable","12":"product-type-simple"},"acf":[],"yoast_head":"<!-- This site is optimized with the Yoast SEO plugin v27.4 - https:\/\/yoast.com\/product\/yoast-seo-wordpress\/ -->\n<title>Excellent - Lesaffre Poland<\/title>\n<meta name=\"robots\" content=\"index, follow, max-snippet:-1, max-image-preview:large, max-video-preview:-1\" \/>\n<link rel=\"canonical\" href=\"https:\/\/www.lesaffre.pl\/en\/produkty\/mieszanki-piekarskie-2\/mieszanki-piekarskie\/znakomity-excellent\/\" \/>\n<meta property=\"og:locale\" content=\"en_US\" \/>\n<meta property=\"og:type\" content=\"article\" \/>\n<meta property=\"og:title\" content=\"Excellent - Lesaffre Poland\" \/>\n<meta property=\"og:description\" content=\"Benefits: \u2794 high content of folic acid (331 \u03bcg in 100 g of finished product)* Folate: - help in the proper production of blood, - help in the proper functioning of the immune system, - they contribute to the reduction of tiredness and fatigue, - they contribute to the growth of maternal tissues during pregnancy  \u2794 high content of fiber (6.9 g per 100 g of finished product)  \u2794 source of protein (13 g per 100 g of finished product) protein helps in maintaining: - muscle mass, - healthy bones.    *2 kromki chleba Znakomity pokrywaj\u0105 dzienne zapotrzebowanie na kwas foliowy osoby doros\u0142ej wg RWS **(200 \u00b5g). **Dzienna Referencyjna Warto\u015b\u0107 Spo\u017cycia witamin i sk\u0142adnik\u00f3w mineralnych dla os\u00f3b doros\u0142ych.\" \/>\n<meta property=\"og:url\" content=\"https:\/\/www.lesaffre.pl\/en\/produkty\/mieszanki-piekarskie-2\/mieszanki-piekarskie\/znakomity-excellent\/\" \/>\n<meta property=\"og:site_name\" content=\"Lesaffre Poland\" \/>\n<meta property=\"article:modified_time\" content=\"2026-02-06T07:20:49+00:00\" \/>\n<meta property=\"og:image\" content=\"https:\/\/www.lesaffre.pl\/wp-content\/uploads\/sites\/29\/2025\/09\/znakomity-1.png\" \/>\n\t<meta property=\"og:image:width\" content=\"940\" \/>\n\t<meta property=\"og:image:height\" content=\"788\" \/>\n\t<meta property=\"og:image:type\" content=\"image\/png\" \/>\n<meta name=\"twitter:card\" content=\"summary_large_image\" \/>\n<meta name=\"twitter:label1\" content=\"Est. reading time\" \/>\n\t<meta name=\"twitter:data1\" content=\"1 minute\" \/>\n<script type=\"application\/ld+json\" class=\"yoast-schema-graph\">{\"@context\":\"https:\\\/\\\/schema.org\",\"@graph\":[{\"@type\":\"WebPage\",\"@id\":\"https:\\\/\\\/www.lesaffre.pl\\\/en\\\/produkty\\\/mieszanki-piekarskie-2\\\/mieszanki-piekarskie\\\/znakomity-excellent\\\/\",\"url\":\"https:\\\/\\\/www.lesaffre.pl\\\/en\\\/produkty\\\/mieszanki-piekarskie-2\\\/mieszanki-piekarskie\\\/znakomity-excellent\\\/\",\"name\":\"Excellent - Lesaffre Poland\",\"isPartOf\":{\"@id\":\"https:\\\/\\\/www.lesaffre.pl\\\/#website\"},\"primaryImageOfPage\":{\"@id\":\"https:\\\/\\\/www.lesaffre.pl\\\/en\\\/produkty\\\/mieszanki-piekarskie-2\\\/mieszanki-piekarskie\\\/znakomity-excellent\\\/#primaryimage\"},\"image\":{\"@id\":\"https:\\\/\\\/www.lesaffre.pl\\\/en\\\/produkty\\\/mieszanki-piekarskie-2\\\/mieszanki-piekarskie\\\/znakomity-excellent\\\/#primaryimage\"},\"thumbnailUrl\":\"https:\\\/\\\/www.lesaffre.pl\\\/wp-content\\\/uploads\\\/sites\\\/29\\\/2025\\\/09\\\/znakomity-1.png\",\"datePublished\":\"2025-09-15T13:12:33+00:00\",\"dateModified\":\"2026-02-06T07:20:49+00:00\",\"breadcrumb\":{\"@id\":\"https:\\\/\\\/www.lesaffre.pl\\\/en\\\/produkty\\\/mieszanki-piekarskie-2\\\/mieszanki-piekarskie\\\/znakomity-excellent\\\/#breadcrumb\"},\"inLanguage\":\"en-US\",\"potentialAction\":[{\"@type\":\"ReadAction\",\"target\":[\"https:\\\/\\\/www.lesaffre.pl\\\/en\\\/produkty\\\/mieszanki-piekarskie-2\\\/mieszanki-piekarskie\\\/znakomity-excellent\\\/\"]}]},{\"@type\":\"ImageObject\",\"inLanguage\":\"en-US\",\"@id\":\"https:\\\/\\\/www.lesaffre.pl\\\/en\\\/produkty\\\/mieszanki-piekarskie-2\\\/mieszanki-piekarskie\\\/znakomity-excellent\\\/#primaryimage\",\"url\":\"https:\\\/\\\/www.lesaffre.pl\\\/wp-content\\\/uploads\\\/sites\\\/29\\\/2025\\\/09\\\/znakomity-1.png\",\"contentUrl\":\"https:\\\/\\\/www.lesaffre.pl\\\/wp-content\\\/uploads\\\/sites\\\/29\\\/2025\\\/09\\\/znakomity-1.png\",\"width\":940,\"height\":788},{\"@type\":\"BreadcrumbList\",\"@id\":\"https:\\\/\\\/www.lesaffre.pl\\\/en\\\/produkty\\\/mieszanki-piekarskie-2\\\/mieszanki-piekarskie\\\/znakomity-excellent\\\/#breadcrumb\",\"itemListElement\":[{\"@type\":\"ListItem\",\"position\":1,\"name\":\"Home\",\"item\":\"https:\\\/\\\/www.lesaffre.pl\\\/\"},{\"@type\":\"ListItem\",\"position\":2,\"name\":\"Boutique\",\"item\":\"https:\\\/\\\/www.lesaffre.pl\\\/en\\\/boutique\\\/\"},{\"@type\":\"ListItem\",\"position\":3,\"name\":\"Excellent\"}]},{\"@type\":\"WebSite\",\"@id\":\"https:\\\/\\\/www.lesaffre.pl\\\/#website\",\"url\":\"https:\\\/\\\/www.lesaffre.pl\\\/\",\"name\":\"Lesaffre Poland\",\"description\":\"\",\"publisher\":{\"@id\":\"https:\\\/\\\/www.lesaffre.pl\\\/#organization\"},\"potentialAction\":[{\"@type\":\"SearchAction\",\"target\":{\"@type\":\"EntryPoint\",\"urlTemplate\":\"https:\\\/\\\/www.lesaffre.pl\\\/?s={search_term_string}\"},\"query-input\":{\"@type\":\"PropertyValueSpecification\",\"valueRequired\":true,\"valueName\":\"search_term_string\"}}],\"inLanguage\":\"en-US\"},{\"@type\":\"Organization\",\"@id\":\"https:\\\/\\\/www.lesaffre.pl\\\/#organization\",\"name\":\"Lesaffre Poland\",\"url\":\"https:\\\/\\\/www.lesaffre.pl\\\/\",\"logo\":{\"@type\":\"ImageObject\",\"inLanguage\":\"en-US\",\"@id\":\"https:\\\/\\\/www.lesaffre.pl\\\/#\\\/schema\\\/logo\\\/image\\\/\",\"url\":\"https:\\\/\\\/www.lesaffre.pl\\\/wp-content\\\/uploads\\\/sites\\\/29\\\/2022\\\/03\\\/logo.svg\",\"contentUrl\":\"https:\\\/\\\/www.lesaffre.pl\\\/wp-content\\\/uploads\\\/sites\\\/29\\\/2022\\\/03\\\/logo.svg\",\"width\":97,\"height\":98,\"caption\":\"Lesaffre Poland\"},\"image\":{\"@id\":\"https:\\\/\\\/www.lesaffre.pl\\\/#\\\/schema\\\/logo\\\/image\\\/\"}}]}<\/script>\n<!-- \/ Yoast SEO plugin. -->","yoast_head_json":{"title":"Excellent - Lesaffre Poland","robots":{"index":"index","follow":"follow","max-snippet":"max-snippet:-1","max-image-preview":"max-image-preview:large","max-video-preview":"max-video-preview:-1"},"canonical":"https:\/\/www.lesaffre.pl\/en\/produkty\/mieszanki-piekarskie-2\/mieszanki-piekarskie\/znakomity-excellent\/","og_locale":"en_US","og_type":"article","og_title":"Excellent - Lesaffre Poland","og_description":"Benefits: \u2794 high content of folic acid (331 \u03bcg in 100 g of finished product)* Folate: - help in the proper production of blood, - help in the proper functioning of the immune system, - they contribute to the reduction of tiredness and fatigue, - they contribute to the growth of maternal tissues during pregnancy  \u2794 high content of fiber (6.9 g per 100 g of finished product)  \u2794 source of protein (13 g per 100 g of finished product) protein helps in maintaining: - muscle mass, - healthy bones.    *2 kromki chleba Znakomity pokrywaj\u0105 dzienne zapotrzebowanie na kwas foliowy osoby doros\u0142ej wg RWS **(200 \u00b5g). **Dzienna Referencyjna Warto\u015b\u0107 Spo\u017cycia witamin i sk\u0142adnik\u00f3w mineralnych dla os\u00f3b doros\u0142ych.","og_url":"https:\/\/www.lesaffre.pl\/en\/produkty\/mieszanki-piekarskie-2\/mieszanki-piekarskie\/znakomity-excellent\/","og_site_name":"Lesaffre Poland","article_modified_time":"2026-02-06T07:20:49+00:00","og_image":[{"width":940,"height":788,"url":"https:\/\/www.lesaffre.pl\/wp-content\/uploads\/sites\/29\/2025\/09\/znakomity-1.png","type":"image\/png"}],"twitter_card":"summary_large_image","twitter_misc":{"Est. reading time":"1 minute"},"schema":{"@context":"https:\/\/schema.org","@graph":[{"@type":"WebPage","@id":"https:\/\/www.lesaffre.pl\/en\/produkty\/mieszanki-piekarskie-2\/mieszanki-piekarskie\/znakomity-excellent\/","url":"https:\/\/www.lesaffre.pl\/en\/produkty\/mieszanki-piekarskie-2\/mieszanki-piekarskie\/znakomity-excellent\/","name":"Excellent - Lesaffre Poland","isPartOf":{"@id":"https:\/\/www.lesaffre.pl\/#website"},"primaryImageOfPage":{"@id":"https:\/\/www.lesaffre.pl\/en\/produkty\/mieszanki-piekarskie-2\/mieszanki-piekarskie\/znakomity-excellent\/#primaryimage"},"image":{"@id":"https:\/\/www.lesaffre.pl\/en\/produkty\/mieszanki-piekarskie-2\/mieszanki-piekarskie\/znakomity-excellent\/#primaryimage"},"thumbnailUrl":"https:\/\/www.lesaffre.pl\/wp-content\/uploads\/sites\/29\/2025\/09\/znakomity-1.png","datePublished":"2025-09-15T13:12:33+00:00","dateModified":"2026-02-06T07:20:49+00:00","breadcrumb":{"@id":"https:\/\/www.lesaffre.pl\/en\/produkty\/mieszanki-piekarskie-2\/mieszanki-piekarskie\/znakomity-excellent\/#breadcrumb"},"inLanguage":"en-US","potentialAction":[{"@type":"ReadAction","target":["https:\/\/www.lesaffre.pl\/en\/produkty\/mieszanki-piekarskie-2\/mieszanki-piekarskie\/znakomity-excellent\/"]}]},{"@type":"ImageObject","inLanguage":"en-US","@id":"https:\/\/www.lesaffre.pl\/en\/produkty\/mieszanki-piekarskie-2\/mieszanki-piekarskie\/znakomity-excellent\/#primaryimage","url":"https:\/\/www.lesaffre.pl\/wp-content\/uploads\/sites\/29\/2025\/09\/znakomity-1.png","contentUrl":"https:\/\/www.lesaffre.pl\/wp-content\/uploads\/sites\/29\/2025\/09\/znakomity-1.png","width":940,"height":788},{"@type":"BreadcrumbList","@id":"https:\/\/www.lesaffre.pl\/en\/produkty\/mieszanki-piekarskie-2\/mieszanki-piekarskie\/znakomity-excellent\/#breadcrumb","itemListElement":[{"@type":"ListItem","position":1,"name":"Home","item":"https:\/\/www.lesaffre.pl\/"},{"@type":"ListItem","position":2,"name":"Boutique","item":"https:\/\/www.lesaffre.pl\/en\/boutique\/"},{"@type":"ListItem","position":3,"name":"Excellent"}]},{"@type":"WebSite","@id":"https:\/\/www.lesaffre.pl\/#website","url":"https:\/\/www.lesaffre.pl\/","name":"Lesaffre Poland","description":"","publisher":{"@id":"https:\/\/www.lesaffre.pl\/#organization"},"potentialAction":[{"@type":"SearchAction","target":{"@type":"EntryPoint","urlTemplate":"https:\/\/www.lesaffre.pl\/?s={search_term_string}"},"query-input":{"@type":"PropertyValueSpecification","valueRequired":true,"valueName":"search_term_string"}}],"inLanguage":"en-US"},{"@type":"Organization","@id":"https:\/\/www.lesaffre.pl\/#organization","name":"Lesaffre Poland","url":"https:\/\/www.lesaffre.pl\/","logo":{"@type":"ImageObject","inLanguage":"en-US","@id":"https:\/\/www.lesaffre.pl\/#\/schema\/logo\/image\/","url":"https:\/\/www.lesaffre.pl\/wp-content\/uploads\/sites\/29\/2022\/03\/logo.svg","contentUrl":"https:\/\/www.lesaffre.pl\/wp-content\/uploads\/sites\/29\/2022\/03\/logo.svg","width":97,"height":98,"caption":"Lesaffre Poland"},"image":{"@id":"https:\/\/www.lesaffre.pl\/#\/schema\/logo\/image\/"}}]}},"_links":{"self":[{"href":"https:\/\/www.lesaffre.pl\/en\/wp-json\/wp\/v2\/product\/8449","targetHints":{"allow":["GET"]}}],"collection":[{"href":"https:\/\/www.lesaffre.pl\/en\/wp-json\/wp\/v2\/product"}],"about":[{"href":"https:\/\/www.lesaffre.pl\/en\/wp-json\/wp\/v2\/types\/product"}],"replies":[{"embeddable":true,"href":"https:\/\/www.lesaffre.pl\/en\/wp-json\/wp\/v2\/comments?post=8449"}],"version-history":[{"count":2,"href":"https:\/\/www.lesaffre.pl\/en\/wp-json\/wp\/v2\/product\/8449\/revisions"}],"predecessor-version":[{"id":9158,"href":"https:\/\/www.lesaffre.pl\/en\/wp-json\/wp\/v2\/product\/8449\/revisions\/9158"}],"wp:featuredmedia":[{"embeddable":true,"href":"https:\/\/www.lesaffre.pl\/en\/wp-json\/wp\/v2\/media\/6987"}],"wp:attachment":[{"href":"https:\/\/www.lesaffre.pl\/en\/wp-json\/wp\/v2\/media?parent=8449"}],"wp:term":[{"taxonomy":"product_brand","embeddable":true,"href":"https:\/\/www.lesaffre.pl\/en\/wp-json\/wp\/v2\/product_brand?post=8449"},{"taxonomy":"product_cat","embeddable":true,"href":"https:\/\/www.lesaffre.pl\/en\/wp-json\/wp\/v2\/product_cat?post=8449"},{"taxonomy":"product_tag","embeddable":true,"href":"https:\/\/www.lesaffre.pl\/en\/wp-json\/wp\/v2\/product_tag?post=8449"}],"curies":[{"name":"wp","href":"https:\/\/api.w.org\/{rel}","templated":true}]}}