{"id":8524,"date":"2025-09-16T15:34:03","date_gmt":"2025-09-16T13:34:03","guid":{"rendered":"https:\/\/www.lesaffre.pl\/produkty\/uncategorized\/czeko-muffin\/"},"modified":"2026-02-05T13:27:52","modified_gmt":"2026-02-05T12:27:52","slug":"czeko-muffin","status":"publish","type":"product","link":"https:\/\/www.lesaffre.pl\/en\/produkty\/mieszanki-i-dodatki-cukiernicze\/mieszanki-cukiernicze\/czeko-muffin\/","title":{"rendered":"Czeko-Muffin"},"content":{"rendered":"<h2>Confectionery mix for making chocolate muffins and buns<\/h2>\n<p class=\"western\" lang=\"pl-PL\"><span style=\"font-size: medium\">Lesaffre muffins are delicate, fluffy inside, and most importantly, the crumb is moist for a\u202flong time, so that the finished product stays fresh for much longer. You can never be bored with muffins, maybe because you can combine them with creams, fruit, dried fruits or simply whipped cream. <\/span><\/p>\n","protected":false},"excerpt":{"rendered":"<h2><strong>Benefits:<\/strong><\/h2>\n<p><strong>\u2794 appetizing appearance<\/strong><\/p>\n<p><strong>\u2794 Large volume of the finished product<\/strong><\/p>\n<p><strong>\u2794 Fluffy, fine-pored crumb<\/strong><\/p>\n<p><strong>\u2794 Delicate, dark crust<\/strong><\/p>\n<p>\u2794 d\u0142ugotrwa\u0142a \u015bwie\u017co\u015b\u0107 wypiek\u00f3w<\/p>\n<p><strong>\u2794 Repeatable, high quality of the finished product<\/strong><\/p>\n<p><strong>\u2794Ideal composition for making various types of sponge cakes, muffins, bases and cakes.<\/strong><\/p>\n","protected":false},"featured_media":7113,"comment_status":"closed","ping_status":"closed","template":"","meta":{"_acf_changed":false,"inline_featured_image":false},"product_brand":[],"product_cat":[138,136],"product_tag":[],"class_list":{"0":"post-8524","1":"product","2":"type-product","3":"status-publish","4":"has-post-thumbnail","6":"product_cat-mieszanki-cukiernicze","7":"product_cat-mieszanki-i-dodatki-cukiernicze","9":"first","10":"instock","11":"shipping-taxable","12":"product-type-simple"},"acf":[],"yoast_head":"<!-- This site is optimized with the Yoast SEO plugin v27.3 - https:\/\/yoast.com\/product\/yoast-seo-wordpress\/ -->\n<title>Czeko-Muffin - Lesaffre Poland<\/title>\n<meta name=\"robots\" content=\"index, follow, max-snippet:-1, max-image-preview:large, max-video-preview:-1\" \/>\n<link rel=\"canonical\" href=\"https:\/\/www.lesaffre.pl\/en\/produkty\/mieszanki-i-dodatki-cukiernicze\/mieszanki-cukiernicze\/czeko-muffin\/\" \/>\n<meta property=\"og:locale\" content=\"en_US\" \/>\n<meta property=\"og:type\" content=\"article\" \/>\n<meta property=\"og:title\" content=\"Czeko-Muffin - Lesaffre Poland\" \/>\n<meta property=\"og:description\" content=\"Benefits: \u2794 appetizing appearance  \u2794 Large volume of the finished product  \u2794 Fluffy, fine-pored crumb  \u2794 Delicate, dark crust  \u2794 d\u0142ugotrwa\u0142a \u015bwie\u017co\u015b\u0107 wypiek\u00f3w  \u2794 Repeatable, high quality of the finished product  \u2794Ideal composition for making various types of sponge cakes, muffins, bases and cakes.\" \/>\n<meta property=\"og:url\" content=\"https:\/\/www.lesaffre.pl\/en\/produkty\/mieszanki-i-dodatki-cukiernicze\/mieszanki-cukiernicze\/czeko-muffin\/\" \/>\n<meta property=\"og:site_name\" content=\"Lesaffre Poland\" \/>\n<meta property=\"article:modified_time\" content=\"2026-02-05T12:27:52+00:00\" \/>\n<meta property=\"og:image\" content=\"https:\/\/www.lesaffre.pl\/wp-content\/uploads\/sites\/29\/2025\/09\/czeko-muffin.png\" \/>\n\t<meta property=\"og:image:width\" content=\"940\" \/>\n\t<meta property=\"og:image:height\" content=\"788\" \/>\n\t<meta property=\"og:image:type\" content=\"image\/png\" \/>\n<meta name=\"twitter:card\" content=\"summary_large_image\" \/>\n<script type=\"application\/ld+json\" class=\"yoast-schema-graph\">{\"@context\":\"https:\\\/\\\/schema.org\",\"@graph\":[{\"@type\":\"WebPage\",\"@id\":\"https:\\\/\\\/www.lesaffre.pl\\\/en\\\/produkty\\\/mieszanki-i-dodatki-cukiernicze\\\/mieszanki-cukiernicze\\\/czeko-muffin\\\/\",\"url\":\"https:\\\/\\\/www.lesaffre.pl\\\/en\\\/produkty\\\/mieszanki-i-dodatki-cukiernicze\\\/mieszanki-cukiernicze\\\/czeko-muffin\\\/\",\"name\":\"Czeko-Muffin - Lesaffre Poland\",\"isPartOf\":{\"@id\":\"https:\\\/\\\/www.lesaffre.pl\\\/#website\"},\"primaryImageOfPage\":{\"@id\":\"https:\\\/\\\/www.lesaffre.pl\\\/en\\\/produkty\\\/mieszanki-i-dodatki-cukiernicze\\\/mieszanki-cukiernicze\\\/czeko-muffin\\\/#primaryimage\"},\"image\":{\"@id\":\"https:\\\/\\\/www.lesaffre.pl\\\/en\\\/produkty\\\/mieszanki-i-dodatki-cukiernicze\\\/mieszanki-cukiernicze\\\/czeko-muffin\\\/#primaryimage\"},\"thumbnailUrl\":\"https:\\\/\\\/www.lesaffre.pl\\\/wp-content\\\/uploads\\\/sites\\\/29\\\/2025\\\/09\\\/czeko-muffin.png\",\"datePublished\":\"2025-09-16T13:34:03+00:00\",\"dateModified\":\"2026-02-05T12:27:52+00:00\",\"breadcrumb\":{\"@id\":\"https:\\\/\\\/www.lesaffre.pl\\\/en\\\/produkty\\\/mieszanki-i-dodatki-cukiernicze\\\/mieszanki-cukiernicze\\\/czeko-muffin\\\/#breadcrumb\"},\"inLanguage\":\"en-US\",\"potentialAction\":[{\"@type\":\"ReadAction\",\"target\":[\"https:\\\/\\\/www.lesaffre.pl\\\/en\\\/produkty\\\/mieszanki-i-dodatki-cukiernicze\\\/mieszanki-cukiernicze\\\/czeko-muffin\\\/\"]}]},{\"@type\":\"ImageObject\",\"inLanguage\":\"en-US\",\"@id\":\"https:\\\/\\\/www.lesaffre.pl\\\/en\\\/produkty\\\/mieszanki-i-dodatki-cukiernicze\\\/mieszanki-cukiernicze\\\/czeko-muffin\\\/#primaryimage\",\"url\":\"https:\\\/\\\/www.lesaffre.pl\\\/wp-content\\\/uploads\\\/sites\\\/29\\\/2025\\\/09\\\/czeko-muffin.png\",\"contentUrl\":\"https:\\\/\\\/www.lesaffre.pl\\\/wp-content\\\/uploads\\\/sites\\\/29\\\/2025\\\/09\\\/czeko-muffin.png\",\"width\":940,\"height\":788},{\"@type\":\"BreadcrumbList\",\"@id\":\"https:\\\/\\\/www.lesaffre.pl\\\/en\\\/produkty\\\/mieszanki-i-dodatki-cukiernicze\\\/mieszanki-cukiernicze\\\/czeko-muffin\\\/#breadcrumb\",\"itemListElement\":[{\"@type\":\"ListItem\",\"position\":1,\"name\":\"Home\",\"item\":\"https:\\\/\\\/www.lesaffre.pl\\\/\"},{\"@type\":\"ListItem\",\"position\":2,\"name\":\"Boutique\",\"item\":\"https:\\\/\\\/www.lesaffre.pl\\\/en\\\/boutique\\\/\"},{\"@type\":\"ListItem\",\"position\":3,\"name\":\"Czeko-Muffin\"}]},{\"@type\":\"WebSite\",\"@id\":\"https:\\\/\\\/www.lesaffre.pl\\\/#website\",\"url\":\"https:\\\/\\\/www.lesaffre.pl\\\/\",\"name\":\"Lesaffre Poland\",\"description\":\"\",\"publisher\":{\"@id\":\"https:\\\/\\\/www.lesaffre.pl\\\/#organization\"},\"potentialAction\":[{\"@type\":\"SearchAction\",\"target\":{\"@type\":\"EntryPoint\",\"urlTemplate\":\"https:\\\/\\\/www.lesaffre.pl\\\/?s={search_term_string}\"},\"query-input\":{\"@type\":\"PropertyValueSpecification\",\"valueRequired\":true,\"valueName\":\"search_term_string\"}}],\"inLanguage\":\"en-US\"},{\"@type\":\"Organization\",\"@id\":\"https:\\\/\\\/www.lesaffre.pl\\\/#organization\",\"name\":\"Lesaffre Poland\",\"url\":\"https:\\\/\\\/www.lesaffre.pl\\\/\",\"logo\":{\"@type\":\"ImageObject\",\"inLanguage\":\"en-US\",\"@id\":\"https:\\\/\\\/www.lesaffre.pl\\\/#\\\/schema\\\/logo\\\/image\\\/\",\"url\":\"https:\\\/\\\/www.lesaffre.pl\\\/wp-content\\\/uploads\\\/sites\\\/29\\\/2022\\\/03\\\/logo.svg\",\"contentUrl\":\"https:\\\/\\\/www.lesaffre.pl\\\/wp-content\\\/uploads\\\/sites\\\/29\\\/2022\\\/03\\\/logo.svg\",\"width\":97,\"height\":98,\"caption\":\"Lesaffre Poland\"},\"image\":{\"@id\":\"https:\\\/\\\/www.lesaffre.pl\\\/#\\\/schema\\\/logo\\\/image\\\/\"}}]}<\/script>\n<!-- \/ Yoast SEO plugin. -->","yoast_head_json":{"title":"Czeko-Muffin - Lesaffre Poland","robots":{"index":"index","follow":"follow","max-snippet":"max-snippet:-1","max-image-preview":"max-image-preview:large","max-video-preview":"max-video-preview:-1"},"canonical":"https:\/\/www.lesaffre.pl\/en\/produkty\/mieszanki-i-dodatki-cukiernicze\/mieszanki-cukiernicze\/czeko-muffin\/","og_locale":"en_US","og_type":"article","og_title":"Czeko-Muffin - Lesaffre Poland","og_description":"Benefits: \u2794 appetizing appearance  \u2794 Large volume of the finished product  \u2794 Fluffy, fine-pored crumb  \u2794 Delicate, dark crust  \u2794 d\u0142ugotrwa\u0142a \u015bwie\u017co\u015b\u0107 wypiek\u00f3w  \u2794 Repeatable, high quality of the finished product  \u2794Ideal composition for making various types of sponge cakes, muffins, bases and cakes.","og_url":"https:\/\/www.lesaffre.pl\/en\/produkty\/mieszanki-i-dodatki-cukiernicze\/mieszanki-cukiernicze\/czeko-muffin\/","og_site_name":"Lesaffre Poland","article_modified_time":"2026-02-05T12:27:52+00:00","og_image":[{"width":940,"height":788,"url":"https:\/\/www.lesaffre.pl\/wp-content\/uploads\/sites\/29\/2025\/09\/czeko-muffin.png","type":"image\/png"}],"twitter_card":"summary_large_image","schema":{"@context":"https:\/\/schema.org","@graph":[{"@type":"WebPage","@id":"https:\/\/www.lesaffre.pl\/en\/produkty\/mieszanki-i-dodatki-cukiernicze\/mieszanki-cukiernicze\/czeko-muffin\/","url":"https:\/\/www.lesaffre.pl\/en\/produkty\/mieszanki-i-dodatki-cukiernicze\/mieszanki-cukiernicze\/czeko-muffin\/","name":"Czeko-Muffin - Lesaffre Poland","isPartOf":{"@id":"https:\/\/www.lesaffre.pl\/#website"},"primaryImageOfPage":{"@id":"https:\/\/www.lesaffre.pl\/en\/produkty\/mieszanki-i-dodatki-cukiernicze\/mieszanki-cukiernicze\/czeko-muffin\/#primaryimage"},"image":{"@id":"https:\/\/www.lesaffre.pl\/en\/produkty\/mieszanki-i-dodatki-cukiernicze\/mieszanki-cukiernicze\/czeko-muffin\/#primaryimage"},"thumbnailUrl":"https:\/\/www.lesaffre.pl\/wp-content\/uploads\/sites\/29\/2025\/09\/czeko-muffin.png","datePublished":"2025-09-16T13:34:03+00:00","dateModified":"2026-02-05T12:27:52+00:00","breadcrumb":{"@id":"https:\/\/www.lesaffre.pl\/en\/produkty\/mieszanki-i-dodatki-cukiernicze\/mieszanki-cukiernicze\/czeko-muffin\/#breadcrumb"},"inLanguage":"en-US","potentialAction":[{"@type":"ReadAction","target":["https:\/\/www.lesaffre.pl\/en\/produkty\/mieszanki-i-dodatki-cukiernicze\/mieszanki-cukiernicze\/czeko-muffin\/"]}]},{"@type":"ImageObject","inLanguage":"en-US","@id":"https:\/\/www.lesaffre.pl\/en\/produkty\/mieszanki-i-dodatki-cukiernicze\/mieszanki-cukiernicze\/czeko-muffin\/#primaryimage","url":"https:\/\/www.lesaffre.pl\/wp-content\/uploads\/sites\/29\/2025\/09\/czeko-muffin.png","contentUrl":"https:\/\/www.lesaffre.pl\/wp-content\/uploads\/sites\/29\/2025\/09\/czeko-muffin.png","width":940,"height":788},{"@type":"BreadcrumbList","@id":"https:\/\/www.lesaffre.pl\/en\/produkty\/mieszanki-i-dodatki-cukiernicze\/mieszanki-cukiernicze\/czeko-muffin\/#breadcrumb","itemListElement":[{"@type":"ListItem","position":1,"name":"Home","item":"https:\/\/www.lesaffre.pl\/"},{"@type":"ListItem","position":2,"name":"Boutique","item":"https:\/\/www.lesaffre.pl\/en\/boutique\/"},{"@type":"ListItem","position":3,"name":"Czeko-Muffin"}]},{"@type":"WebSite","@id":"https:\/\/www.lesaffre.pl\/#website","url":"https:\/\/www.lesaffre.pl\/","name":"Lesaffre Poland","description":"","publisher":{"@id":"https:\/\/www.lesaffre.pl\/#organization"},"potentialAction":[{"@type":"SearchAction","target":{"@type":"EntryPoint","urlTemplate":"https:\/\/www.lesaffre.pl\/?s={search_term_string}"},"query-input":{"@type":"PropertyValueSpecification","valueRequired":true,"valueName":"search_term_string"}}],"inLanguage":"en-US"},{"@type":"Organization","@id":"https:\/\/www.lesaffre.pl\/#organization","name":"Lesaffre Poland","url":"https:\/\/www.lesaffre.pl\/","logo":{"@type":"ImageObject","inLanguage":"en-US","@id":"https:\/\/www.lesaffre.pl\/#\/schema\/logo\/image\/","url":"https:\/\/www.lesaffre.pl\/wp-content\/uploads\/sites\/29\/2022\/03\/logo.svg","contentUrl":"https:\/\/www.lesaffre.pl\/wp-content\/uploads\/sites\/29\/2022\/03\/logo.svg","width":97,"height":98,"caption":"Lesaffre Poland"},"image":{"@id":"https:\/\/www.lesaffre.pl\/#\/schema\/logo\/image\/"}}]}},"_links":{"self":[{"href":"https:\/\/www.lesaffre.pl\/en\/wp-json\/wp\/v2\/product\/8524","targetHints":{"allow":["GET"]}}],"collection":[{"href":"https:\/\/www.lesaffre.pl\/en\/wp-json\/wp\/v2\/product"}],"about":[{"href":"https:\/\/www.lesaffre.pl\/en\/wp-json\/wp\/v2\/types\/product"}],"replies":[{"embeddable":true,"href":"https:\/\/www.lesaffre.pl\/en\/wp-json\/wp\/v2\/comments?post=8524"}],"version-history":[{"count":2,"href":"https:\/\/www.lesaffre.pl\/en\/wp-json\/wp\/v2\/product\/8524\/revisions"}],"predecessor-version":[{"id":9120,"href":"https:\/\/www.lesaffre.pl\/en\/wp-json\/wp\/v2\/product\/8524\/revisions\/9120"}],"wp:featuredmedia":[{"embeddable":true,"href":"https:\/\/www.lesaffre.pl\/en\/wp-json\/wp\/v2\/media\/7113"}],"wp:attachment":[{"href":"https:\/\/www.lesaffre.pl\/en\/wp-json\/wp\/v2\/media?parent=8524"}],"wp:term":[{"taxonomy":"product_brand","embeddable":true,"href":"https:\/\/www.lesaffre.pl\/en\/wp-json\/wp\/v2\/product_brand?post=8524"},{"taxonomy":"product_cat","embeddable":true,"href":"https:\/\/www.lesaffre.pl\/en\/wp-json\/wp\/v2\/product_cat?post=8524"},{"taxonomy":"product_tag","embeddable":true,"href":"https:\/\/www.lesaffre.pl\/en\/wp-json\/wp\/v2\/product_tag?post=8524"}],"curies":[{"name":"wp","href":"https:\/\/api.w.org\/{rel}","templated":true}]}}