{"id":8527,"date":"2025-09-16T15:27:21","date_gmt":"2025-09-16T13:27:21","guid":{"rendered":"https:\/\/www.lesaffre.pl\/produkty\/uncategorized\/chocolate-cookies\/"},"modified":"2026-02-05T13:31:24","modified_gmt":"2026-02-05T12:31:24","slug":"chocolate-cookies","status":"publish","type":"product","link":"https:\/\/www.lesaffre.pl\/en\/produkty\/mieszanki-i-dodatki-cukiernicze\/mieszanki-cukiernicze\/chocolate-cookies\/","title":{"rendered":"Chocolate Cookies"},"content":{"rendered":"<h2>COOKIES CZEKOLADOWE to mieszanka do wyrobu ciastek o wilgotnym i mi\u0119kkim wn\u0119trzu d\u0142ugo zachowuj\u0105cym \u015bwie\u017co\u015b\u0107<\/h2>\n<p>Cookies are large, irregularly cracked from the outside &#8211; which gives them an attractive appearance. they are characterized by the depth of intense chocolate flavor and aroma. this is a\u202fnatural product. an additional advantage of chocolate cookies mix is the possibility of freedom in creation of recipes. in order to vary and enhance the taste of the final product pieces of chocolate, nuts or raisins can be added to the base mix.<\/p>\n","protected":false},"excerpt":{"rendered":"<h2><strong>Benefits:<\/strong><\/h2>\n<p><strong>\u2794 Intense chocolate taste and aroma<\/strong><\/p>\n<p><strong>\u2794 Ideal proportions of natural ingredients<\/strong><\/p>\n<p><strong>\u2794 Original recipe with the <strong>possibility of free creation<\/strong><\/strong><\/p>\n<p><strong>\u2794 Unique structure and moisture<\/strong><\/p>\n<p><strong>\u2794 Easy and quick to prepare<\/strong><\/p>\n","protected":false},"featured_media":7099,"comment_status":"closed","ping_status":"closed","template":"","meta":{"_acf_changed":false,"inline_featured_image":false},"product_brand":[],"product_cat":[138,136],"product_tag":[],"class_list":{"0":"post-8527","1":"product","2":"type-product","3":"status-publish","4":"has-post-thumbnail","6":"product_cat-mieszanki-cukiernicze","7":"product_cat-mieszanki-i-dodatki-cukiernicze","9":"first","10":"instock","11":"shipping-taxable","12":"product-type-simple"},"acf":[],"yoast_head":"<!-- This site is optimized with the Yoast SEO plugin v27.3 - https:\/\/yoast.com\/product\/yoast-seo-wordpress\/ -->\n<title>Chocolate Cookies - Lesaffre Poland<\/title>\n<meta name=\"robots\" content=\"index, follow, max-snippet:-1, max-image-preview:large, max-video-preview:-1\" \/>\n<link rel=\"canonical\" href=\"https:\/\/www.lesaffre.pl\/en\/produkty\/mieszanki-i-dodatki-cukiernicze\/mieszanki-cukiernicze\/chocolate-cookies\/\" \/>\n<meta property=\"og:locale\" content=\"en_US\" \/>\n<meta property=\"og:type\" content=\"article\" \/>\n<meta property=\"og:title\" content=\"Chocolate Cookies - Lesaffre Poland\" \/>\n<meta property=\"og:description\" content=\"Benefits: \u2794 Intense chocolate taste and aroma  \u2794 Ideal proportions of natural ingredients  \u2794 Original recipe with the possibility of free creation  \u2794 Unique structure and moisture  \u2794 Easy and quick to prepare\" \/>\n<meta property=\"og:url\" content=\"https:\/\/www.lesaffre.pl\/en\/produkty\/mieszanki-i-dodatki-cukiernicze\/mieszanki-cukiernicze\/chocolate-cookies\/\" \/>\n<meta property=\"og:site_name\" content=\"Lesaffre Poland\" \/>\n<meta property=\"article:modified_time\" content=\"2026-02-05T12:31:24+00:00\" \/>\n<meta property=\"og:image\" content=\"https:\/\/www.lesaffre.pl\/wp-content\/uploads\/sites\/29\/2025\/09\/cookies-czekoladowe-2.png\" \/>\n\t<meta property=\"og:image:width\" content=\"940\" \/>\n\t<meta property=\"og:image:height\" content=\"788\" \/>\n\t<meta property=\"og:image:type\" content=\"image\/png\" \/>\n<meta name=\"twitter:card\" content=\"summary_large_image\" \/>\n<script type=\"application\/ld+json\" class=\"yoast-schema-graph\">{\"@context\":\"https:\\\/\\\/schema.org\",\"@graph\":[{\"@type\":\"WebPage\",\"@id\":\"https:\\\/\\\/www.lesaffre.pl\\\/en\\\/produkty\\\/mieszanki-i-dodatki-cukiernicze\\\/mieszanki-cukiernicze\\\/chocolate-cookies\\\/\",\"url\":\"https:\\\/\\\/www.lesaffre.pl\\\/en\\\/produkty\\\/mieszanki-i-dodatki-cukiernicze\\\/mieszanki-cukiernicze\\\/chocolate-cookies\\\/\",\"name\":\"Chocolate Cookies - Lesaffre Poland\",\"isPartOf\":{\"@id\":\"https:\\\/\\\/www.lesaffre.pl\\\/#website\"},\"primaryImageOfPage\":{\"@id\":\"https:\\\/\\\/www.lesaffre.pl\\\/en\\\/produkty\\\/mieszanki-i-dodatki-cukiernicze\\\/mieszanki-cukiernicze\\\/chocolate-cookies\\\/#primaryimage\"},\"image\":{\"@id\":\"https:\\\/\\\/www.lesaffre.pl\\\/en\\\/produkty\\\/mieszanki-i-dodatki-cukiernicze\\\/mieszanki-cukiernicze\\\/chocolate-cookies\\\/#primaryimage\"},\"thumbnailUrl\":\"https:\\\/\\\/www.lesaffre.pl\\\/wp-content\\\/uploads\\\/sites\\\/29\\\/2025\\\/09\\\/cookies-czekoladowe-2.png\",\"datePublished\":\"2025-09-16T13:27:21+00:00\",\"dateModified\":\"2026-02-05T12:31:24+00:00\",\"breadcrumb\":{\"@id\":\"https:\\\/\\\/www.lesaffre.pl\\\/en\\\/produkty\\\/mieszanki-i-dodatki-cukiernicze\\\/mieszanki-cukiernicze\\\/chocolate-cookies\\\/#breadcrumb\"},\"inLanguage\":\"en-US\",\"potentialAction\":[{\"@type\":\"ReadAction\",\"target\":[\"https:\\\/\\\/www.lesaffre.pl\\\/en\\\/produkty\\\/mieszanki-i-dodatki-cukiernicze\\\/mieszanki-cukiernicze\\\/chocolate-cookies\\\/\"]}]},{\"@type\":\"ImageObject\",\"inLanguage\":\"en-US\",\"@id\":\"https:\\\/\\\/www.lesaffre.pl\\\/en\\\/produkty\\\/mieszanki-i-dodatki-cukiernicze\\\/mieszanki-cukiernicze\\\/chocolate-cookies\\\/#primaryimage\",\"url\":\"https:\\\/\\\/www.lesaffre.pl\\\/wp-content\\\/uploads\\\/sites\\\/29\\\/2025\\\/09\\\/cookies-czekoladowe-2.png\",\"contentUrl\":\"https:\\\/\\\/www.lesaffre.pl\\\/wp-content\\\/uploads\\\/sites\\\/29\\\/2025\\\/09\\\/cookies-czekoladowe-2.png\",\"width\":940,\"height\":788},{\"@type\":\"BreadcrumbList\",\"@id\":\"https:\\\/\\\/www.lesaffre.pl\\\/en\\\/produkty\\\/mieszanki-i-dodatki-cukiernicze\\\/mieszanki-cukiernicze\\\/chocolate-cookies\\\/#breadcrumb\",\"itemListElement\":[{\"@type\":\"ListItem\",\"position\":1,\"name\":\"Home\",\"item\":\"https:\\\/\\\/www.lesaffre.pl\\\/\"},{\"@type\":\"ListItem\",\"position\":2,\"name\":\"Boutique\",\"item\":\"https:\\\/\\\/www.lesaffre.pl\\\/en\\\/boutique\\\/\"},{\"@type\":\"ListItem\",\"position\":3,\"name\":\"Chocolate Cookies\"}]},{\"@type\":\"WebSite\",\"@id\":\"https:\\\/\\\/www.lesaffre.pl\\\/#website\",\"url\":\"https:\\\/\\\/www.lesaffre.pl\\\/\",\"name\":\"Lesaffre Poland\",\"description\":\"\",\"publisher\":{\"@id\":\"https:\\\/\\\/www.lesaffre.pl\\\/#organization\"},\"potentialAction\":[{\"@type\":\"SearchAction\",\"target\":{\"@type\":\"EntryPoint\",\"urlTemplate\":\"https:\\\/\\\/www.lesaffre.pl\\\/?s={search_term_string}\"},\"query-input\":{\"@type\":\"PropertyValueSpecification\",\"valueRequired\":true,\"valueName\":\"search_term_string\"}}],\"inLanguage\":\"en-US\"},{\"@type\":\"Organization\",\"@id\":\"https:\\\/\\\/www.lesaffre.pl\\\/#organization\",\"name\":\"Lesaffre Poland\",\"url\":\"https:\\\/\\\/www.lesaffre.pl\\\/\",\"logo\":{\"@type\":\"ImageObject\",\"inLanguage\":\"en-US\",\"@id\":\"https:\\\/\\\/www.lesaffre.pl\\\/#\\\/schema\\\/logo\\\/image\\\/\",\"url\":\"https:\\\/\\\/www.lesaffre.pl\\\/wp-content\\\/uploads\\\/sites\\\/29\\\/2022\\\/03\\\/logo.svg\",\"contentUrl\":\"https:\\\/\\\/www.lesaffre.pl\\\/wp-content\\\/uploads\\\/sites\\\/29\\\/2022\\\/03\\\/logo.svg\",\"width\":97,\"height\":98,\"caption\":\"Lesaffre Poland\"},\"image\":{\"@id\":\"https:\\\/\\\/www.lesaffre.pl\\\/#\\\/schema\\\/logo\\\/image\\\/\"}}]}<\/script>\n<!-- \/ Yoast SEO plugin. -->","yoast_head_json":{"title":"Chocolate Cookies - Lesaffre Poland","robots":{"index":"index","follow":"follow","max-snippet":"max-snippet:-1","max-image-preview":"max-image-preview:large","max-video-preview":"max-video-preview:-1"},"canonical":"https:\/\/www.lesaffre.pl\/en\/produkty\/mieszanki-i-dodatki-cukiernicze\/mieszanki-cukiernicze\/chocolate-cookies\/","og_locale":"en_US","og_type":"article","og_title":"Chocolate Cookies - Lesaffre Poland","og_description":"Benefits: \u2794 Intense chocolate taste and aroma  \u2794 Ideal proportions of natural ingredients  \u2794 Original recipe with the possibility of free creation  \u2794 Unique structure and moisture  \u2794 Easy and quick to prepare","og_url":"https:\/\/www.lesaffre.pl\/en\/produkty\/mieszanki-i-dodatki-cukiernicze\/mieszanki-cukiernicze\/chocolate-cookies\/","og_site_name":"Lesaffre Poland","article_modified_time":"2026-02-05T12:31:24+00:00","og_image":[{"width":940,"height":788,"url":"https:\/\/www.lesaffre.pl\/wp-content\/uploads\/sites\/29\/2025\/09\/cookies-czekoladowe-2.png","type":"image\/png"}],"twitter_card":"summary_large_image","schema":{"@context":"https:\/\/schema.org","@graph":[{"@type":"WebPage","@id":"https:\/\/www.lesaffre.pl\/en\/produkty\/mieszanki-i-dodatki-cukiernicze\/mieszanki-cukiernicze\/chocolate-cookies\/","url":"https:\/\/www.lesaffre.pl\/en\/produkty\/mieszanki-i-dodatki-cukiernicze\/mieszanki-cukiernicze\/chocolate-cookies\/","name":"Chocolate Cookies - Lesaffre Poland","isPartOf":{"@id":"https:\/\/www.lesaffre.pl\/#website"},"primaryImageOfPage":{"@id":"https:\/\/www.lesaffre.pl\/en\/produkty\/mieszanki-i-dodatki-cukiernicze\/mieszanki-cukiernicze\/chocolate-cookies\/#primaryimage"},"image":{"@id":"https:\/\/www.lesaffre.pl\/en\/produkty\/mieszanki-i-dodatki-cukiernicze\/mieszanki-cukiernicze\/chocolate-cookies\/#primaryimage"},"thumbnailUrl":"https:\/\/www.lesaffre.pl\/wp-content\/uploads\/sites\/29\/2025\/09\/cookies-czekoladowe-2.png","datePublished":"2025-09-16T13:27:21+00:00","dateModified":"2026-02-05T12:31:24+00:00","breadcrumb":{"@id":"https:\/\/www.lesaffre.pl\/en\/produkty\/mieszanki-i-dodatki-cukiernicze\/mieszanki-cukiernicze\/chocolate-cookies\/#breadcrumb"},"inLanguage":"en-US","potentialAction":[{"@type":"ReadAction","target":["https:\/\/www.lesaffre.pl\/en\/produkty\/mieszanki-i-dodatki-cukiernicze\/mieszanki-cukiernicze\/chocolate-cookies\/"]}]},{"@type":"ImageObject","inLanguage":"en-US","@id":"https:\/\/www.lesaffre.pl\/en\/produkty\/mieszanki-i-dodatki-cukiernicze\/mieszanki-cukiernicze\/chocolate-cookies\/#primaryimage","url":"https:\/\/www.lesaffre.pl\/wp-content\/uploads\/sites\/29\/2025\/09\/cookies-czekoladowe-2.png","contentUrl":"https:\/\/www.lesaffre.pl\/wp-content\/uploads\/sites\/29\/2025\/09\/cookies-czekoladowe-2.png","width":940,"height":788},{"@type":"BreadcrumbList","@id":"https:\/\/www.lesaffre.pl\/en\/produkty\/mieszanki-i-dodatki-cukiernicze\/mieszanki-cukiernicze\/chocolate-cookies\/#breadcrumb","itemListElement":[{"@type":"ListItem","position":1,"name":"Home","item":"https:\/\/www.lesaffre.pl\/"},{"@type":"ListItem","position":2,"name":"Boutique","item":"https:\/\/www.lesaffre.pl\/en\/boutique\/"},{"@type":"ListItem","position":3,"name":"Chocolate Cookies"}]},{"@type":"WebSite","@id":"https:\/\/www.lesaffre.pl\/#website","url":"https:\/\/www.lesaffre.pl\/","name":"Lesaffre Poland","description":"","publisher":{"@id":"https:\/\/www.lesaffre.pl\/#organization"},"potentialAction":[{"@type":"SearchAction","target":{"@type":"EntryPoint","urlTemplate":"https:\/\/www.lesaffre.pl\/?s={search_term_string}"},"query-input":{"@type":"PropertyValueSpecification","valueRequired":true,"valueName":"search_term_string"}}],"inLanguage":"en-US"},{"@type":"Organization","@id":"https:\/\/www.lesaffre.pl\/#organization","name":"Lesaffre Poland","url":"https:\/\/www.lesaffre.pl\/","logo":{"@type":"ImageObject","inLanguage":"en-US","@id":"https:\/\/www.lesaffre.pl\/#\/schema\/logo\/image\/","url":"https:\/\/www.lesaffre.pl\/wp-content\/uploads\/sites\/29\/2022\/03\/logo.svg","contentUrl":"https:\/\/www.lesaffre.pl\/wp-content\/uploads\/sites\/29\/2022\/03\/logo.svg","width":97,"height":98,"caption":"Lesaffre Poland"},"image":{"@id":"https:\/\/www.lesaffre.pl\/#\/schema\/logo\/image\/"}}]}},"_links":{"self":[{"href":"https:\/\/www.lesaffre.pl\/en\/wp-json\/wp\/v2\/product\/8527","targetHints":{"allow":["GET"]}}],"collection":[{"href":"https:\/\/www.lesaffre.pl\/en\/wp-json\/wp\/v2\/product"}],"about":[{"href":"https:\/\/www.lesaffre.pl\/en\/wp-json\/wp\/v2\/types\/product"}],"replies":[{"embeddable":true,"href":"https:\/\/www.lesaffre.pl\/en\/wp-json\/wp\/v2\/comments?post=8527"}],"version-history":[{"count":2,"href":"https:\/\/www.lesaffre.pl\/en\/wp-json\/wp\/v2\/product\/8527\/revisions"}],"predecessor-version":[{"id":9123,"href":"https:\/\/www.lesaffre.pl\/en\/wp-json\/wp\/v2\/product\/8527\/revisions\/9123"}],"wp:featuredmedia":[{"embeddable":true,"href":"https:\/\/www.lesaffre.pl\/en\/wp-json\/wp\/v2\/media\/7099"}],"wp:attachment":[{"href":"https:\/\/www.lesaffre.pl\/en\/wp-json\/wp\/v2\/media?parent=8527"}],"wp:term":[{"taxonomy":"product_brand","embeddable":true,"href":"https:\/\/www.lesaffre.pl\/en\/wp-json\/wp\/v2\/product_brand?post=8527"},{"taxonomy":"product_cat","embeddable":true,"href":"https:\/\/www.lesaffre.pl\/en\/wp-json\/wp\/v2\/product_cat?post=8527"},{"taxonomy":"product_tag","embeddable":true,"href":"https:\/\/www.lesaffre.pl\/en\/wp-json\/wp\/v2\/product_tag?post=8527"}],"curies":[{"name":"wp","href":"https:\/\/api.w.org\/{rel}","templated":true}]}}