{"id":8560,"date":"2025-09-16T15:43:26","date_gmt":"2025-09-16T13:43:26","guid":{"rendered":"https:\/\/www.lesaffre.pl\/produkty\/uncategorized\/jogo-de-luxe\/"},"modified":"2026-02-05T13:22:19","modified_gmt":"2026-02-05T12:22:19","slug":"jogo-de-luxe","status":"publish","type":"product","link":"https:\/\/www.lesaffre.pl\/en\/produkty\/mieszanki-i-dodatki-cukiernicze\/mieszanki-cukiernicze\/jogo-de-luxe\/","title":{"rendered":"Jogo de Luxe"},"content":{"rendered":"<h2>Mix for making yogurt sponge-fat cakes<\/h2>\n<p>Thanks to the ideally composed ingredients Jogo de Luxe gives the products delicate flavor and aroma and also exceptionally appetizing appearance. In addition to its flavor qualities the mix is also characterized by very important technological features, such as: long-lasting freshness, large volume and efficiency of use. Jogo de Luxe offers a\u202fwide range of applications. It can be a\u202fbase for the preparation of cakes with fresh or frozen fruit, various fillings and creams<\/p>\n","protected":false},"excerpt":{"rendered":"<h2><strong>Benefits:<\/strong><\/h2>\n<p><strong>\u2794 natural taste of yogurt-based dough<\/strong><\/p>\n<p><strong>\u2794 large volume of the finished products<\/strong><\/p>\n<p><strong>\u2794 fluffy and moist crumb<\/strong><\/p>\n<p><strong>\u2794 d\u0142ugotrwa\u0142a \u015bwie\u017co\u015b\u0107 wypiek\u00f3w<\/strong><\/p>\n<p><strong>\u2794 guarantee of good retention of fruits and fillings on top<\/strong><\/p>\n<p><strong>\u2794 economical to use<\/strong><\/p>\n<p><strong>\u2794 simple technology of dough preparation based on this mix<\/strong><\/p>\n<p><strong>\u2794<\/strong> suitable for various recipes<\/p>\n","protected":false},"featured_media":7141,"comment_status":"closed","ping_status":"closed","template":"","meta":{"_acf_changed":false,"inline_featured_image":false},"product_brand":[],"product_cat":[138,136],"product_tag":[],"class_list":{"0":"post-8560","1":"product","2":"type-product","3":"status-publish","4":"has-post-thumbnail","6":"product_cat-mieszanki-cukiernicze","7":"product_cat-mieszanki-i-dodatki-cukiernicze","9":"first","10":"instock","11":"shipping-taxable","12":"product-type-simple"},"acf":[],"yoast_head":"<!-- This site is optimized with the Yoast SEO plugin v27.3 - https:\/\/yoast.com\/product\/yoast-seo-wordpress\/ -->\n<title>Jogo de Luxe - Lesaffre Poland<\/title>\n<meta name=\"robots\" content=\"index, follow, max-snippet:-1, max-image-preview:large, max-video-preview:-1\" \/>\n<link rel=\"canonical\" href=\"https:\/\/www.lesaffre.pl\/en\/produkty\/mieszanki-i-dodatki-cukiernicze\/mieszanki-cukiernicze\/jogo-de-luxe\/\" \/>\n<meta property=\"og:locale\" content=\"en_US\" \/>\n<meta property=\"og:type\" content=\"article\" \/>\n<meta property=\"og:title\" content=\"Jogo de Luxe - Lesaffre Poland\" \/>\n<meta property=\"og:description\" content=\"Benefits: \u2794 natural taste of yogurt-based dough  \u2794 large volume of the finished products  \u2794 fluffy and moist crumb  \u2794 d\u0142ugotrwa\u0142a \u015bwie\u017co\u015b\u0107 wypiek\u00f3w  \u2794 guarantee of good retention of fruits and fillings on top  \u2794 economical to use  \u2794 simple technology of dough preparation based on this mix  \u2794 suitable for various recipes\" \/>\n<meta property=\"og:url\" content=\"https:\/\/www.lesaffre.pl\/en\/produkty\/mieszanki-i-dodatki-cukiernicze\/mieszanki-cukiernicze\/jogo-de-luxe\/\" \/>\n<meta property=\"og:site_name\" content=\"Lesaffre Poland\" \/>\n<meta property=\"article:modified_time\" content=\"2026-02-05T12:22:19+00:00\" \/>\n<meta property=\"og:image\" content=\"https:\/\/www.lesaffre.pl\/wp-content\/uploads\/sites\/29\/2025\/09\/2-12.png\" \/>\n\t<meta property=\"og:image:width\" content=\"940\" \/>\n\t<meta property=\"og:image:height\" content=\"788\" \/>\n\t<meta property=\"og:image:type\" content=\"image\/png\" \/>\n<meta name=\"twitter:card\" content=\"summary_large_image\" \/>\n<script type=\"application\/ld+json\" class=\"yoast-schema-graph\">{\"@context\":\"https:\\\/\\\/schema.org\",\"@graph\":[{\"@type\":\"WebPage\",\"@id\":\"https:\\\/\\\/www.lesaffre.pl\\\/en\\\/produkty\\\/mieszanki-i-dodatki-cukiernicze\\\/mieszanki-cukiernicze\\\/jogo-de-luxe\\\/\",\"url\":\"https:\\\/\\\/www.lesaffre.pl\\\/en\\\/produkty\\\/mieszanki-i-dodatki-cukiernicze\\\/mieszanki-cukiernicze\\\/jogo-de-luxe\\\/\",\"name\":\"Jogo de Luxe - Lesaffre Poland\",\"isPartOf\":{\"@id\":\"https:\\\/\\\/www.lesaffre.pl\\\/#website\"},\"primaryImageOfPage\":{\"@id\":\"https:\\\/\\\/www.lesaffre.pl\\\/en\\\/produkty\\\/mieszanki-i-dodatki-cukiernicze\\\/mieszanki-cukiernicze\\\/jogo-de-luxe\\\/#primaryimage\"},\"image\":{\"@id\":\"https:\\\/\\\/www.lesaffre.pl\\\/en\\\/produkty\\\/mieszanki-i-dodatki-cukiernicze\\\/mieszanki-cukiernicze\\\/jogo-de-luxe\\\/#primaryimage\"},\"thumbnailUrl\":\"https:\\\/\\\/www.lesaffre.pl\\\/wp-content\\\/uploads\\\/sites\\\/29\\\/2025\\\/09\\\/2-12.png\",\"datePublished\":\"2025-09-16T13:43:26+00:00\",\"dateModified\":\"2026-02-05T12:22:19+00:00\",\"breadcrumb\":{\"@id\":\"https:\\\/\\\/www.lesaffre.pl\\\/en\\\/produkty\\\/mieszanki-i-dodatki-cukiernicze\\\/mieszanki-cukiernicze\\\/jogo-de-luxe\\\/#breadcrumb\"},\"inLanguage\":\"en-US\",\"potentialAction\":[{\"@type\":\"ReadAction\",\"target\":[\"https:\\\/\\\/www.lesaffre.pl\\\/en\\\/produkty\\\/mieszanki-i-dodatki-cukiernicze\\\/mieszanki-cukiernicze\\\/jogo-de-luxe\\\/\"]}]},{\"@type\":\"ImageObject\",\"inLanguage\":\"en-US\",\"@id\":\"https:\\\/\\\/www.lesaffre.pl\\\/en\\\/produkty\\\/mieszanki-i-dodatki-cukiernicze\\\/mieszanki-cukiernicze\\\/jogo-de-luxe\\\/#primaryimage\",\"url\":\"https:\\\/\\\/www.lesaffre.pl\\\/wp-content\\\/uploads\\\/sites\\\/29\\\/2025\\\/09\\\/2-12.png\",\"contentUrl\":\"https:\\\/\\\/www.lesaffre.pl\\\/wp-content\\\/uploads\\\/sites\\\/29\\\/2025\\\/09\\\/2-12.png\",\"width\":940,\"height\":788},{\"@type\":\"BreadcrumbList\",\"@id\":\"https:\\\/\\\/www.lesaffre.pl\\\/en\\\/produkty\\\/mieszanki-i-dodatki-cukiernicze\\\/mieszanki-cukiernicze\\\/jogo-de-luxe\\\/#breadcrumb\",\"itemListElement\":[{\"@type\":\"ListItem\",\"position\":1,\"name\":\"Home\",\"item\":\"https:\\\/\\\/www.lesaffre.pl\\\/\"},{\"@type\":\"ListItem\",\"position\":2,\"name\":\"Boutique\",\"item\":\"https:\\\/\\\/www.lesaffre.pl\\\/en\\\/boutique\\\/\"},{\"@type\":\"ListItem\",\"position\":3,\"name\":\"Jogo de Luxe\"}]},{\"@type\":\"WebSite\",\"@id\":\"https:\\\/\\\/www.lesaffre.pl\\\/#website\",\"url\":\"https:\\\/\\\/www.lesaffre.pl\\\/\",\"name\":\"Lesaffre Poland\",\"description\":\"\",\"publisher\":{\"@id\":\"https:\\\/\\\/www.lesaffre.pl\\\/#organization\"},\"potentialAction\":[{\"@type\":\"SearchAction\",\"target\":{\"@type\":\"EntryPoint\",\"urlTemplate\":\"https:\\\/\\\/www.lesaffre.pl\\\/?s={search_term_string}\"},\"query-input\":{\"@type\":\"PropertyValueSpecification\",\"valueRequired\":true,\"valueName\":\"search_term_string\"}}],\"inLanguage\":\"en-US\"},{\"@type\":\"Organization\",\"@id\":\"https:\\\/\\\/www.lesaffre.pl\\\/#organization\",\"name\":\"Lesaffre Poland\",\"url\":\"https:\\\/\\\/www.lesaffre.pl\\\/\",\"logo\":{\"@type\":\"ImageObject\",\"inLanguage\":\"en-US\",\"@id\":\"https:\\\/\\\/www.lesaffre.pl\\\/#\\\/schema\\\/logo\\\/image\\\/\",\"url\":\"https:\\\/\\\/www.lesaffre.pl\\\/wp-content\\\/uploads\\\/sites\\\/29\\\/2022\\\/03\\\/logo.svg\",\"contentUrl\":\"https:\\\/\\\/www.lesaffre.pl\\\/wp-content\\\/uploads\\\/sites\\\/29\\\/2022\\\/03\\\/logo.svg\",\"width\":97,\"height\":98,\"caption\":\"Lesaffre Poland\"},\"image\":{\"@id\":\"https:\\\/\\\/www.lesaffre.pl\\\/#\\\/schema\\\/logo\\\/image\\\/\"}}]}<\/script>\n<!-- \/ Yoast SEO plugin. -->","yoast_head_json":{"title":"Jogo de Luxe - Lesaffre Poland","robots":{"index":"index","follow":"follow","max-snippet":"max-snippet:-1","max-image-preview":"max-image-preview:large","max-video-preview":"max-video-preview:-1"},"canonical":"https:\/\/www.lesaffre.pl\/en\/produkty\/mieszanki-i-dodatki-cukiernicze\/mieszanki-cukiernicze\/jogo-de-luxe\/","og_locale":"en_US","og_type":"article","og_title":"Jogo de Luxe - Lesaffre Poland","og_description":"Benefits: \u2794 natural taste of yogurt-based dough  \u2794 large volume of the finished products  \u2794 fluffy and moist crumb  \u2794 d\u0142ugotrwa\u0142a \u015bwie\u017co\u015b\u0107 wypiek\u00f3w  \u2794 guarantee of good retention of fruits and fillings on top  \u2794 economical to use  \u2794 simple technology of dough preparation based on this mix  \u2794 suitable for various recipes","og_url":"https:\/\/www.lesaffre.pl\/en\/produkty\/mieszanki-i-dodatki-cukiernicze\/mieszanki-cukiernicze\/jogo-de-luxe\/","og_site_name":"Lesaffre Poland","article_modified_time":"2026-02-05T12:22:19+00:00","og_image":[{"width":940,"height":788,"url":"https:\/\/www.lesaffre.pl\/wp-content\/uploads\/sites\/29\/2025\/09\/2-12.png","type":"image\/png"}],"twitter_card":"summary_large_image","schema":{"@context":"https:\/\/schema.org","@graph":[{"@type":"WebPage","@id":"https:\/\/www.lesaffre.pl\/en\/produkty\/mieszanki-i-dodatki-cukiernicze\/mieszanki-cukiernicze\/jogo-de-luxe\/","url":"https:\/\/www.lesaffre.pl\/en\/produkty\/mieszanki-i-dodatki-cukiernicze\/mieszanki-cukiernicze\/jogo-de-luxe\/","name":"Jogo de Luxe - Lesaffre Poland","isPartOf":{"@id":"https:\/\/www.lesaffre.pl\/#website"},"primaryImageOfPage":{"@id":"https:\/\/www.lesaffre.pl\/en\/produkty\/mieszanki-i-dodatki-cukiernicze\/mieszanki-cukiernicze\/jogo-de-luxe\/#primaryimage"},"image":{"@id":"https:\/\/www.lesaffre.pl\/en\/produkty\/mieszanki-i-dodatki-cukiernicze\/mieszanki-cukiernicze\/jogo-de-luxe\/#primaryimage"},"thumbnailUrl":"https:\/\/www.lesaffre.pl\/wp-content\/uploads\/sites\/29\/2025\/09\/2-12.png","datePublished":"2025-09-16T13:43:26+00:00","dateModified":"2026-02-05T12:22:19+00:00","breadcrumb":{"@id":"https:\/\/www.lesaffre.pl\/en\/produkty\/mieszanki-i-dodatki-cukiernicze\/mieszanki-cukiernicze\/jogo-de-luxe\/#breadcrumb"},"inLanguage":"en-US","potentialAction":[{"@type":"ReadAction","target":["https:\/\/www.lesaffre.pl\/en\/produkty\/mieszanki-i-dodatki-cukiernicze\/mieszanki-cukiernicze\/jogo-de-luxe\/"]}]},{"@type":"ImageObject","inLanguage":"en-US","@id":"https:\/\/www.lesaffre.pl\/en\/produkty\/mieszanki-i-dodatki-cukiernicze\/mieszanki-cukiernicze\/jogo-de-luxe\/#primaryimage","url":"https:\/\/www.lesaffre.pl\/wp-content\/uploads\/sites\/29\/2025\/09\/2-12.png","contentUrl":"https:\/\/www.lesaffre.pl\/wp-content\/uploads\/sites\/29\/2025\/09\/2-12.png","width":940,"height":788},{"@type":"BreadcrumbList","@id":"https:\/\/www.lesaffre.pl\/en\/produkty\/mieszanki-i-dodatki-cukiernicze\/mieszanki-cukiernicze\/jogo-de-luxe\/#breadcrumb","itemListElement":[{"@type":"ListItem","position":1,"name":"Home","item":"https:\/\/www.lesaffre.pl\/"},{"@type":"ListItem","position":2,"name":"Boutique","item":"https:\/\/www.lesaffre.pl\/en\/boutique\/"},{"@type":"ListItem","position":3,"name":"Jogo de Luxe"}]},{"@type":"WebSite","@id":"https:\/\/www.lesaffre.pl\/#website","url":"https:\/\/www.lesaffre.pl\/","name":"Lesaffre Poland","description":"","publisher":{"@id":"https:\/\/www.lesaffre.pl\/#organization"},"potentialAction":[{"@type":"SearchAction","target":{"@type":"EntryPoint","urlTemplate":"https:\/\/www.lesaffre.pl\/?s={search_term_string}"},"query-input":{"@type":"PropertyValueSpecification","valueRequired":true,"valueName":"search_term_string"}}],"inLanguage":"en-US"},{"@type":"Organization","@id":"https:\/\/www.lesaffre.pl\/#organization","name":"Lesaffre Poland","url":"https:\/\/www.lesaffre.pl\/","logo":{"@type":"ImageObject","inLanguage":"en-US","@id":"https:\/\/www.lesaffre.pl\/#\/schema\/logo\/image\/","url":"https:\/\/www.lesaffre.pl\/wp-content\/uploads\/sites\/29\/2022\/03\/logo.svg","contentUrl":"https:\/\/www.lesaffre.pl\/wp-content\/uploads\/sites\/29\/2022\/03\/logo.svg","width":97,"height":98,"caption":"Lesaffre Poland"},"image":{"@id":"https:\/\/www.lesaffre.pl\/#\/schema\/logo\/image\/"}}]}},"_links":{"self":[{"href":"https:\/\/www.lesaffre.pl\/en\/wp-json\/wp\/v2\/product\/8560","targetHints":{"allow":["GET"]}}],"collection":[{"href":"https:\/\/www.lesaffre.pl\/en\/wp-json\/wp\/v2\/product"}],"about":[{"href":"https:\/\/www.lesaffre.pl\/en\/wp-json\/wp\/v2\/types\/product"}],"replies":[{"embeddable":true,"href":"https:\/\/www.lesaffre.pl\/en\/wp-json\/wp\/v2\/comments?post=8560"}],"version-history":[{"count":1,"href":"https:\/\/www.lesaffre.pl\/en\/wp-json\/wp\/v2\/product\/8560\/revisions"}],"predecessor-version":[{"id":9113,"href":"https:\/\/www.lesaffre.pl\/en\/wp-json\/wp\/v2\/product\/8560\/revisions\/9113"}],"wp:featuredmedia":[{"embeddable":true,"href":"https:\/\/www.lesaffre.pl\/en\/wp-json\/wp\/v2\/media\/7141"}],"wp:attachment":[{"href":"https:\/\/www.lesaffre.pl\/en\/wp-json\/wp\/v2\/media?parent=8560"}],"wp:term":[{"taxonomy":"product_brand","embeddable":true,"href":"https:\/\/www.lesaffre.pl\/en\/wp-json\/wp\/v2\/product_brand?post=8560"},{"taxonomy":"product_cat","embeddable":true,"href":"https:\/\/www.lesaffre.pl\/en\/wp-json\/wp\/v2\/product_cat?post=8560"},{"taxonomy":"product_tag","embeddable":true,"href":"https:\/\/www.lesaffre.pl\/en\/wp-json\/wp\/v2\/product_tag?post=8560"}],"curies":[{"name":"wp","href":"https:\/\/api.w.org\/{rel}","templated":true}]}}