{"id":8569,"date":"2025-09-12T15:11:07","date_gmt":"2025-09-12T13:11:07","guid":{"rendered":"https:\/\/www.lesaffre.pl\/produkty\/uncategorized\/kastalia-premium\/"},"modified":"2026-02-06T12:13:30","modified_gmt":"2026-02-06T11:13:30","slug":"kastalia-premium","status":"publish","type":"product","link":"https:\/\/www.lesaffre.pl\/en\/produkty\/drozdze\/drozdze-plynne\/kastalia-premium\/","title":{"rendered":"Kastalia Premium"},"content":{"rendered":"<h2>Now even better! Quality, stability and efficiency<\/h2>\n<p>Lesaffre created Kastalie Premium in response to the needs of craft bakers.<\/p>\n<p>Kastalia Premium is an innovative system for cooling and distributing liquid yeast.<\/p>\n<p>The system facilitates the preparation of baked goods and optimizes the production process, while maintaining a high level of hygiene and safety in the use of yeast.<\/p>\n","protected":false},"excerpt":{"rendered":"<h2><strong>The Kastalia system includes:<\/strong><\/h2>\n<ul>\n<li>Refrigerators with electronic temperature control<\/li>\n<li>Single or dual-chamber refrigerator provides optimal storage conditions for yeast<\/li>\n<li>Yeast dosing system<\/li>\n<li>The system guarantees hygienic use and precise dosing of the raw material<\/li>\n<li>Liquid yeast in Bag in Box packaging<\/li>\n<li>Kastalia yeast &#8211; stable, highest quality yeast produced at the Wo\u0142czyn factory<\/li>\n<li>Additional equipment &#8211; measuring cup, hanging system<\/li>\n<\/ul>\n<p>&nbsp;<\/p>\n<p>Miarka u\u0142atwiaj\u0105ca odmierzanie potrzebnej ilo\u015bci dro\u017cd\u017cy oraz ich dozowanie w procesie produkcji. System do zawieszenia jest opcj\u0105 dla tych klient\u00f3w, kt\u00f3rzy preferuj\u0105 takie rozwi\u0105zanie dla usytuowania Kastalii w swoim zak\u0142adzie.<\/p>\n","protected":false},"featured_media":7661,"comment_status":"closed","ping_status":"closed","template":"","meta":{"_acf_changed":false,"inline_featured_image":false},"product_brand":[],"product_cat":[100,102],"product_tag":[],"class_list":{"0":"post-8569","1":"product","2":"type-product","3":"status-publish","4":"has-post-thumbnail","6":"product_cat-drozdze","7":"product_cat-drozdze-plynne","9":"first","10":"instock","11":"shipping-taxable","12":"product-type-simple"},"acf":[],"yoast_head":"<!-- This site is optimized with the Yoast SEO plugin v27.3 - https:\/\/yoast.com\/product\/yoast-seo-wordpress\/ -->\n<title>Kastalia Premium - Lesaffre Poland<\/title>\n<meta name=\"robots\" content=\"index, follow, max-snippet:-1, max-image-preview:large, max-video-preview:-1\" \/>\n<link rel=\"canonical\" href=\"https:\/\/www.lesaffre.pl\/en\/produkty\/drozdze\/drozdze-plynne\/kastalia-premium\/\" \/>\n<meta property=\"og:locale\" content=\"en_US\" \/>\n<meta property=\"og:type\" content=\"article\" \/>\n<meta property=\"og:title\" content=\"Kastalia Premium - Lesaffre Poland\" \/>\n<meta property=\"og:description\" content=\"The Kastalia system includes:   Refrigerators with electronic temperature control  Single or dual-chamber refrigerator provides optimal storage conditions for yeast  Yeast dosing system  The system guarantees hygienic use and precise dosing of the raw material  Liquid yeast in Bag in Box packaging  Kastalia yeast - stable, highest quality yeast produced at the Wo\u0142czyn factory  Additional equipment - measuring cup, hanging system  &nbsp;  Miarka u\u0142atwiaj\u0105ca odmierzanie potrzebnej ilo\u015bci dro\u017cd\u017cy oraz ich dozowanie w procesie produkcji. System do zawieszenia jest opcj\u0105 dla tych klient\u00f3w, kt\u00f3rzy preferuj\u0105 takie rozwi\u0105zanie dla usytuowania Kastalii w swoim zak\u0142adzie.\" \/>\n<meta property=\"og:url\" content=\"https:\/\/www.lesaffre.pl\/en\/produkty\/drozdze\/drozdze-plynne\/kastalia-premium\/\" \/>\n<meta property=\"og:site_name\" content=\"Lesaffre Poland\" \/>\n<meta property=\"article:modified_time\" content=\"2026-02-06T11:13:30+00:00\" \/>\n<meta property=\"og:image\" content=\"https:\/\/www.lesaffre.pl\/wp-content\/uploads\/sites\/29\/2025\/09\/kastalia.png\" \/>\n\t<meta property=\"og:image:width\" content=\"1920\" \/>\n\t<meta property=\"og:image:height\" content=\"1280\" \/>\n\t<meta property=\"og:image:type\" content=\"image\/png\" \/>\n<meta name=\"twitter:card\" content=\"summary_large_image\" \/>\n<script type=\"application\/ld+json\" class=\"yoast-schema-graph\">{\"@context\":\"https:\\\/\\\/schema.org\",\"@graph\":[{\"@type\":\"WebPage\",\"@id\":\"https:\\\/\\\/www.lesaffre.pl\\\/en\\\/produkty\\\/drozdze\\\/drozdze-plynne\\\/kastalia-premium\\\/\",\"url\":\"https:\\\/\\\/www.lesaffre.pl\\\/en\\\/produkty\\\/drozdze\\\/drozdze-plynne\\\/kastalia-premium\\\/\",\"name\":\"Kastalia Premium - Lesaffre Poland\",\"isPartOf\":{\"@id\":\"https:\\\/\\\/www.lesaffre.pl\\\/#website\"},\"primaryImageOfPage\":{\"@id\":\"https:\\\/\\\/www.lesaffre.pl\\\/en\\\/produkty\\\/drozdze\\\/drozdze-plynne\\\/kastalia-premium\\\/#primaryimage\"},\"image\":{\"@id\":\"https:\\\/\\\/www.lesaffre.pl\\\/en\\\/produkty\\\/drozdze\\\/drozdze-plynne\\\/kastalia-premium\\\/#primaryimage\"},\"thumbnailUrl\":\"https:\\\/\\\/www.lesaffre.pl\\\/wp-content\\\/uploads\\\/sites\\\/29\\\/2025\\\/09\\\/kastalia.png\",\"datePublished\":\"2025-09-12T13:11:07+00:00\",\"dateModified\":\"2026-02-06T11:13:30+00:00\",\"breadcrumb\":{\"@id\":\"https:\\\/\\\/www.lesaffre.pl\\\/en\\\/produkty\\\/drozdze\\\/drozdze-plynne\\\/kastalia-premium\\\/#breadcrumb\"},\"inLanguage\":\"en-US\",\"potentialAction\":[{\"@type\":\"ReadAction\",\"target\":[\"https:\\\/\\\/www.lesaffre.pl\\\/en\\\/produkty\\\/drozdze\\\/drozdze-plynne\\\/kastalia-premium\\\/\"]}]},{\"@type\":\"ImageObject\",\"inLanguage\":\"en-US\",\"@id\":\"https:\\\/\\\/www.lesaffre.pl\\\/en\\\/produkty\\\/drozdze\\\/drozdze-plynne\\\/kastalia-premium\\\/#primaryimage\",\"url\":\"https:\\\/\\\/www.lesaffre.pl\\\/wp-content\\\/uploads\\\/sites\\\/29\\\/2025\\\/09\\\/kastalia.png\",\"contentUrl\":\"https:\\\/\\\/www.lesaffre.pl\\\/wp-content\\\/uploads\\\/sites\\\/29\\\/2025\\\/09\\\/kastalia.png\",\"width\":1920,\"height\":1280},{\"@type\":\"BreadcrumbList\",\"@id\":\"https:\\\/\\\/www.lesaffre.pl\\\/en\\\/produkty\\\/drozdze\\\/drozdze-plynne\\\/kastalia-premium\\\/#breadcrumb\",\"itemListElement\":[{\"@type\":\"ListItem\",\"position\":1,\"name\":\"Home\",\"item\":\"https:\\\/\\\/www.lesaffre.pl\\\/\"},{\"@type\":\"ListItem\",\"position\":2,\"name\":\"Boutique\",\"item\":\"https:\\\/\\\/www.lesaffre.pl\\\/en\\\/boutique\\\/\"},{\"@type\":\"ListItem\",\"position\":3,\"name\":\"Kastalia Premium\"}]},{\"@type\":\"WebSite\",\"@id\":\"https:\\\/\\\/www.lesaffre.pl\\\/#website\",\"url\":\"https:\\\/\\\/www.lesaffre.pl\\\/\",\"name\":\"Lesaffre Poland\",\"description\":\"\",\"publisher\":{\"@id\":\"https:\\\/\\\/www.lesaffre.pl\\\/#organization\"},\"potentialAction\":[{\"@type\":\"SearchAction\",\"target\":{\"@type\":\"EntryPoint\",\"urlTemplate\":\"https:\\\/\\\/www.lesaffre.pl\\\/?s={search_term_string}\"},\"query-input\":{\"@type\":\"PropertyValueSpecification\",\"valueRequired\":true,\"valueName\":\"search_term_string\"}}],\"inLanguage\":\"en-US\"},{\"@type\":\"Organization\",\"@id\":\"https:\\\/\\\/www.lesaffre.pl\\\/#organization\",\"name\":\"Lesaffre Poland\",\"url\":\"https:\\\/\\\/www.lesaffre.pl\\\/\",\"logo\":{\"@type\":\"ImageObject\",\"inLanguage\":\"en-US\",\"@id\":\"https:\\\/\\\/www.lesaffre.pl\\\/#\\\/schema\\\/logo\\\/image\\\/\",\"url\":\"https:\\\/\\\/www.lesaffre.pl\\\/wp-content\\\/uploads\\\/sites\\\/29\\\/2022\\\/03\\\/logo.svg\",\"contentUrl\":\"https:\\\/\\\/www.lesaffre.pl\\\/wp-content\\\/uploads\\\/sites\\\/29\\\/2022\\\/03\\\/logo.svg\",\"width\":97,\"height\":98,\"caption\":\"Lesaffre Poland\"},\"image\":{\"@id\":\"https:\\\/\\\/www.lesaffre.pl\\\/#\\\/schema\\\/logo\\\/image\\\/\"}}]}<\/script>\n<!-- \/ Yoast SEO plugin. -->","yoast_head_json":{"title":"Kastalia Premium - Lesaffre Poland","robots":{"index":"index","follow":"follow","max-snippet":"max-snippet:-1","max-image-preview":"max-image-preview:large","max-video-preview":"max-video-preview:-1"},"canonical":"https:\/\/www.lesaffre.pl\/en\/produkty\/drozdze\/drozdze-plynne\/kastalia-premium\/","og_locale":"en_US","og_type":"article","og_title":"Kastalia Premium - Lesaffre Poland","og_description":"The Kastalia system includes:   Refrigerators with electronic temperature control  Single or dual-chamber refrigerator provides optimal storage conditions for yeast  Yeast dosing system  The system guarantees hygienic use and precise dosing of the raw material  Liquid yeast in Bag in Box packaging  Kastalia yeast - stable, highest quality yeast produced at the Wo\u0142czyn factory  Additional equipment - measuring cup, hanging system  &nbsp;  Miarka u\u0142atwiaj\u0105ca odmierzanie potrzebnej ilo\u015bci dro\u017cd\u017cy oraz ich dozowanie w procesie produkcji. System do zawieszenia jest opcj\u0105 dla tych klient\u00f3w, kt\u00f3rzy preferuj\u0105 takie rozwi\u0105zanie dla usytuowania Kastalii w swoim zak\u0142adzie.","og_url":"https:\/\/www.lesaffre.pl\/en\/produkty\/drozdze\/drozdze-plynne\/kastalia-premium\/","og_site_name":"Lesaffre Poland","article_modified_time":"2026-02-06T11:13:30+00:00","og_image":[{"width":1920,"height":1280,"url":"https:\/\/www.lesaffre.pl\/wp-content\/uploads\/sites\/29\/2025\/09\/kastalia.png","type":"image\/png"}],"twitter_card":"summary_large_image","schema":{"@context":"https:\/\/schema.org","@graph":[{"@type":"WebPage","@id":"https:\/\/www.lesaffre.pl\/en\/produkty\/drozdze\/drozdze-plynne\/kastalia-premium\/","url":"https:\/\/www.lesaffre.pl\/en\/produkty\/drozdze\/drozdze-plynne\/kastalia-premium\/","name":"Kastalia Premium - Lesaffre Poland","isPartOf":{"@id":"https:\/\/www.lesaffre.pl\/#website"},"primaryImageOfPage":{"@id":"https:\/\/www.lesaffre.pl\/en\/produkty\/drozdze\/drozdze-plynne\/kastalia-premium\/#primaryimage"},"image":{"@id":"https:\/\/www.lesaffre.pl\/en\/produkty\/drozdze\/drozdze-plynne\/kastalia-premium\/#primaryimage"},"thumbnailUrl":"https:\/\/www.lesaffre.pl\/wp-content\/uploads\/sites\/29\/2025\/09\/kastalia.png","datePublished":"2025-09-12T13:11:07+00:00","dateModified":"2026-02-06T11:13:30+00:00","breadcrumb":{"@id":"https:\/\/www.lesaffre.pl\/en\/produkty\/drozdze\/drozdze-plynne\/kastalia-premium\/#breadcrumb"},"inLanguage":"en-US","potentialAction":[{"@type":"ReadAction","target":["https:\/\/www.lesaffre.pl\/en\/produkty\/drozdze\/drozdze-plynne\/kastalia-premium\/"]}]},{"@type":"ImageObject","inLanguage":"en-US","@id":"https:\/\/www.lesaffre.pl\/en\/produkty\/drozdze\/drozdze-plynne\/kastalia-premium\/#primaryimage","url":"https:\/\/www.lesaffre.pl\/wp-content\/uploads\/sites\/29\/2025\/09\/kastalia.png","contentUrl":"https:\/\/www.lesaffre.pl\/wp-content\/uploads\/sites\/29\/2025\/09\/kastalia.png","width":1920,"height":1280},{"@type":"BreadcrumbList","@id":"https:\/\/www.lesaffre.pl\/en\/produkty\/drozdze\/drozdze-plynne\/kastalia-premium\/#breadcrumb","itemListElement":[{"@type":"ListItem","position":1,"name":"Home","item":"https:\/\/www.lesaffre.pl\/"},{"@type":"ListItem","position":2,"name":"Boutique","item":"https:\/\/www.lesaffre.pl\/en\/boutique\/"},{"@type":"ListItem","position":3,"name":"Kastalia Premium"}]},{"@type":"WebSite","@id":"https:\/\/www.lesaffre.pl\/#website","url":"https:\/\/www.lesaffre.pl\/","name":"Lesaffre Poland","description":"","publisher":{"@id":"https:\/\/www.lesaffre.pl\/#organization"},"potentialAction":[{"@type":"SearchAction","target":{"@type":"EntryPoint","urlTemplate":"https:\/\/www.lesaffre.pl\/?s={search_term_string}"},"query-input":{"@type":"PropertyValueSpecification","valueRequired":true,"valueName":"search_term_string"}}],"inLanguage":"en-US"},{"@type":"Organization","@id":"https:\/\/www.lesaffre.pl\/#organization","name":"Lesaffre Poland","url":"https:\/\/www.lesaffre.pl\/","logo":{"@type":"ImageObject","inLanguage":"en-US","@id":"https:\/\/www.lesaffre.pl\/#\/schema\/logo\/image\/","url":"https:\/\/www.lesaffre.pl\/wp-content\/uploads\/sites\/29\/2022\/03\/logo.svg","contentUrl":"https:\/\/www.lesaffre.pl\/wp-content\/uploads\/sites\/29\/2022\/03\/logo.svg","width":97,"height":98,"caption":"Lesaffre Poland"},"image":{"@id":"https:\/\/www.lesaffre.pl\/#\/schema\/logo\/image\/"}}]}},"_links":{"self":[{"href":"https:\/\/www.lesaffre.pl\/en\/wp-json\/wp\/v2\/product\/8569","targetHints":{"allow":["GET"]}}],"collection":[{"href":"https:\/\/www.lesaffre.pl\/en\/wp-json\/wp\/v2\/product"}],"about":[{"href":"https:\/\/www.lesaffre.pl\/en\/wp-json\/wp\/v2\/types\/product"}],"replies":[{"embeddable":true,"href":"https:\/\/www.lesaffre.pl\/en\/wp-json\/wp\/v2\/comments?post=8569"}],"version-history":[{"count":1,"href":"https:\/\/www.lesaffre.pl\/en\/wp-json\/wp\/v2\/product\/8569\/revisions"}],"predecessor-version":[{"id":9197,"href":"https:\/\/www.lesaffre.pl\/en\/wp-json\/wp\/v2\/product\/8569\/revisions\/9197"}],"wp:featuredmedia":[{"embeddable":true,"href":"https:\/\/www.lesaffre.pl\/en\/wp-json\/wp\/v2\/media\/7661"}],"wp:attachment":[{"href":"https:\/\/www.lesaffre.pl\/en\/wp-json\/wp\/v2\/media?parent=8569"}],"wp:term":[{"taxonomy":"product_brand","embeddable":true,"href":"https:\/\/www.lesaffre.pl\/en\/wp-json\/wp\/v2\/product_brand?post=8569"},{"taxonomy":"product_cat","embeddable":true,"href":"https:\/\/www.lesaffre.pl\/en\/wp-json\/wp\/v2\/product_cat?post=8569"},{"taxonomy":"product_tag","embeddable":true,"href":"https:\/\/www.lesaffre.pl\/en\/wp-json\/wp\/v2\/product_tag?post=8569"}],"curies":[{"name":"wp","href":"https:\/\/api.w.org\/{rel}","templated":true}]}}